{"id":12707,"date":"2018-04-30T14:19:05","date_gmt":"2018-04-30T13:19:05","guid":{"rendered":"https:\/\/trialinternational.org\/?page_id=12707"},"modified":"2018-05-16T18:37:07","modified_gmt":"2018-05-16T17:37:07","slug":"evenements","status":"publish","type":"page","link":"https:\/\/trialinternational.org\/fr\/evenements\/","title":{"rendered":"\u00c9v\u00e9nement"},"content":{"rendered":"<h2>VIOLENCES SEXUELLES EN TEMPS DE CONFLIT &#8211; RENFORCER LA LUTTE CONTRE L\u2019IMPUNIT\u00c9<\/h2>\n<h2><strong>Table-ronde et ateliers de travail, Gen\u00e8ve, les 18 et 19 juin 2018<\/strong><\/h2>\n<p>&nbsp;<\/p>\n<p><strong>\u00c0 l\u2019occasion de la Journ\u00e9e internationale pour l&rsquo;\u00e9limination de la violence sexuelle en temps de conflit et dans le cadre du\u00a015e anniversaire de l\u2019organisation,\u00a0TRIAL International organise une manifestation sur deux jours destin\u00e9e \u00e0 renforcer la lutte contre l&rsquo;impunit\u00e9 pour ces crimes.<\/strong><\/p>\n<p>Une<a href=\"https:\/\/trialinternational.org\/fr\/table-ronde-lundi-18-juin-2018-1815\" target=\"_blank\" rel=\"noopener\"> table-ronde<\/a>\u00a0compos\u00e9e d&rsquo;expert-e-s internationaux <strong>ouverte au public<\/strong>, donnera le coup d\u2019envoi \u00e0 cette manifestation le 18 juin \u00e0 18h15, au Palais de l\u2019Ath\u00e9n\u00e9e. Le 19 juin, <a href=\"https:\/\/trialinternational.org\/fr\/ateliers-de-travail-mardi-19-juin-2018\" target=\"_blank\" rel=\"noopener\">des ateliers de travail <\/a>\u00a0\u00e0 destination de la soci\u00e9t\u00e9 civile, et dont l&rsquo;objectif est le renforcement de la collaboration entre acteurs non \u00e9tatiques dans le soutien aux victimes de violences sexuelles en temps de conflit, seront organis\u00e9s. Parmi les partenaires de TRIAL International, des organisations telles que\u00a0<strong>Physicians for Human Rights<\/strong>, <strong>REDRESS<\/strong>, <strong>eyeWitness<\/strong>, <strong>We are not Weapons of War<\/strong>, t<strong>he Institute for International Criminal Investigations<\/strong> ainsi que la <strong>Section suisse d\u2019Amnesty International<\/strong> prendront part aux ateliers.<\/p>\n<p>&nbsp;<\/p>\n<h2>Contexte<\/h2>\n<p>Si des progr\u00e8s ont \u00e9t\u00e9 r\u00e9alis\u00e9s au cours des derni\u00e8res ann\u00e9es, l\u2019efficacit\u00e9 des poursuites contre les auteurs de violences sexuelles peut et doit \u00eatre renforc\u00e9e. Qu\u2019il s\u2019agisse de documenter les crimes, de mener des enqu\u00eates, d\u2019\u00e9tablir des strat\u00e9gies judiciaires, de former les avocats ou les magistrats, ou d\u2019assurer la s\u00e9curit\u00e9 des victimes et des t\u00e9moins, une meilleure coordination entre tous les acteurs s\u2019impose.<\/p>\n<p>La victoire sans pr\u00e9c\u00e9dant du <a href=\"http:\/\/www.rts.ch\/info\/monde\/9116040-un-village-congolais-en-quete-de-justice-pour-ses-fillettes-violees.html\" target=\"_blank\" rel=\"noopener\">proc\u00e8s Kavumu en RDC<\/a>\u00a0a \u00e9t\u00e9 obtenue gr\u00e2ce \u00e0 la mise en commun des comp\u00e9tences entre TRIAL International et d&rsquo;autres organisations telles que Physician for Human Rights.<\/p>\n<p>Fort de cette exp\u00e9rience, TRIAL International souhaite contribuer \u00e0 renforcer la collaboration entre les acteurs de la soci\u00e9t\u00e9 civile: les mobiliser autour du d\u00e9veloppement d\u2019outils favorisant une lutte plus efficace contre l\u2019impunit\u00e9 li\u00e9 aux violences sexuelles en temps de conflit.<\/p>\n<p>&nbsp;<\/p>\n<h2>Soutien<\/h2>\n<p>La manifestation est entre autres soutenue par le D\u00e9partement f\u00e9d\u00e9ral des affaires \u00e9trang\u00e8res, la Ville de Gen\u00e8ve, la Cottier Donz\u00e9 Foundation, la Fondation Barbour, l\u2019Ordre des avocats de Gen\u00e8ve, une fondation priv\u00e9e genevoise et l\u2019Etude LALIVE.<\/p>\n<p>Afin de rendre cette manifestation possible, <strong>nous avons encore besoin de votre soutien<\/strong>. Aidez-nous \u00e0 donner la parole aux victimes de violences sexuelles et \u00e0 renforcer concr\u00e8tement la lutte contre l\u2019impunit\u00e9.<\/p>\n<p>&nbsp;<\/p>\n<h2 style=\"text-align: center\">POUR VOS DONS<\/h2>\n<h2 style=\"text-align: center\">CCP: 17-162954-3<br \/>\nIBAN: CH85 0900 0000 1716 2954 3<br \/>\nMention: Trial@15<\/h2>\n<p>&nbsp;<\/p>\n<p>Pour toute information, contactez-nous \u00e0 <strong>s.jeker@trialinternational.org<\/strong><br \/>\nou par t\u00e9l\u00e9phone au <strong>+41 22 321 61 10<\/strong>.<\/p>\n<p>&nbsp;<\/p>\n<h2>Partenaire de l&rsquo;\u00e9v\u00e9nement<\/h2>\n<p>Fondation Hirondelle<\/p>\n<p>&nbsp;<\/p>\n<p>&nbsp;<\/p>\n","protected":false},"excerpt":{"rendered":"<p>VIOLENCES SEXUELLES EN TEMPS DE CONFLIT &#8211; RENFORCER LA LUTTE CONTRE L\u2019IMPUNIT\u00c9 Table-ronde et ateliers de travail, Gen\u00e8ve, les 18 et 19 juin 2018 &nbsp; \u00c0 l\u2019occasion de la Journ\u00e9e internationale pour l&rsquo;\u00e9limination de la violence sexuelle en temps de conflit et dans le cadre du\u00a015e anniversaire de l\u2019organisation,\u00a0TRIAL International organise une manifestation sur deux [&hellip;]<\/p>\n","protected":false},"author":31,"featured_media":0,"parent":0,"menu_order":1,"comment_status":"closed","ping_status":"closed","template":"","meta":{"_acf_changed":false,"footnotes":""},"class_list":["post-12707","page","type-page","status-publish","hentry"],"acf":[],"featured_image_src":null,"yoast_head":"<!-- This site is optimized with the Yoast SEO plugin v26.9 - https:\/\/yoast.com\/product\/yoast-seo-wordpress\/ -->\n<title>\u00c9v\u00e9nement - TRIAL International<\/title>\n<meta name=\"robots\" content=\"index, follow, max-snippet:-1, max-image-preview:large, max-video-preview:-1\" \/>\n<link rel=\"canonical\" href=\"https:\/\/trialinternational.org\/fr\/evenements\/\" \/>\n<meta property=\"og:locale\" content=\"fr_FR\" \/>\n<meta property=\"og:type\" content=\"article\" \/>\n<meta property=\"og:title\" content=\"\u00c9v\u00e9nement - TRIAL International\" \/>\n<meta property=\"og:description\" content=\"VIOLENCES SEXUELLES EN TEMPS DE CONFLIT &#8211; RENFORCER LA LUTTE CONTRE L\u2019IMPUNIT\u00c9 Table-ronde et ateliers de travail, Gen\u00e8ve, les 18 et 19 juin 2018 &nbsp; \u00c0 l\u2019occasion de la Journ\u00e9e internationale pour l&rsquo;\u00e9limination de la violence sexuelle en temps de conflit et dans le cadre du\u00a015e anniversaire de l\u2019organisation,\u00a0TRIAL International organise une manifestation sur deux [&hellip;]\" \/>\n<meta property=\"og:url\" content=\"https:\/\/trialinternational.org\/fr\/evenements\/\" \/>\n<meta property=\"og:site_name\" content=\"TRIAL International\" \/>\n<meta property=\"article:publisher\" content=\"https:\/\/www.facebook.com\/trial.org\" \/>\n<meta property=\"article:modified_time\" content=\"2018-05-16T17:37:07+00:00\" \/>\n<meta name=\"twitter:card\" content=\"summary_large_image\" \/>\n<meta name=\"twitter:site\" content=\"@Trial\" \/>\n<meta name=\"twitter:label1\" content=\"Dur\u00e9e de lecture estim\u00e9e\" \/>\n\t<meta name=\"twitter:data1\" content=\"2 minutes\" \/>\n<script type=\"application\/ld+json\" class=\"yoast-schema-graph\">{\"@context\":\"https:\/\/schema.org\",\"@graph\":[{\"@type\":\"WebPage\",\"@id\":\"https:\/\/trialinternational.org\/fr\/evenements\/\",\"url\":\"https:\/\/trialinternational.org\/fr\/evenements\/\",\"name\":\"\u00c9v\u00e9nement - TRIAL International\",\"isPartOf\":{\"@id\":\"https:\/\/trialinternational.org\/#website\"},\"datePublished\":\"2018-04-30T13:19:05+00:00\",\"dateModified\":\"2018-05-16T17:37:07+00:00\",\"breadcrumb\":{\"@id\":\"https:\/\/trialinternational.org\/fr\/evenements\/#breadcrumb\"},\"inLanguage\":\"fr-FR\",\"potentialAction\":[{\"@type\":\"ReadAction\",\"target\":[\"https:\/\/trialinternational.org\/fr\/evenements\/\"]}]},{\"@type\":\"BreadcrumbList\",\"@id\":\"https:\/\/trialinternational.org\/fr\/evenements\/#breadcrumb\",\"itemListElement\":[{\"@type\":\"ListItem\",\"position\":1,\"name\":\"Home\",\"item\":\"https:\/\/trialinternational.org\/fr\/\"},{\"@type\":\"ListItem\",\"position\":2,\"name\":\"\u00c9v\u00e9nement\"}]},{\"@type\":\"WebSite\",\"@id\":\"https:\/\/trialinternational.org\/#website\",\"url\":\"https:\/\/trialinternational.org\/\",\"name\":\"TRIAL International\",\"description\":\"Une voie vers la justice\",\"potentialAction\":[{\"@type\":\"SearchAction\",\"target\":{\"@type\":\"EntryPoint\",\"urlTemplate\":\"https:\/\/trialinternational.org\/?s={search_term_string}\"},\"query-input\":{\"@type\":\"PropertyValueSpecification\",\"valueRequired\":true,\"valueName\":\"search_term_string\"}}],\"inLanguage\":\"fr-FR\"}]}<\/script>\n<!-- \/ Yoast SEO plugin. -->","yoast_head_json":{"title":"\u00c9v\u00e9nement - TRIAL International","robots":{"index":"index","follow":"follow","max-snippet":"max-snippet:-1","max-image-preview":"max-image-preview:large","max-video-preview":"max-video-preview:-1"},"canonical":"https:\/\/trialinternational.org\/fr\/evenements\/","og_locale":"fr_FR","og_type":"article","og_title":"\u00c9v\u00e9nement - TRIAL International","og_description":"VIOLENCES SEXUELLES EN TEMPS DE CONFLIT &#8211; RENFORCER LA LUTTE CONTRE L\u2019IMPUNIT\u00c9 Table-ronde et ateliers de travail, Gen\u00e8ve, les 18 et 19 juin 2018 &nbsp; \u00c0 l\u2019occasion de la Journ\u00e9e internationale pour l&rsquo;\u00e9limination de la violence sexuelle en temps de conflit et dans le cadre du\u00a015e anniversaire de l\u2019organisation,\u00a0TRIAL International organise une manifestation sur deux [&hellip;]","og_url":"https:\/\/trialinternational.org\/fr\/evenements\/","og_site_name":"TRIAL International","article_publisher":"https:\/\/www.facebook.com\/trial.org","article_modified_time":"2018-05-16T17:37:07+00:00","twitter_card":"summary_large_image","twitter_site":"@Trial","twitter_misc":{"Dur\u00e9e de lecture estim\u00e9e":"2 minutes"},"schema":{"@context":"https:\/\/schema.org","@graph":[{"@type":"WebPage","@id":"https:\/\/trialinternational.org\/fr\/evenements\/","url":"https:\/\/trialinternational.org\/fr\/evenements\/","name":"\u00c9v\u00e9nement - TRIAL International","isPartOf":{"@id":"https:\/\/trialinternational.org\/#website"},"datePublished":"2018-04-30T13:19:05+00:00","dateModified":"2018-05-16T17:37:07+00:00","breadcrumb":{"@id":"https:\/\/trialinternational.org\/fr\/evenements\/#breadcrumb"},"inLanguage":"fr-FR","potentialAction":[{"@type":"ReadAction","target":["https:\/\/trialinternational.org\/fr\/evenements\/"]}]},{"@type":"BreadcrumbList","@id":"https:\/\/trialinternational.org\/fr\/evenements\/#breadcrumb","itemListElement":[{"@type":"ListItem","position":1,"name":"Home","item":"https:\/\/trialinternational.org\/fr\/"},{"@type":"ListItem","position":2,"name":"\u00c9v\u00e9nement"}]},{"@type":"WebSite","@id":"https:\/\/trialinternational.org\/#website","url":"https:\/\/trialinternational.org\/","name":"TRIAL International","description":"Une voie vers la justice","potentialAction":[{"@type":"SearchAction","target":{"@type":"EntryPoint","urlTemplate":"https:\/\/trialinternational.org\/?s={search_term_string}"},"query-input":{"@type":"PropertyValueSpecification","valueRequired":true,"valueName":"search_term_string"}}],"inLanguage":"fr-FR"}]}},"_links":{"self":[{"href":"https:\/\/trialinternational.org\/fr\/wp-json\/wp\/v2\/pages\/12707","targetHints":{"allow":["GET"]}}],"collection":[{"href":"https:\/\/trialinternational.org\/fr\/wp-json\/wp\/v2\/pages"}],"about":[{"href":"https:\/\/trialinternational.org\/fr\/wp-json\/wp\/v2\/types\/page"}],"author":[{"embeddable":true,"href":"https:\/\/trialinternational.org\/fr\/wp-json\/wp\/v2\/users\/31"}],"replies":[{"embeddable":true,"href":"https:\/\/trialinternational.org\/fr\/wp-json\/wp\/v2\/comments?post=12707"}],"version-history":[{"count":0,"href":"https:\/\/trialinternational.org\/fr\/wp-json\/wp\/v2\/pages\/12707\/revisions"}],"wp:attachment":[{"href":"https:\/\/trialinternational.org\/fr\/wp-json\/wp\/v2\/media?parent=12707"}],"curies":[{"name":"wp","href":"https:\/\/api.w.org\/{rel}","templated":true}]}}