{"id":12830,"date":"2018-04-30T14:24:17","date_gmt":"2018-04-30T13:24:17","guid":{"rendered":"https:\/\/trialinternational.org\/?page_id=12830"},"modified":"2018-05-18T16:42:13","modified_gmt":"2018-05-18T15:42:13","slug":"table-ronde-lundi-18-juin-2018-1815","status":"publish","type":"page","link":"https:\/\/trialinternational.org\/fr\/table-ronde-lundi-18-juin-2018-1815\/","title":{"rendered":"18 juin | Table-ronde"},"content":{"rendered":"<p>&nbsp;<\/p>\n<h3 style=\"text-align: center\"><strong>\u00ab\u00a0VIOLENCES SEXUELLES EN TEMPS DE CONFLIT<\/strong><\/h3>\n<h3 style=\"text-align: center\"><strong>\u00a0RENFORCER LA LUTTE CONTRE L\u2019IMPUNIT\u00c9\u00a0\u00bb<\/strong><\/h3>\n<p>&nbsp;<\/p>\n<h3 style=\"text-align: center\">Lundi 18 juin 2018\u00a018:15 &#8211; 20:00<\/h3>\n<p style=\"text-align: center\">Palais de l\u2019Ath\u00e9n\u00e9e, Gen\u00e8ve<br \/>\nEntr\u00e9e libre<\/p>\n<h2><\/h2>\n<h3><strong><br \/>\nIntervenant-e-s\u00a0:<\/strong><\/h3>\n<p><strong>Kate Gilmore<br \/>\n<\/strong>Haut-Commissaire adjointe des Nations Unies aux droits de l\u2019homme<\/p>\n<p><strong>Valentin Zellweger<br \/>\n<\/strong>Ambassadeur, Repr\u00e9sentant permanent de la Suisse aupr\u00e8s de l\u2019Office des Nations Unies et des autres organisations internationales \u00e0 Gen\u00e8ve<\/p>\n<p>&nbsp;<\/p>\n<h3><strong> Table-ronde :<\/strong><\/h3>\n<p><strong>Manon Schick (mod\u00e9ratrice)<br \/>\n<\/strong>Directrice, Amnesty International Suisse<\/p>\n<p><strong>C\u00e9line Bardet<br \/>\n<\/strong>Pr\u00e9sidente et fondatrice de &lsquo;We are not Weapons of War&rsquo;, juriste internationale sp\u00e9cialis\u00e9e en crimes de guerre internationaux, justice et s\u00e9curit\u00e9<\/p>\n<p><strong>Ingrid Elliott<\/strong> <strong>MBE<br \/>\n<\/strong>Experte en Justice p\u00e9nale internationale et en violences sexuelles bas\u00e9es sur le genre,\u00a0UK Preventing Sexual Violence in Conflict Team of Experts<\/p>\n<p><strong>Maxine Marcus<br \/>\n<\/strong>Directrice de &lsquo;Transitional Justice Clinic&rsquo;<strong><br \/>\n<\/strong><\/p>\n<p><strong>Daniele Perissi<br \/>\n<\/strong>Conseiller juridique, Responsable programme RDC, TRIAL International<\/p>\n<p>&nbsp;<\/p>\n<p>&nbsp;<\/p>\n<h3>Avec un message sp\u00e9cial de :<\/h3>\n<p><strong>Dr. Denis Mukwege<br \/>\n<\/strong>Gyn\u00e9cologue<b> <\/b>et militant des droits humains<\/p>\n<p>&nbsp;<\/p>\n<p>Longtemps consid\u00e9r\u00e9es comme un dommage collat\u00e9ral des conflits arm\u00e9s, les violences sexuelles sont utilis\u00e9es comme une arme de guerre destin\u00e9e \u00e0 terroriser les populations et \u00e0 d\u00e9truire les liens communautaires. Commises par des acteurs divers, les violences sexuelles commises en temps de conflits sont indissociables des notions de pouvoir, de peur et de domination. Dans de nombreux pays, les auteurs de ces crimes jouissent d\u2019une impunit\u00e9 absolue: en d\u00e9cidant de ne pas poursuivre les individus responsables, les Etats renforcent l\u2019id\u00e9e selon laquelle cette forme de violence est non seulement in\u00e9vitable, mais surtout acceptable. En effet, malgr\u00e9 le renforcement du cadre juridique international, l\u2019impunit\u00e9 pour les crimes de violences sexuelles perdure et l\u2019acc\u00e8s \u00e0 la justice des victimes est encore faible.<\/p>\n<p>La n\u00e9cessit\u00e9 de combattre judiciairement ces actes est d\u00e9sormais reconnue comme \u00e9tant une priorit\u00e9, devant les tribunaux internationaux ou les instances locales. Dans le cadre de son 15<sup>\u00e8me<\/sup> anniversaire, TRIAL International organise une table-ronde publique sur le th\u00e8me du renforcement de l\u2019acc\u00e8s \u00e0 la justice pour les victimes de violences sexuelles. <strong>Le panel d\u2019experts rassembl\u00e9s pour l\u2019occasion partagera avec le public les progr\u00e8s concrets r\u00e9alis\u00e9s au cours des derni\u00e8res ann\u00e9es dans la lutte contre l\u2019impunit\u00e9 pour les crimes de violences sexuelles<\/strong>. Il mettra en exergue les voies d\u2019action qui s\u2019ouvrent progressivement.<\/p>\n<p>&nbsp;<\/p>\n<h2><\/h2>\n<h2>Soutien<\/h2>\n<p>La manifestation est entre autres soutenue par le D\u00e9partement f\u00e9d\u00e9ral des affaires \u00e9trang\u00e8res, la Ville de Gen\u00e8ve, la Cottier Donz\u00e9 Foundation, la Fondation Barbour, l\u2019Ordre des avocats de Gen\u00e8ve, une fondation priv\u00e9e genevoise et l\u2019Etude LALIVE.<\/p>\n<p>Afin de rendre cette manifestation possible, <strong>nous avons encore besoin de votre soutien<\/strong>. Aidez-nous \u00e0 donner la parole aux victimes de violences sexuelles et \u00e0 renforcer concr\u00e8tement la lutte contre l\u2019impunit\u00e9.<\/p>\n<p>&nbsp;<\/p>\n<h2 style=\"text-align: center\">POUR VOS DONS<\/h2>\n<h2 style=\"text-align: center\">CCP: 17-162954-3<br \/>\nIBAN: CH85 0900 0000 1716 2954 3<br \/>\nMention: Trial@15<\/h2>\n<p>&nbsp;<\/p>\n<p>Pour toute information, contactez-nous \u00e0 <strong>s.jeker@trialinternational.org<\/strong><br \/>\nou par t\u00e9l\u00e9phone au <strong>+41 22 321 61 10<\/strong>.<\/p>\n","protected":false},"excerpt":{"rendered":"<p>&nbsp; \u00ab\u00a0VIOLENCES SEXUELLES EN TEMPS DE CONFLIT \u00a0RENFORCER LA LUTTE CONTRE L\u2019IMPUNIT\u00c9\u00a0\u00bb &nbsp; Lundi 18 juin 2018\u00a018:15 &#8211; 20:00 Palais de l\u2019Ath\u00e9n\u00e9e, Gen\u00e8ve Entr\u00e9e libre Intervenant-e-s\u00a0: Kate Gilmore Haut-Commissaire adjointe des Nations Unies aux droits de l\u2019homme Valentin Zellweger Ambassadeur, Repr\u00e9sentant permanent de la Suisse aupr\u00e8s de l\u2019Office des Nations Unies et des autres organisations [&hellip;]<\/p>\n","protected":false},"author":31,"featured_media":0,"parent":0,"menu_order":0,"comment_status":"closed","ping_status":"closed","template":"","meta":{"_acf_changed":false,"footnotes":""},"class_list":["post-12830","page","type-page","status-publish","hentry"],"acf":[],"featured_image_src":null,"yoast_head":"<!-- This site is optimized with the Yoast SEO plugin v26.9 - https:\/\/yoast.com\/product\/yoast-seo-wordpress\/ -->\n<title>18 juin | Table-ronde - TRIAL International<\/title>\n<meta name=\"robots\" content=\"index, follow, max-snippet:-1, max-image-preview:large, max-video-preview:-1\" \/>\n<link rel=\"canonical\" href=\"https:\/\/trialinternational.org\/fr\/table-ronde-lundi-18-juin-2018-1815\/\" \/>\n<meta property=\"og:locale\" content=\"fr_FR\" \/>\n<meta property=\"og:type\" content=\"article\" \/>\n<meta property=\"og:title\" content=\"18 juin | Table-ronde - TRIAL International\" \/>\n<meta property=\"og:description\" content=\"&nbsp; \u00ab\u00a0VIOLENCES SEXUELLES EN TEMPS DE CONFLIT \u00a0RENFORCER LA LUTTE CONTRE L\u2019IMPUNIT\u00c9\u00a0\u00bb &nbsp; Lundi 18 juin 2018\u00a018:15 &#8211; 20:00 Palais de l\u2019Ath\u00e9n\u00e9e, Gen\u00e8ve Entr\u00e9e libre Intervenant-e-s\u00a0: Kate Gilmore Haut-Commissaire adjointe des Nations Unies aux droits de l\u2019homme Valentin Zellweger Ambassadeur, Repr\u00e9sentant permanent de la Suisse aupr\u00e8s de l\u2019Office des Nations Unies et des autres organisations [&hellip;]\" \/>\n<meta property=\"og:url\" content=\"https:\/\/trialinternational.org\/fr\/table-ronde-lundi-18-juin-2018-1815\/\" \/>\n<meta property=\"og:site_name\" content=\"TRIAL International\" \/>\n<meta property=\"article:publisher\" content=\"https:\/\/www.facebook.com\/trial.org\" \/>\n<meta property=\"article:modified_time\" content=\"2018-05-18T15:42:13+00:00\" \/>\n<meta name=\"twitter:card\" content=\"summary_large_image\" \/>\n<meta name=\"twitter:site\" content=\"@Trial\" \/>\n<meta name=\"twitter:label1\" content=\"Dur\u00e9e de lecture estim\u00e9e\" \/>\n\t<meta name=\"twitter:data1\" content=\"3 minutes\" \/>\n<script type=\"application\/ld+json\" class=\"yoast-schema-graph\">{\"@context\":\"https:\/\/schema.org\",\"@graph\":[{\"@type\":\"WebPage\",\"@id\":\"https:\/\/trialinternational.org\/fr\/table-ronde-lundi-18-juin-2018-1815\/\",\"url\":\"https:\/\/trialinternational.org\/fr\/table-ronde-lundi-18-juin-2018-1815\/\",\"name\":\"18 juin | Table-ronde - TRIAL International\",\"isPartOf\":{\"@id\":\"https:\/\/trialinternational.org\/#website\"},\"datePublished\":\"2018-04-30T13:24:17+00:00\",\"dateModified\":\"2018-05-18T15:42:13+00:00\",\"breadcrumb\":{\"@id\":\"https:\/\/trialinternational.org\/fr\/table-ronde-lundi-18-juin-2018-1815\/#breadcrumb\"},\"inLanguage\":\"fr-FR\",\"potentialAction\":[{\"@type\":\"ReadAction\",\"target\":[\"https:\/\/trialinternational.org\/fr\/table-ronde-lundi-18-juin-2018-1815\/\"]}]},{\"@type\":\"BreadcrumbList\",\"@id\":\"https:\/\/trialinternational.org\/fr\/table-ronde-lundi-18-juin-2018-1815\/#breadcrumb\",\"itemListElement\":[{\"@type\":\"ListItem\",\"position\":1,\"name\":\"Home\",\"item\":\"https:\/\/trialinternational.org\/fr\/\"},{\"@type\":\"ListItem\",\"position\":2,\"name\":\"18 juin | Table-ronde\"}]},{\"@type\":\"WebSite\",\"@id\":\"https:\/\/trialinternational.org\/#website\",\"url\":\"https:\/\/trialinternational.org\/\",\"name\":\"TRIAL International\",\"description\":\"Une voie vers la justice\",\"potentialAction\":[{\"@type\":\"SearchAction\",\"target\":{\"@type\":\"EntryPoint\",\"urlTemplate\":\"https:\/\/trialinternational.org\/?s={search_term_string}\"},\"query-input\":{\"@type\":\"PropertyValueSpecification\",\"valueRequired\":true,\"valueName\":\"search_term_string\"}}],\"inLanguage\":\"fr-FR\"}]}<\/script>\n<!-- \/ Yoast SEO plugin. -->","yoast_head_json":{"title":"18 juin | Table-ronde - TRIAL International","robots":{"index":"index","follow":"follow","max-snippet":"max-snippet:-1","max-image-preview":"max-image-preview:large","max-video-preview":"max-video-preview:-1"},"canonical":"https:\/\/trialinternational.org\/fr\/table-ronde-lundi-18-juin-2018-1815\/","og_locale":"fr_FR","og_type":"article","og_title":"18 juin | Table-ronde - TRIAL International","og_description":"&nbsp; \u00ab\u00a0VIOLENCES SEXUELLES EN TEMPS DE CONFLIT \u00a0RENFORCER LA LUTTE CONTRE L\u2019IMPUNIT\u00c9\u00a0\u00bb &nbsp; Lundi 18 juin 2018\u00a018:15 &#8211; 20:00 Palais de l\u2019Ath\u00e9n\u00e9e, Gen\u00e8ve Entr\u00e9e libre Intervenant-e-s\u00a0: Kate Gilmore Haut-Commissaire adjointe des Nations Unies aux droits de l\u2019homme Valentin Zellweger Ambassadeur, Repr\u00e9sentant permanent de la Suisse aupr\u00e8s de l\u2019Office des Nations Unies et des autres organisations [&hellip;]","og_url":"https:\/\/trialinternational.org\/fr\/table-ronde-lundi-18-juin-2018-1815\/","og_site_name":"TRIAL International","article_publisher":"https:\/\/www.facebook.com\/trial.org","article_modified_time":"2018-05-18T15:42:13+00:00","twitter_card":"summary_large_image","twitter_site":"@Trial","twitter_misc":{"Dur\u00e9e de lecture estim\u00e9e":"3 minutes"},"schema":{"@context":"https:\/\/schema.org","@graph":[{"@type":"WebPage","@id":"https:\/\/trialinternational.org\/fr\/table-ronde-lundi-18-juin-2018-1815\/","url":"https:\/\/trialinternational.org\/fr\/table-ronde-lundi-18-juin-2018-1815\/","name":"18 juin | Table-ronde - TRIAL International","isPartOf":{"@id":"https:\/\/trialinternational.org\/#website"},"datePublished":"2018-04-30T13:24:17+00:00","dateModified":"2018-05-18T15:42:13+00:00","breadcrumb":{"@id":"https:\/\/trialinternational.org\/fr\/table-ronde-lundi-18-juin-2018-1815\/#breadcrumb"},"inLanguage":"fr-FR","potentialAction":[{"@type":"ReadAction","target":["https:\/\/trialinternational.org\/fr\/table-ronde-lundi-18-juin-2018-1815\/"]}]},{"@type":"BreadcrumbList","@id":"https:\/\/trialinternational.org\/fr\/table-ronde-lundi-18-juin-2018-1815\/#breadcrumb","itemListElement":[{"@type":"ListItem","position":1,"name":"Home","item":"https:\/\/trialinternational.org\/fr\/"},{"@type":"ListItem","position":2,"name":"18 juin | Table-ronde"}]},{"@type":"WebSite","@id":"https:\/\/trialinternational.org\/#website","url":"https:\/\/trialinternational.org\/","name":"TRIAL International","description":"Une voie vers la justice","potentialAction":[{"@type":"SearchAction","target":{"@type":"EntryPoint","urlTemplate":"https:\/\/trialinternational.org\/?s={search_term_string}"},"query-input":{"@type":"PropertyValueSpecification","valueRequired":true,"valueName":"search_term_string"}}],"inLanguage":"fr-FR"}]}},"_links":{"self":[{"href":"https:\/\/trialinternational.org\/fr\/wp-json\/wp\/v2\/pages\/12830","targetHints":{"allow":["GET"]}}],"collection":[{"href":"https:\/\/trialinternational.org\/fr\/wp-json\/wp\/v2\/pages"}],"about":[{"href":"https:\/\/trialinternational.org\/fr\/wp-json\/wp\/v2\/types\/page"}],"author":[{"embeddable":true,"href":"https:\/\/trialinternational.org\/fr\/wp-json\/wp\/v2\/users\/31"}],"replies":[{"embeddable":true,"href":"https:\/\/trialinternational.org\/fr\/wp-json\/wp\/v2\/comments?post=12830"}],"version-history":[{"count":0,"href":"https:\/\/trialinternational.org\/fr\/wp-json\/wp\/v2\/pages\/12830\/revisions"}],"wp:attachment":[{"href":"https:\/\/trialinternational.org\/fr\/wp-json\/wp\/v2\/media?parent=12830"}],"curies":[{"name":"wp","href":"https:\/\/api.w.org\/{rel}","templated":true}]}}