{"id":12836,"date":"2018-05-02T07:26:21","date_gmt":"2018-05-02T06:26:21","guid":{"rendered":"https:\/\/trialinternational.org\/?page_id=12836"},"modified":"2018-05-10T13:05:36","modified_gmt":"2018-05-10T12:05:36","slug":"ateliers-de-travail-mardi-19-juin-2018","status":"publish","type":"page","link":"https:\/\/trialinternational.org\/fr\/ateliers-de-travail-mardi-19-juin-2018\/","title":{"rendered":"19 juin | Ateliers de travail"},"content":{"rendered":"<p>&nbsp;<\/p>\n<p style=\"text-align: center\"><em>A l\u2019occasion de la Journ\u00e9e internationale pour l&rsquo;\u00e9limination de la violence sexuelle dans les conflits<\/em><\/p>\n<p>&nbsp;<\/p>\n<h3 style=\"text-align: center\"><strong>\u00ab\u00a0DE LA PAROLE AUX ACTES : LES VIOLENCES SEXUELLES\u00a0EN TEMPS DE CONFLIT ET LE R\u00d4LE DE LA SOCI\u00c9T\u00c9 CIVILE\u00a0DANS LA LUTTE CONTRE L\u2019IMPUNIT\u00c9\u00a0\u00bb<\/strong><\/h3>\n<p>&nbsp;<\/p>\n<p>La journ\u00e9e de travail, organis\u00e9e en ateliers, vise \u00e0 renforcer la collaboration entre les acteurs non \u00e9tatiques autour du renforcement de l\u2019acc\u00e8s \u00e0 la justice pour les victimes de violences sexuelles en temps de conflit.<\/p>\n<p>&nbsp;<\/p>\n<h3>Trois dimensions principales constitueront l\u2019objet des ateliers\u00a0:<\/h3>\n<p>&nbsp;<\/p>\n<ol>\n<li>Un \u00e9tat des lieux des r\u00e9centes avanc\u00e9es et des d\u00e9fis identifi\u00e9s en relation \u00e0 la lutte contre l\u2019impunit\u00e9 pour les violences sexuelles en temps de conflit sera men\u00e9.<\/li>\n<li>Sur la base d\u2019un inventaire r\u00e9alis\u00e9 en amont de l\u2019\u00e9v\u00e8nement, une pr\u00e9sentation des outils et des strat\u00e9gies d\u00e9velopp\u00e9s par les organisations participantes dans le cadre du renforcement de l\u2019acc\u00e8s \u00e0 la justice pour les victimes sera effectu\u00e9e. Chaque \u00e9tape principale du processus judiciaire sera trait\u00e9e, permettant ainsi d\u2019aborder un \u00e9ventail vari\u00e9 de domaines n\u00e9cessaire \u00e0 la poursuite des crimes de violences sexuelles, tels que l\u2019expertise m\u00e9dico-l\u00e9gale, la documentation et sauvegarde des preuves, la localisation des suspects, et la formation et soutien aux acteurs locaux.<\/li>\n<li>Un travail collaboratif d\u2019identification des besoins existants, ainsi que des outils \u00e0 d\u00e9velopper afin d\u2019y r\u00e9pondre.<\/li>\n<\/ol>\n<p>&nbsp;<\/p>\n<p>L\u2019objectif de cette journ\u00e9e de travail est de mettre en place une \u00ab\u00a0bo\u00eete \u00e0 outils\u00a0\u00bb \u00e0 disposition de l\u2019ensemble des acteurs travaillant dans le domaine de la lutte contre l\u2019impunit\u00e9 pour les violences sexuelles.<\/p>\n<p>&nbsp;<\/p>\n<h2>Soutien<\/h2>\n<p>La manifestation est entre autres soutenue par le D\u00e9partement f\u00e9d\u00e9ral des affaires \u00e9trang\u00e8res, la Ville de Gen\u00e8ve, la Cottier Donz\u00e9 Foundation, la Fondation Barbour, l\u2019Ordre des avocats de Gen\u00e8ve, une fondation priv\u00e9e genevoise et l\u2019Etude LALIVE.<\/p>\n<p>Afin de rendre cette manifestation possible, <strong>nous avons encore besoin de votre soutien<\/strong>. Aidez-nous \u00e0 donner la parole aux victimes de violences sexuelles et \u00e0 renforcer concr\u00e8tement la lutte contre l\u2019impunit\u00e9.<\/p>\n<p>&nbsp;<\/p>\n<h2 style=\"text-align: center\">POUR VOS DONS<\/h2>\n<h2 style=\"text-align: center\">CCP: 17-162954-3<br \/>\nIBAN: CH85 0900 0000 1716 2954 3<br \/>\nMention: Trial@15<\/h2>\n<p>&nbsp;<\/p>\n<p>Pour toute information, contactez-nous \u00e0 <strong>s.jeker@trialinternational.org<\/strong><br \/>\nou par t\u00e9l\u00e9phone au <strong>+41 22 321 61 10<\/strong>.<\/p>\n","protected":false},"excerpt":{"rendered":"<p>&nbsp; A l\u2019occasion de la Journ\u00e9e internationale pour l&rsquo;\u00e9limination de la violence sexuelle dans les conflits &nbsp; \u00ab\u00a0DE LA PAROLE AUX ACTES : LES VIOLENCES SEXUELLES\u00a0EN TEMPS DE CONFLIT ET LE R\u00d4LE DE LA SOCI\u00c9T\u00c9 CIVILE\u00a0DANS LA LUTTE CONTRE L\u2019IMPUNIT\u00c9\u00a0\u00bb &nbsp; La journ\u00e9e de travail, organis\u00e9e en ateliers, vise \u00e0 renforcer la collaboration entre les [&hellip;]<\/p>\n","protected":false},"author":31,"featured_media":0,"parent":0,"menu_order":0,"comment_status":"closed","ping_status":"closed","template":"","meta":{"_acf_changed":false,"footnotes":""},"class_list":["post-12836","page","type-page","status-publish","hentry"],"acf":[],"featured_image_src":null,"yoast_head":"<!-- This site is optimized with the Yoast SEO plugin v26.9 - https:\/\/yoast.com\/product\/yoast-seo-wordpress\/ -->\n<title>19 juin | Ateliers de travail - TRIAL International<\/title>\n<meta name=\"robots\" content=\"index, follow, max-snippet:-1, max-image-preview:large, max-video-preview:-1\" \/>\n<link rel=\"canonical\" href=\"https:\/\/trialinternational.org\/fr\/ateliers-de-travail-mardi-19-juin-2018\/\" \/>\n<meta property=\"og:locale\" content=\"fr_FR\" \/>\n<meta property=\"og:type\" content=\"article\" \/>\n<meta property=\"og:title\" content=\"19 juin | Ateliers de travail - TRIAL International\" \/>\n<meta property=\"og:description\" content=\"&nbsp; A l\u2019occasion de la Journ\u00e9e internationale pour l&rsquo;\u00e9limination de la violence sexuelle dans les conflits &nbsp; \u00ab\u00a0DE LA PAROLE AUX ACTES : LES VIOLENCES SEXUELLES\u00a0EN TEMPS DE CONFLIT ET LE R\u00d4LE DE LA SOCI\u00c9T\u00c9 CIVILE\u00a0DANS LA LUTTE CONTRE L\u2019IMPUNIT\u00c9\u00a0\u00bb &nbsp; La journ\u00e9e de travail, organis\u00e9e en ateliers, vise \u00e0 renforcer la collaboration entre les [&hellip;]\" \/>\n<meta property=\"og:url\" content=\"https:\/\/trialinternational.org\/fr\/ateliers-de-travail-mardi-19-juin-2018\/\" \/>\n<meta property=\"og:site_name\" content=\"TRIAL International\" \/>\n<meta property=\"article:publisher\" content=\"https:\/\/www.facebook.com\/trial.org\" \/>\n<meta property=\"article:modified_time\" content=\"2018-05-10T12:05:36+00:00\" \/>\n<meta name=\"twitter:card\" content=\"summary_large_image\" \/>\n<meta name=\"twitter:site\" content=\"@Trial\" \/>\n<meta name=\"twitter:label1\" content=\"Dur\u00e9e de lecture estim\u00e9e\" \/>\n\t<meta name=\"twitter:data1\" content=\"2 minutes\" \/>\n<script type=\"application\/ld+json\" class=\"yoast-schema-graph\">{\"@context\":\"https:\/\/schema.org\",\"@graph\":[{\"@type\":\"WebPage\",\"@id\":\"https:\/\/trialinternational.org\/fr\/ateliers-de-travail-mardi-19-juin-2018\/\",\"url\":\"https:\/\/trialinternational.org\/fr\/ateliers-de-travail-mardi-19-juin-2018\/\",\"name\":\"19 juin | Ateliers de travail - TRIAL International\",\"isPartOf\":{\"@id\":\"https:\/\/trialinternational.org\/#website\"},\"datePublished\":\"2018-05-02T06:26:21+00:00\",\"dateModified\":\"2018-05-10T12:05:36+00:00\",\"breadcrumb\":{\"@id\":\"https:\/\/trialinternational.org\/fr\/ateliers-de-travail-mardi-19-juin-2018\/#breadcrumb\"},\"inLanguage\":\"fr-FR\",\"potentialAction\":[{\"@type\":\"ReadAction\",\"target\":[\"https:\/\/trialinternational.org\/fr\/ateliers-de-travail-mardi-19-juin-2018\/\"]}]},{\"@type\":\"BreadcrumbList\",\"@id\":\"https:\/\/trialinternational.org\/fr\/ateliers-de-travail-mardi-19-juin-2018\/#breadcrumb\",\"itemListElement\":[{\"@type\":\"ListItem\",\"position\":1,\"name\":\"Home\",\"item\":\"https:\/\/trialinternational.org\/fr\/\"},{\"@type\":\"ListItem\",\"position\":2,\"name\":\"19 juin | Ateliers de travail\"}]},{\"@type\":\"WebSite\",\"@id\":\"https:\/\/trialinternational.org\/#website\",\"url\":\"https:\/\/trialinternational.org\/\",\"name\":\"TRIAL International\",\"description\":\"Une voie vers la justice\",\"potentialAction\":[{\"@type\":\"SearchAction\",\"target\":{\"@type\":\"EntryPoint\",\"urlTemplate\":\"https:\/\/trialinternational.org\/?s={search_term_string}\"},\"query-input\":{\"@type\":\"PropertyValueSpecification\",\"valueRequired\":true,\"valueName\":\"search_term_string\"}}],\"inLanguage\":\"fr-FR\"}]}<\/script>\n<!-- \/ Yoast SEO plugin. -->","yoast_head_json":{"title":"19 juin | Ateliers de travail - TRIAL International","robots":{"index":"index","follow":"follow","max-snippet":"max-snippet:-1","max-image-preview":"max-image-preview:large","max-video-preview":"max-video-preview:-1"},"canonical":"https:\/\/trialinternational.org\/fr\/ateliers-de-travail-mardi-19-juin-2018\/","og_locale":"fr_FR","og_type":"article","og_title":"19 juin | Ateliers de travail - TRIAL International","og_description":"&nbsp; A l\u2019occasion de la Journ\u00e9e internationale pour l&rsquo;\u00e9limination de la violence sexuelle dans les conflits &nbsp; \u00ab\u00a0DE LA PAROLE AUX ACTES : LES VIOLENCES SEXUELLES\u00a0EN TEMPS DE CONFLIT ET LE R\u00d4LE DE LA SOCI\u00c9T\u00c9 CIVILE\u00a0DANS LA LUTTE CONTRE L\u2019IMPUNIT\u00c9\u00a0\u00bb &nbsp; La journ\u00e9e de travail, organis\u00e9e en ateliers, vise \u00e0 renforcer la collaboration entre les [&hellip;]","og_url":"https:\/\/trialinternational.org\/fr\/ateliers-de-travail-mardi-19-juin-2018\/","og_site_name":"TRIAL International","article_publisher":"https:\/\/www.facebook.com\/trial.org","article_modified_time":"2018-05-10T12:05:36+00:00","twitter_card":"summary_large_image","twitter_site":"@Trial","twitter_misc":{"Dur\u00e9e de lecture estim\u00e9e":"2 minutes"},"schema":{"@context":"https:\/\/schema.org","@graph":[{"@type":"WebPage","@id":"https:\/\/trialinternational.org\/fr\/ateliers-de-travail-mardi-19-juin-2018\/","url":"https:\/\/trialinternational.org\/fr\/ateliers-de-travail-mardi-19-juin-2018\/","name":"19 juin | Ateliers de travail - TRIAL International","isPartOf":{"@id":"https:\/\/trialinternational.org\/#website"},"datePublished":"2018-05-02T06:26:21+00:00","dateModified":"2018-05-10T12:05:36+00:00","breadcrumb":{"@id":"https:\/\/trialinternational.org\/fr\/ateliers-de-travail-mardi-19-juin-2018\/#breadcrumb"},"inLanguage":"fr-FR","potentialAction":[{"@type":"ReadAction","target":["https:\/\/trialinternational.org\/fr\/ateliers-de-travail-mardi-19-juin-2018\/"]}]},{"@type":"BreadcrumbList","@id":"https:\/\/trialinternational.org\/fr\/ateliers-de-travail-mardi-19-juin-2018\/#breadcrumb","itemListElement":[{"@type":"ListItem","position":1,"name":"Home","item":"https:\/\/trialinternational.org\/fr\/"},{"@type":"ListItem","position":2,"name":"19 juin | Ateliers de travail"}]},{"@type":"WebSite","@id":"https:\/\/trialinternational.org\/#website","url":"https:\/\/trialinternational.org\/","name":"TRIAL International","description":"Une voie vers la justice","potentialAction":[{"@type":"SearchAction","target":{"@type":"EntryPoint","urlTemplate":"https:\/\/trialinternational.org\/?s={search_term_string}"},"query-input":{"@type":"PropertyValueSpecification","valueRequired":true,"valueName":"search_term_string"}}],"inLanguage":"fr-FR"}]}},"_links":{"self":[{"href":"https:\/\/trialinternational.org\/fr\/wp-json\/wp\/v2\/pages\/12836","targetHints":{"allow":["GET"]}}],"collection":[{"href":"https:\/\/trialinternational.org\/fr\/wp-json\/wp\/v2\/pages"}],"about":[{"href":"https:\/\/trialinternational.org\/fr\/wp-json\/wp\/v2\/types\/page"}],"author":[{"embeddable":true,"href":"https:\/\/trialinternational.org\/fr\/wp-json\/wp\/v2\/users\/31"}],"replies":[{"embeddable":true,"href":"https:\/\/trialinternational.org\/fr\/wp-json\/wp\/v2\/comments?post=12836"}],"version-history":[{"count":0,"href":"https:\/\/trialinternational.org\/fr\/wp-json\/wp\/v2\/pages\/12836\/revisions"}],"wp:attachment":[{"href":"https:\/\/trialinternational.org\/fr\/wp-json\/wp\/v2\/media?parent=12836"}],"curies":[{"name":"wp","href":"https:\/\/api.w.org\/{rel}","templated":true}]}}