{"id":17371,"date":"2019-02-22T08:45:45","date_gmt":"2019-02-22T08:45:45","guid":{"rendered":"https:\/\/trialinternational.org\/?page_id=17371"},"modified":"2025-02-25T13:04:29","modified_gmt":"2025-02-25T12:04:29","slug":"contacts","status":"publish","type":"page","link":"https:\/\/trialinternational.org\/fr\/contacts\/","title":{"rendered":"Contact"},"content":{"rendered":"\n<p>Veuillez remplir le formulaire ci-dessous pour toute information g\u00e9n\u00e9rale sur TRIAL International. Malheureusement, nos ressources limit\u00e9es ne nous permettent pas&nbsp;de r\u00e9pondre \u00e0 toutes les sollicitations.<\/p>\n\n\n\n<p>Merci de votre compr\u00e9hension.<\/p>\n\n\n<div class=\"frm_forms \" id=\"frm_form_5_container\" data-token=\"b9644ae5c657b0bc70b052a09beb148a\">\n<form enctype=\"multipart\/form-data\" method=\"post\" class=\"frm-show-form  frm_pro_form \" id=\"form_contact-us\" data-token=\"b9644ae5c657b0bc70b052a09beb148a\">\n<div class=\"frm_form_fields \">\n<fieldset>\n<legend class=\"frm_screen_reader\">Contact Us<\/legend>\r\n\r\n<div class=\"frm_fields_container\">\n<input type=\"hidden\" name=\"frm_action\" value=\"create\" \/>\n<input type=\"hidden\" name=\"form_id\" value=\"5\" \/>\n<input type=\"hidden\" name=\"frm_hide_fields_5\" id=\"frm_hide_fields_5\" value=\"\" \/>\n<input type=\"hidden\" name=\"form_key\" value=\"contact-us\" \/>\n<input type=\"hidden\" name=\"item_meta[0]\" value=\"\" \/>\n<input type=\"hidden\" id=\"frm_submit_entry_5\" name=\"frm_submit_entry_5\" value=\"27f4020c5a\" \/><input type=\"hidden\" name=\"_wp_http_referer\" value=\"\/fr\/wp-json\/wp\/v2\/pages\/17371\" \/><div id=\"frm_field_19_container\" class=\"frm_form_field form-field  frm_required_field form-group frm_none_container frm12 frm_first\">\r\n    <label for=\"field_qh4icy2\" id=\"field_qh4icy2_label\" class=\"frm_primary_label col-form-label form-label\">Nom\r\n        <span class=\"frm_required\" aria-hidden=\"true\">*<\/span>\r\n    <\/label>\r\n    <input  type=\"text\" id=\"field_qh4icy2\" name=\"item_meta[19]\" value=\"\"  placeholder=\"Votre nom\" data-reqmsg=\"Ce champ ne peut pas \u00eatre vide.\" aria-required=\"true\" data-invmsg=\"Le nom est invalide\" class=\"form-control\" aria-invalid=\"false\"   \/>\r\n    \r\n    \r\n<\/div>\n<div id=\"frm_field_21_container\" class=\"frm_form_field form-field  frm_required_field form-group frm_none_container frm_full\">\r\n    <label for=\"field_29yf4d2\" id=\"field_29yf4d2_label\" class=\"frm_primary_label col-form-label form-label\">Email\r\n        <span class=\"frm_required\" aria-hidden=\"true\">*<\/span>\r\n    <\/label>\r\n    <input type=\"email\" id=\"field_29yf4d2\" name=\"item_meta[21]\" value=\"\"  placeholder=\"Votre email\" data-reqmsg=\"Ce champ ne peut pas \u00eatre vide.\" aria-required=\"true\" data-invmsg=\"Merci de mettre une adresse email valide.\" class=\"form-control\" aria-invalid=\"false\"  \/>\r\n    \r\n    \r\n<\/div>\n<div id=\"frm_field_25_container\" class=\"frm_form_field form-field  frm_required_field form-group frm_inline_container frm12 frm_first\">\r\n    <label for=\"field_2j5j\" id=\"field_2j5j_label\" class=\"frm_primary_label col-form-label form-label\">Type de demande\r\n        <span class=\"frm_required\" aria-hidden=\"true\">*<\/span>\r\n    <\/label>\r\n    \t\t<select name=\"item_meta[25]\" id=\"field_2j5j\"  data-reqmsg=\"Type de demande cannot be blank.\" aria-required=\"true\" data-invmsg=\"Type de demande est non valide\" class=\"form-control\" aria-invalid=\"false\"  >\n\t\t<option  value=\"General inquiries\">Informations g\u00e9n\u00e9rales<\/option><option  value=\"Data protection\">Protection des donn\u00e9es<\/option><option  value=\"Internship\">Internship<\/option>\t<\/select>\n\t\r\n    \r\n    \r\n<\/div>\n<div id=\"frm_field_23_container\" class=\"frm_form_field form-field  frm_required_field form-group frm_none_container frm_full\">\r\n    <label for=\"field_9jv0r12\" id=\"field_9jv0r12_label\" class=\"frm_primary_label col-form-label form-label\">Message\r\n        <span class=\"frm_required\" aria-hidden=\"true\">*<\/span>\r\n    <\/label>\r\n    <textarea name=\"item_meta[23]\" id=\"field_9jv0r12\" rows=\"5\"  placeholder=\"Veuillez saisir votre message\" data-reqmsg=\"Message cannot be blank.\" aria-required=\"true\" data-invmsg=\"Message is invalid\" class=\"form-control\" aria-invalid=\"false\"  ><\/textarea>\r\n    \r\n    \r\n<\/div>\n<div id=\"frm_field_24_container\" class=\"frm_form_field form-field  form-group frm_none_container\">\r\n    <label for=\"g-recaptcha-response\" id=\"field_7x86_label\" class=\"frm_primary_label col-form-label form-label\">Captcha\r\n        <span class=\"frm_required\" aria-hidden=\"true\"><\/span>\r\n    <\/label>\r\n    <div  id=\"field_7x86\" class=\"g-recaptcha\" data-sitekey=\"6Ld_NpUbAAAAAIlaX3mwY13Dpw3aNEhsdpcZGTPX\" data-size=\"normal\" data-theme=\"light\"><\/div>\r\n    \r\n    \r\n<\/div>\n<div id=\"frm_field_28_container\" class=\"frm_form_field form-field  form-group\">\n\t<div class=\"form-group frm_submit\">\r\n\r\n<button class=\"frm_button_submit btn btn-secondary frm_final_submit\" type=\"submit\"   formnovalidate=\"formnovalidate\">Submit<\/button>\r\n\r\n<\/div>\n<\/div>\n\t<input type=\"hidden\" name=\"item_key\" value=\"\" \/>\n\t\t\t<div id=\"frm_field_30_container\">\n\t\t\t<label for=\"field_jfaan\" >\n\t\t\t\tSi vous \u00eates un humain, ne remplissez pas ce champ.\t\t\t<\/label>\n\t\t\t<input  id=\"field_jfaan\" type=\"text\" class=\"frm_form_field form-field frm_verify\" name=\"item_meta[30]\" value=\"\"  \/>\n\t\t<\/div>\n\t\t<input name=\"frm_state\" type=\"hidden\" value=\"+CS\/L0GGg+5jH3kKvs3tzVfJppBTV0rL0KV6NKrwhA4MbtxuuyozfniG4K7fZK19\" \/><\/div>\n<\/fieldset>\n<\/div>\n\n<\/form>\n<\/div>\n","protected":false},"excerpt":{"rendered":"<p>Veuillez remplir le formulaire ci-dessous pour toute information g\u00e9n\u00e9rale sur TRIAL International. Malheureusement, nos ressources limit\u00e9es ne nous permettent pas&nbsp;de r\u00e9pondre \u00e0 toutes les sollicitations. Merci de votre compr\u00e9hension.<\/p>\n","protected":false},"author":31,"featured_media":0,"parent":0,"menu_order":0,"comment_status":"closed","ping_status":"closed","template":"template-donate-contact-us.php","meta":{"_acf_changed":false,"footnotes":""},"class_list":["post-17371","page","type-page","status-publish","hentry"],"acf":[],"featured_image_src":null,"yoast_head":"<!-- This site is optimized with the Yoast SEO plugin v26.9 - https:\/\/yoast.com\/product\/yoast-seo-wordpress\/ -->\n<title>Contact - TRIAL International<\/title>\n<meta name=\"robots\" content=\"index, follow, max-snippet:-1, max-image-preview:large, max-video-preview:-1\" \/>\n<link rel=\"canonical\" href=\"https:\/\/trialinternational.org\/fr\/contacts\/\" \/>\n<meta property=\"og:locale\" content=\"fr_FR\" \/>\n<meta property=\"og:type\" content=\"article\" \/>\n<meta property=\"og:title\" content=\"Contact - TRIAL International\" \/>\n<meta property=\"og:description\" content=\"Veuillez remplir le formulaire ci-dessous pour toute information g\u00e9n\u00e9rale sur TRIAL International. Malheureusement, nos ressources limit\u00e9es ne nous permettent pas&nbsp;de r\u00e9pondre \u00e0 toutes les sollicitations. Merci de votre compr\u00e9hension.\" \/>\n<meta property=\"og:url\" content=\"https:\/\/trialinternational.org\/fr\/contacts\/\" \/>\n<meta property=\"og:site_name\" content=\"TRIAL International\" \/>\n<meta property=\"article:publisher\" content=\"https:\/\/www.facebook.com\/trial.org\" \/>\n<meta property=\"article:modified_time\" content=\"2025-02-25T12:04:29+00:00\" \/>\n<meta name=\"twitter:card\" content=\"summary_large_image\" \/>\n<meta name=\"twitter:site\" content=\"@Trial\" \/>\n<meta name=\"twitter:label1\" content=\"Dur\u00e9e de lecture estim\u00e9e\" \/>\n\t<meta name=\"twitter:data1\" content=\"1 minute\" \/>\n<script type=\"application\/ld+json\" class=\"yoast-schema-graph\">{\"@context\":\"https:\/\/schema.org\",\"@graph\":[{\"@type\":\"WebPage\",\"@id\":\"https:\/\/trialinternational.org\/fr\/contacts\/\",\"url\":\"https:\/\/trialinternational.org\/fr\/contacts\/\",\"name\":\"Contact - TRIAL International\",\"isPartOf\":{\"@id\":\"https:\/\/trialinternational.org\/#website\"},\"datePublished\":\"2019-02-22T08:45:45+00:00\",\"dateModified\":\"2025-02-25T12:04:29+00:00\",\"breadcrumb\":{\"@id\":\"https:\/\/trialinternational.org\/fr\/contacts\/#breadcrumb\"},\"inLanguage\":\"fr-FR\",\"potentialAction\":[{\"@type\":\"ReadAction\",\"target\":[\"https:\/\/trialinternational.org\/fr\/contacts\/\"]}]},{\"@type\":\"BreadcrumbList\",\"@id\":\"https:\/\/trialinternational.org\/fr\/contacts\/#breadcrumb\",\"itemListElement\":[{\"@type\":\"ListItem\",\"position\":1,\"name\":\"Home\",\"item\":\"https:\/\/trialinternational.org\/fr\/\"},{\"@type\":\"ListItem\",\"position\":2,\"name\":\"Contact\"}]},{\"@type\":\"WebSite\",\"@id\":\"https:\/\/trialinternational.org\/#website\",\"url\":\"https:\/\/trialinternational.org\/\",\"name\":\"TRIAL International\",\"description\":\"Une voie vers la justice\",\"potentialAction\":[{\"@type\":\"SearchAction\",\"target\":{\"@type\":\"EntryPoint\",\"urlTemplate\":\"https:\/\/trialinternational.org\/?s={search_term_string}\"},\"query-input\":{\"@type\":\"PropertyValueSpecification\",\"valueRequired\":true,\"valueName\":\"search_term_string\"}}],\"inLanguage\":\"fr-FR\"}]}<\/script>\n<!-- \/ Yoast SEO plugin. -->","yoast_head_json":{"title":"Contact - TRIAL International","robots":{"index":"index","follow":"follow","max-snippet":"max-snippet:-1","max-image-preview":"max-image-preview:large","max-video-preview":"max-video-preview:-1"},"canonical":"https:\/\/trialinternational.org\/fr\/contacts\/","og_locale":"fr_FR","og_type":"article","og_title":"Contact - TRIAL International","og_description":"Veuillez remplir le formulaire ci-dessous pour toute information g\u00e9n\u00e9rale sur TRIAL International. Malheureusement, nos ressources limit\u00e9es ne nous permettent pas&nbsp;de r\u00e9pondre \u00e0 toutes les sollicitations. Merci de votre compr\u00e9hension.","og_url":"https:\/\/trialinternational.org\/fr\/contacts\/","og_site_name":"TRIAL International","article_publisher":"https:\/\/www.facebook.com\/trial.org","article_modified_time":"2025-02-25T12:04:29+00:00","twitter_card":"summary_large_image","twitter_site":"@Trial","twitter_misc":{"Dur\u00e9e de lecture estim\u00e9e":"1 minute"},"schema":{"@context":"https:\/\/schema.org","@graph":[{"@type":"WebPage","@id":"https:\/\/trialinternational.org\/fr\/contacts\/","url":"https:\/\/trialinternational.org\/fr\/contacts\/","name":"Contact - TRIAL International","isPartOf":{"@id":"https:\/\/trialinternational.org\/#website"},"datePublished":"2019-02-22T08:45:45+00:00","dateModified":"2025-02-25T12:04:29+00:00","breadcrumb":{"@id":"https:\/\/trialinternational.org\/fr\/contacts\/#breadcrumb"},"inLanguage":"fr-FR","potentialAction":[{"@type":"ReadAction","target":["https:\/\/trialinternational.org\/fr\/contacts\/"]}]},{"@type":"BreadcrumbList","@id":"https:\/\/trialinternational.org\/fr\/contacts\/#breadcrumb","itemListElement":[{"@type":"ListItem","position":1,"name":"Home","item":"https:\/\/trialinternational.org\/fr\/"},{"@type":"ListItem","position":2,"name":"Contact"}]},{"@type":"WebSite","@id":"https:\/\/trialinternational.org\/#website","url":"https:\/\/trialinternational.org\/","name":"TRIAL International","description":"Une voie vers la justice","potentialAction":[{"@type":"SearchAction","target":{"@type":"EntryPoint","urlTemplate":"https:\/\/trialinternational.org\/?s={search_term_string}"},"query-input":{"@type":"PropertyValueSpecification","valueRequired":true,"valueName":"search_term_string"}}],"inLanguage":"fr-FR"}]}},"_links":{"self":[{"href":"https:\/\/trialinternational.org\/fr\/wp-json\/wp\/v2\/pages\/17371","targetHints":{"allow":["GET"]}}],"collection":[{"href":"https:\/\/trialinternational.org\/fr\/wp-json\/wp\/v2\/pages"}],"about":[{"href":"https:\/\/trialinternational.org\/fr\/wp-json\/wp\/v2\/types\/page"}],"author":[{"embeddable":true,"href":"https:\/\/trialinternational.org\/fr\/wp-json\/wp\/v2\/users\/31"}],"replies":[{"embeddable":true,"href":"https:\/\/trialinternational.org\/fr\/wp-json\/wp\/v2\/comments?post=17371"}],"version-history":[{"count":0,"href":"https:\/\/trialinternational.org\/fr\/wp-json\/wp\/v2\/pages\/17371\/revisions"}],"wp:attachment":[{"href":"https:\/\/trialinternational.org\/fr\/wp-json\/wp\/v2\/media?parent=17371"}],"curies":[{"name":"wp","href":"https:\/\/api.w.org\/{rel}","templated":true}]}}