{"id":26539,"date":"2023-11-17T17:41:48","date_gmt":"2023-11-17T16:41:48","guid":{"rendered":"https:\/\/trialinternational.org\/?page_id=26539"},"modified":"2025-04-24T11:23:48","modified_gmt":"2025-04-24T09:23:48","slug":"universal-jurisdiction-law-and-practice-briefing-papers","status":"publish","type":"page","link":"https:\/\/trialinternational.org\/fr\/outils-competence-universelle\/universal-jurisdiction-law-and-practice-briefing-papers\/","title":{"rendered":"Universal Jurisdiction Law and Practice Briefing Papers"},"content":{"rendered":"\n<h2 class=\"wp-block-heading\">Des outils indispensables pour comprendre les lois et la pratique en mati\u00e8re de comp\u00e9tence universelle<\/h2>\n\n\n\n<p><strong>Comment les diff\u00e9rents pays poursuivent-ils les disparitions forc\u00e9es, le g\u00e9nocide, la torture, les crimes contre l&rsquo;humanit\u00e9 et les crimes de guerre ? En collaboration avec Open Society Justice Initiative (<a href=\"https:\/\/www.justiceinitiative.org\/\" target=\"_blank\" rel=\"noreferrer noopener\">OSJI<\/a>), TRIAL International a travaill\u00e9 sur une analyse approfondie des lois et pratiques de plusieurs pays en mati\u00e8re d&rsquo;enqu\u00eates et de poursuites de crimes relevant de la <a href=\"https:\/\/trialinternational.org\/fr\/topics-post\/competence-universelle\/\" target=\"_blank\" rel=\"noreferrer noopener\">comp\u00e9tence universelle<\/a>. Les deux organisations ont d\u00e9j\u00e0 publi\u00e9 une s\u00e9rie de 12 rapports comparant les syst\u00e8mes juridiques de : l&rsquo;Allemagne, de l&rsquo;Angleterre et du Pays de Galles, <strong>l&rsquo;Argentine, <\/strong>de la Belgique, du Canada, des \u00c9tats Unis, de la Finlande, de la France, de la Norv\u00e8ge, des Pays-Bas, de la Su\u00e8de et de la Suisse.<\/strong> (tous disponibles uniquement en anglais, sauf pour le rapport sur la Belgique, qui est disponible dans sa version fran\u00e7aise sur cette page, et celui sur l&rsquo;Argentine, qui a \u00e9t\u00e9 r\u00e9dig\u00e9 <a href=\"https:\/\/trialinternational.org\/wp-content\/uploads\/2025\/04\/UJ-Law-Practice-Briefing-Paper_Argentina_ES.pdf\" target=\"_blank\" rel=\"noreferrer noopener\">en espagnol<\/a>)<\/p>\n\n\n<section class=\"c-block-pdf-grid\">\n\t\t<a href=\"https:\/\/trialinternational.org\/wp-content\/uploads\/2022\/05\/UJ-Germany.pdf\" class=\"c-block-item\" target=\"_blank\"\n\t\ttitle=\"\">\n\t\t<span class=\"c-block-inner\">\n\t\t\t<img loading=\"lazy\" decoding=\"async\" width=\"640\" height=\"906\" src=\"https:\/\/trialinternational.org\/wp-content\/uploads\/2022\/05\/UJ-Germany-pdf.jpg\" class=\"pdf-cover\" alt=\"\" \/>\t\t\tAllemagne (2019)\t\t<\/span>\n\t<\/a>\n\t\t<a href=\"https:\/\/trialinternational.org\/wp-content\/uploads\/2022\/05\/UJ-England-and-Wales-1.pdf\" class=\"c-block-item\" target=\"_blank\"\n\t\ttitle=\"\">\n\t\t<span class=\"c-block-inner\">\n\t\t\t<img loading=\"lazy\" decoding=\"async\" width=\"640\" height=\"906\" src=\"https:\/\/trialinternational.org\/wp-content\/uploads\/2022\/05\/UJ-England-and-Wales-1-pdf.jpg\" class=\"pdf-cover\" alt=\"\" \/>\t\t\tAngleterre et Pays de Galles (2022)\t\t<\/span>\n\t<\/a>\n\t\t<a href=\"https:\/\/trialinternational.org\/wp-content\/uploads\/2025\/04\/UJ-Law-Practice-Briefing-Paper_Argentina_EN.pdf\" class=\"c-block-item\" target=\"_blank\"\n\t\ttitle=\"\">\n\t\t<span class=\"c-block-inner\">\n\t\t\t<img loading=\"lazy\" decoding=\"async\" width=\"640\" height=\"906\" src=\"https:\/\/trialinternational.org\/wp-content\/uploads\/2025\/04\/UJ-Law-Practice-Briefing-Paper_Argentina_EN-pdf.jpg\" class=\"pdf-cover\" alt=\"\" \/>\t\t\tNOUVEAU : Argentine (2025)\t\t<\/span>\n\t<\/a>\n\t\t<a href=\"https:\/\/trialinternational.org\/wp-content\/uploads\/2022\/05\/UJ-Belgium-FR-1.pdf\" class=\"c-block-item\" target=\"_blank\"\n\t\ttitle=\"\">\n\t\t<span class=\"c-block-inner\">\n\t\t\t<img loading=\"lazy\" decoding=\"async\" width=\"640\" height=\"906\" src=\"https:\/\/trialinternational.org\/wp-content\/uploads\/2022\/05\/UJ-Belgium-FR-1-pdf.jpg\" class=\"pdf-cover\" alt=\"\" \/>\t\t\tBelgique (2022)\t\t<\/span>\n\t<\/a>\n\t\t<a href=\"https:\/\/trialinternational.org\/wp-content\/uploads\/2022\/05\/UJ-Canada.pdf\" class=\"c-block-item\" target=\"_blank\"\n\t\ttitle=\"\">\n\t\t<span class=\"c-block-inner\">\n\t\t\t<img loading=\"lazy\" decoding=\"async\" width=\"640\" height=\"906\" src=\"https:\/\/trialinternational.org\/wp-content\/uploads\/2022\/05\/UJ-Canada-pdf.jpg\" class=\"pdf-cover\" alt=\"\" \/>\t\t\tCanada (2020)\t\t<\/span>\n\t<\/a>\n\t\t<a href=\"https:\/\/trialinternational.org\/wp-content\/uploads\/2022\/05\/UJ-USA-1.pdf\" class=\"c-block-item\" target=\"_blank\"\n\t\ttitle=\"\">\n\t\t<span class=\"c-block-inner\">\n\t\t\t<img loading=\"lazy\" decoding=\"async\" width=\"640\" height=\"906\" src=\"https:\/\/trialinternational.org\/wp-content\/uploads\/2022\/05\/UJ-USA-1-pdf.jpg\" class=\"pdf-cover\" alt=\"\" \/>\t\t\t\u00c9tats Unis (2022)\t\t<\/span>\n\t<\/a>\n\t\t<a href=\"https:\/\/trialinternational.org\/wp-content\/uploads\/2022\/05\/UJ-Finland.pdf\" class=\"c-block-item\" target=\"_blank\"\n\t\ttitle=\"\">\n\t\t<span class=\"c-block-inner\">\n\t\t\t<img loading=\"lazy\" decoding=\"async\" width=\"640\" height=\"906\" src=\"https:\/\/trialinternational.org\/wp-content\/uploads\/2022\/05\/UJ-Finland-pdf.jpg\" class=\"pdf-cover\" alt=\"\" \/>\t\t\tFinlande (2020)\t\t<\/span>\n\t<\/a>\n\t\t<a href=\"https:\/\/trialinternational.org\/wp-content\/uploads\/2022\/05\/UJ-France-.pdf\" class=\"c-block-item\" target=\"_blank\"\n\t\ttitle=\"\">\n\t\t<span class=\"c-block-inner\">\n\t\t\t<img loading=\"lazy\" decoding=\"async\" width=\"640\" height=\"906\" src=\"https:\/\/trialinternational.org\/wp-content\/uploads\/2022\/05\/UJ-France-pdf.jpg\" class=\"pdf-cover\" alt=\"\" \/>\t\t\tFrance (2019)\t\t<\/span>\n\t<\/a>\n\t\t<a href=\"https:\/\/trialinternational.org\/wp-content\/uploads\/2022\/05\/UJ-Norway.pdf\" class=\"c-block-item\" target=\"_blank\"\n\t\ttitle=\"\">\n\t\t<span class=\"c-block-inner\">\n\t\t\t<img loading=\"lazy\" decoding=\"async\" width=\"640\" height=\"906\" src=\"https:\/\/trialinternational.org\/wp-content\/uploads\/2022\/05\/UJ-Norway-pdf.jpg\" class=\"pdf-cover\" alt=\"\" \/>\t\t\tNorv\u00e8ge (2019)\t\t<\/span>\n\t<\/a>\n\t\t<a href=\"https:\/\/trialinternational.org\/wp-content\/uploads\/2022\/05\/UJ-Netherlands.pdf\" class=\"c-block-item\" target=\"_blank\"\n\t\ttitle=\"\">\n\t\t<span class=\"c-block-inner\">\n\t\t\t<img loading=\"lazy\" decoding=\"async\" width=\"640\" height=\"906\" src=\"https:\/\/trialinternational.org\/wp-content\/uploads\/2022\/05\/UJ-Netherlands-pdf.jpg\" class=\"pdf-cover\" alt=\"\" \/>\t\t\tPays-Bas (2019)\t\t<\/span>\n\t<\/a>\n\t\t<a href=\"https:\/\/trialinternational.org\/wp-content\/uploads\/2022\/05\/UJ-Sweden.pdf\" class=\"c-block-item\" target=\"_blank\"\n\t\ttitle=\"\">\n\t\t<span class=\"c-block-inner\">\n\t\t\t<img loading=\"lazy\" decoding=\"async\" width=\"640\" height=\"906\" src=\"https:\/\/trialinternational.org\/wp-content\/uploads\/2022\/05\/UJ-Sweden-pdf.jpg\" class=\"pdf-cover\" alt=\"\" \/>\t\t\tSu\u00e8de (2020)\t\t<\/span>\n\t<\/a>\n\t\t<a href=\"https:\/\/trialinternational.org\/wp-content\/uploads\/2022\/05\/UJ-Suisse.pdf\" class=\"c-block-item\" target=\"_blank\"\n\t\ttitle=\"\">\n\t\t<span class=\"c-block-inner\">\n\t\t\t<img loading=\"lazy\" decoding=\"async\" width=\"640\" height=\"906\" src=\"https:\/\/trialinternational.org\/wp-content\/uploads\/2022\/05\/UJ-Suisse-pdf.jpg\" class=\"pdf-cover\" alt=\"\" \/>\t\t\tSuisse (2019)\t\t<\/span>\n\t<\/a>\n\t<\/section>\n\n\n\n<h3 class=\"wp-block-heading\">Documents pour mettre en lumi\u00e8re les lois et les pratiques<\/h3>\n\n\n\n<p>Ces rapports ont pour but d&rsquo;aider les avocat\u00b7es et les ONG repr\u00e9sentant les victimes des crimes les plus graves \u00e0 demander justice dans un pays dont ils ne connaissent ni la loi ni les pratiques.<\/p>\n\n\n\n<p>La recherche est principalement appuy\u00e9e sur une analyse du syst\u00e8me juridique effectu\u00e9e par des avocat\u00b7es locaux\u00b7ales, \u00e0 partir d&rsquo;un questionnaire compil\u00e9 par OSJI et TRIAL International. Cette \u00e9tude est compl\u00e9t\u00e9e par des entretiens avec des expert\u00b7es juridiques : procureur\u00b7es des unit\u00e9s charg\u00e9es des crimes de guerre, avocat\u00b7es dans les affaires de comp\u00e9tence universelle, universitaires sp\u00e9cialis\u00e9\u00b7es en droit p\u00e9nal international et ONG luttant contre l&rsquo;impunit\u00e9. Cette perspective pratique permet de construire une analyse du cadre juridique dans chaque pays \u00e9tudi\u00e9. Bien que tous les efforts aient \u00e9t\u00e9 faits pour assurer l&rsquo;exactitude des informations pr\u00e9sent\u00e9es, celles-ci peuvent avoir chang\u00e9 et ne plus \u00eatre \u00e0 jour. Les lecteur\u00b7ices sont donc pri\u00e9\u00b7es de confirmer l&rsquo;actualit\u00e9 des dispositions cit\u00e9es.<\/p>\n\n\n\n<h3 class=\"wp-block-heading\">M\u00eame cadre juridique, pratiques diff\u00e9rentes<\/h3>\n\n\n\n<p>Cette recherche r\u00e9v\u00e8le que certains pays, comme la France, l&rsquo;Allemagne et les Pays-Bas, utilisent activement ce m\u00e9canisme juridique pour enqu\u00eater sur les crimes internationaux et en poursuivre les auteurs. La France et l&rsquo;Allemagne ont m\u00eame uni leurs forces pour renforcer leur capacit\u00e9 d&rsquo;enqu\u00eate sur les crimes commis en Syrie.<\/p>\n\n\n\n<p>Cette recherche attire l&rsquo;attention sur le fait que la r\u00e8gle de la comp\u00e9tence universelle varie d&rsquo;un pays \u00e0 l&rsquo;autre, ce qui rend tr\u00e8s difficile la constitution de dossiers par les praticien\u00b7nes. Les conditions d&rsquo;exercice de la comp\u00e9tence universelle varieront en fonction de divers aspects, tels que la nature du crime ou le lien avec le pays. TRIAL International esp\u00e8re que cette recherche aidera les avocat\u00b7es et les ONG \u00e0 s&rsquo;orienter dans les diff\u00e9rents syst\u00e8mes juridiques \u00e9tudi\u00e9s.<\/p>\n","protected":false},"excerpt":{"rendered":"<p>Des outils indispensables pour comprendre les lois et la pratique en mati\u00e8re de comp\u00e9tence universelle Comment les diff\u00e9rents pays poursuivent-ils les disparitions forc\u00e9es, le g\u00e9nocide, la torture, les crimes contre l&rsquo;humanit\u00e9 et les crimes de guerre ? En collaboration avec Open Society Justice Initiative (OSJI), TRIAL International a travaill\u00e9 sur une analyse approfondie des lois [&hellip;]<\/p>\n","protected":false},"author":53,"featured_media":0,"parent":23697,"menu_order":2,"comment_status":"closed","ping_status":"closed","template":"","meta":{"_acf_changed":false,"footnotes":""},"class_list":["post-26539","page","type-page","status-publish","hentry"],"acf":[],"featured_image_src":null,"yoast_head":"<!-- This site is optimized with the Yoast SEO plugin v26.9 - https:\/\/yoast.com\/product\/yoast-seo-wordpress\/ -->\n<title>Universal Jurisdiction Law and Practice Briefing Papers - TRIAL International<\/title>\n<meta name=\"description\" content=\"S\u00e9rie de rapports analysant les lois &amp; pratiques de plusieurs pays en mati\u00e8re d&#039;enqu\u00eates et de poursuites de crimes relevant de la comp\u00e9tence universelle.\" \/>\n<meta name=\"robots\" content=\"index, follow, max-snippet:-1, max-image-preview:large, max-video-preview:-1\" \/>\n<link rel=\"canonical\" href=\"https:\/\/trialinternational.org\/fr\/outils-competence-universelle\/universal-jurisdiction-law-and-practice-briefing-papers\/\" \/>\n<meta property=\"og:locale\" content=\"fr_FR\" \/>\n<meta property=\"og:type\" content=\"article\" \/>\n<meta property=\"og:title\" content=\"Universal Jurisdiction Law and Practice Briefing Papers - TRIAL International\" \/>\n<meta property=\"og:description\" content=\"S\u00e9rie de rapports analysant les lois &amp; pratiques de plusieurs pays en mati\u00e8re d&#039;enqu\u00eates et de poursuites de crimes relevant de la comp\u00e9tence universelle.\" \/>\n<meta property=\"og:url\" content=\"https:\/\/trialinternational.org\/fr\/outils-competence-universelle\/universal-jurisdiction-law-and-practice-briefing-papers\/\" \/>\n<meta property=\"og:site_name\" content=\"TRIAL International\" \/>\n<meta property=\"article:publisher\" content=\"https:\/\/www.facebook.com\/trial.org\" \/>\n<meta property=\"article:modified_time\" content=\"2025-04-24T09:23:48+00:00\" \/>\n<meta name=\"twitter:card\" content=\"summary_large_image\" \/>\n<meta name=\"twitter:site\" content=\"@Trial\" \/>\n<meta name=\"twitter:label1\" content=\"Dur\u00e9e de lecture estim\u00e9e\" \/>\n\t<meta name=\"twitter:data1\" content=\"2 minutes\" \/>\n<script type=\"application\/ld+json\" class=\"yoast-schema-graph\">{\"@context\":\"https:\/\/schema.org\",\"@graph\":[{\"@type\":\"WebPage\",\"@id\":\"https:\/\/trialinternational.org\/fr\/outils-competence-universelle\/universal-jurisdiction-law-and-practice-briefing-papers\/\",\"url\":\"https:\/\/trialinternational.org\/fr\/outils-competence-universelle\/universal-jurisdiction-law-and-practice-briefing-papers\/\",\"name\":\"Universal Jurisdiction Law and Practice Briefing Papers - TRIAL International\",\"isPartOf\":{\"@id\":\"https:\/\/trialinternational.org\/#website\"},\"datePublished\":\"2023-11-17T16:41:48+00:00\",\"dateModified\":\"2025-04-24T09:23:48+00:00\",\"description\":\"S\u00e9rie de rapports analysant les lois & pratiques de plusieurs pays en mati\u00e8re d'enqu\u00eates et de poursuites de crimes relevant de la comp\u00e9tence universelle.\",\"breadcrumb\":{\"@id\":\"https:\/\/trialinternational.org\/fr\/outils-competence-universelle\/universal-jurisdiction-law-and-practice-briefing-papers\/#breadcrumb\"},\"inLanguage\":\"fr-FR\",\"potentialAction\":[{\"@type\":\"ReadAction\",\"target\":[\"https:\/\/trialinternational.org\/fr\/outils-competence-universelle\/universal-jurisdiction-law-and-practice-briefing-papers\/\"]}]},{\"@type\":\"BreadcrumbList\",\"@id\":\"https:\/\/trialinternational.org\/fr\/outils-competence-universelle\/universal-jurisdiction-law-and-practice-briefing-papers\/#breadcrumb\",\"itemListElement\":[{\"@type\":\"ListItem\",\"position\":1,\"name\":\"Home\",\"item\":\"https:\/\/trialinternational.org\/fr\/\"},{\"@type\":\"ListItem\",\"position\":2,\"name\":\"OLD_Outils pour la comp\u00e9tence universelle\",\"item\":\"https:\/\/trialinternational.org\/fr\/?page_id=23697\"},{\"@type\":\"ListItem\",\"position\":3,\"name\":\"Universal Jurisdiction Law and Practice Briefing Papers\"}]},{\"@type\":\"WebSite\",\"@id\":\"https:\/\/trialinternational.org\/#website\",\"url\":\"https:\/\/trialinternational.org\/\",\"name\":\"TRIAL International\",\"description\":\"Une voie vers la justice\",\"potentialAction\":[{\"@type\":\"SearchAction\",\"target\":{\"@type\":\"EntryPoint\",\"urlTemplate\":\"https:\/\/trialinternational.org\/?s={search_term_string}\"},\"query-input\":{\"@type\":\"PropertyValueSpecification\",\"valueRequired\":true,\"valueName\":\"search_term_string\"}}],\"inLanguage\":\"fr-FR\"}]}<\/script>\n<!-- \/ Yoast SEO plugin. -->","yoast_head_json":{"title":"Universal Jurisdiction Law and Practice Briefing Papers - TRIAL International","description":"S\u00e9rie de rapports analysant les lois & pratiques de plusieurs pays en mati\u00e8re d'enqu\u00eates et de poursuites de crimes relevant de la comp\u00e9tence universelle.","robots":{"index":"index","follow":"follow","max-snippet":"max-snippet:-1","max-image-preview":"max-image-preview:large","max-video-preview":"max-video-preview:-1"},"canonical":"https:\/\/trialinternational.org\/fr\/outils-competence-universelle\/universal-jurisdiction-law-and-practice-briefing-papers\/","og_locale":"fr_FR","og_type":"article","og_title":"Universal Jurisdiction Law and Practice Briefing Papers - TRIAL International","og_description":"S\u00e9rie de rapports analysant les lois & pratiques de plusieurs pays en mati\u00e8re d'enqu\u00eates et de poursuites de crimes relevant de la comp\u00e9tence universelle.","og_url":"https:\/\/trialinternational.org\/fr\/outils-competence-universelle\/universal-jurisdiction-law-and-practice-briefing-papers\/","og_site_name":"TRIAL International","article_publisher":"https:\/\/www.facebook.com\/trial.org","article_modified_time":"2025-04-24T09:23:48+00:00","twitter_card":"summary_large_image","twitter_site":"@Trial","twitter_misc":{"Dur\u00e9e de lecture estim\u00e9e":"2 minutes"},"schema":{"@context":"https:\/\/schema.org","@graph":[{"@type":"WebPage","@id":"https:\/\/trialinternational.org\/fr\/outils-competence-universelle\/universal-jurisdiction-law-and-practice-briefing-papers\/","url":"https:\/\/trialinternational.org\/fr\/outils-competence-universelle\/universal-jurisdiction-law-and-practice-briefing-papers\/","name":"Universal Jurisdiction Law and Practice Briefing Papers - TRIAL International","isPartOf":{"@id":"https:\/\/trialinternational.org\/#website"},"datePublished":"2023-11-17T16:41:48+00:00","dateModified":"2025-04-24T09:23:48+00:00","description":"S\u00e9rie de rapports analysant les lois & pratiques de plusieurs pays en mati\u00e8re d'enqu\u00eates et de poursuites de crimes relevant de la comp\u00e9tence universelle.","breadcrumb":{"@id":"https:\/\/trialinternational.org\/fr\/outils-competence-universelle\/universal-jurisdiction-law-and-practice-briefing-papers\/#breadcrumb"},"inLanguage":"fr-FR","potentialAction":[{"@type":"ReadAction","target":["https:\/\/trialinternational.org\/fr\/outils-competence-universelle\/universal-jurisdiction-law-and-practice-briefing-papers\/"]}]},{"@type":"BreadcrumbList","@id":"https:\/\/trialinternational.org\/fr\/outils-competence-universelle\/universal-jurisdiction-law-and-practice-briefing-papers\/#breadcrumb","itemListElement":[{"@type":"ListItem","position":1,"name":"Home","item":"https:\/\/trialinternational.org\/fr\/"},{"@type":"ListItem","position":2,"name":"OLD_Outils pour la comp\u00e9tence universelle","item":"https:\/\/trialinternational.org\/fr\/?page_id=23697"},{"@type":"ListItem","position":3,"name":"Universal Jurisdiction Law and Practice Briefing Papers"}]},{"@type":"WebSite","@id":"https:\/\/trialinternational.org\/#website","url":"https:\/\/trialinternational.org\/","name":"TRIAL International","description":"Une voie vers la justice","potentialAction":[{"@type":"SearchAction","target":{"@type":"EntryPoint","urlTemplate":"https:\/\/trialinternational.org\/?s={search_term_string}"},"query-input":{"@type":"PropertyValueSpecification","valueRequired":true,"valueName":"search_term_string"}}],"inLanguage":"fr-FR"}]}},"_links":{"self":[{"href":"https:\/\/trialinternational.org\/fr\/wp-json\/wp\/v2\/pages\/26539","targetHints":{"allow":["GET"]}}],"collection":[{"href":"https:\/\/trialinternational.org\/fr\/wp-json\/wp\/v2\/pages"}],"about":[{"href":"https:\/\/trialinternational.org\/fr\/wp-json\/wp\/v2\/types\/page"}],"author":[{"embeddable":true,"href":"https:\/\/trialinternational.org\/fr\/wp-json\/wp\/v2\/users\/53"}],"replies":[{"embeddable":true,"href":"https:\/\/trialinternational.org\/fr\/wp-json\/wp\/v2\/comments?post=26539"}],"version-history":[{"count":0,"href":"https:\/\/trialinternational.org\/fr\/wp-json\/wp\/v2\/pages\/26539\/revisions"}],"up":[{"embeddable":true,"href":"https:\/\/trialinternational.org\/fr\/wp-json\/wp\/v2\/pages\/23697"}],"wp:attachment":[{"href":"https:\/\/trialinternational.org\/fr\/wp-json\/wp\/v2\/media?parent=26539"}],"curies":[{"name":"wp","href":"https:\/\/api.w.org\/{rel}","templated":true}]}}