{"id":26648,"date":"2023-11-17T17:31:46","date_gmt":"2023-11-17T16:31:46","guid":{"rendered":"https:\/\/trialinternational.org\/?page_id=26648"},"modified":"2025-09-26T09:51:26","modified_gmt":"2025-09-26T07:51:26","slug":"universal-jurisdiction-interactive-map","status":"publish","type":"page","link":"https:\/\/trialinternational.org\/fr\/universal-jurisdiction-tools\/universal-jurisdiction-interactive-map\/","title":{"rendered":"Universal Jurisdiction Interactive Map"},"content":{"rendered":"\n<p class=\"has-medium-font-size\" id=\"UJIM\">La carte interactive de la comp\u00e9tence universelle (UJIM) est un outil en ligne qui pr\u00e9sente une vue d\u2019ensemble des affaires p\u00e9nales port\u00e9es devant les tribunaux nationaux sur la base du principe de la comp\u00e9tence universelle. Les affaires incluses dans la carte concernent des crimes internationaux, \u00e0 savoir le&nbsp;g\u00e9nocide, les crimes de guerre, les crimes contre l&rsquo;humanit\u00e9, la torture, les disparitions forc\u00e9es et le crime d\u2019agression. <\/p>\n\n\n\n<p class=\"has-medium-font-size\" id=\"UJIM\">La carte a \u00e9t\u00e9 d\u00e9velopp\u00e9e sur la base de la Base de donn\u00e9es comp\u00e9tence universelle de TRIAL International, qu\u2019elle remplace d\u00e9sormais. La carte interactive permet aux utilisateur\u00b7rice\u00b7s d\u2019acc\u00e9der \u00e0 des donn\u00e9es quantitatives sur les enqu\u00eates et les poursuites engag\u00e9es dans le cadre d\u2019affaires relevant de la comp\u00e9tence universelle dans le monde entier en utilisant des filtres. Pour chaque affaire, un r\u00e9sum\u00e9 des faits et de la proc\u00e9dure est \u00e9galement disponible.<br><\/p>\n\n\n\n<p class=\"has-text-color has-medium-font-size\" style=\"color:#f36f34\"><strong>Cliquer sur l&rsquo;image pour acc\u00e9der \u00e0 la carte<\/strong><\/p>\n\n\n<div class=\"wp-block-image\">\n<figure class=\"aligncenter size-large\"><a href=\"https:\/\/ujim.trialinternational.org\/fr\/\" target=\"_blank\" rel=\" noreferrer noopener\"><img loading=\"lazy\" decoding=\"async\" width=\"1024\" height=\"483\" src=\"https:\/\/trialinternational.org\/wp-content\/uploads\/2025\/09\/UJIM_26092025_FR-1-1024x483.png\" alt=\"Carte interactive de la comp\u00e9tence universelle (UJIM) mise \u00e0 disposition par TRIAL International.\" class=\"wp-image-31204\" srcset=\"https:\/\/trialinternational.org\/wp-content\/uploads\/2025\/09\/UJIM_26092025_FR-1-1024x483.png 1024w, https:\/\/trialinternational.org\/wp-content\/uploads\/2025\/09\/UJIM_26092025_FR-1-300x142.png 300w, https:\/\/trialinternational.org\/wp-content\/uploads\/2025\/09\/UJIM_26092025_FR-1-768x362.png 768w, https:\/\/trialinternational.org\/wp-content\/uploads\/2025\/09\/UJIM_26092025_FR-1-1536x725.png 1536w, https:\/\/trialinternational.org\/wp-content\/uploads\/2025\/09\/UJIM_26092025_FR-1-2048x967.png 2048w\" sizes=\"auto, (max-width: 1024px) 100vw, 1024px\" \/><\/a><\/figure>\n<\/div>","protected":false},"excerpt":{"rendered":"<p>La carte interactive de la comp\u00e9tence universelle (UJIM) est un outil en ligne qui pr\u00e9sente une vue d\u2019ensemble des affaires p\u00e9nales port\u00e9es devant les tribunaux nationaux sur la base du principe de la comp\u00e9tence universelle. Les affaires incluses dans la carte concernent des crimes internationaux, \u00e0 savoir le&nbsp;g\u00e9nocide, les crimes de guerre, les crimes contre [&hellip;]<\/p>\n","protected":false},"author":53,"featured_media":31204,"parent":26805,"menu_order":1,"comment_status":"closed","ping_status":"closed","template":"template-countries.php","meta":{"_acf_changed":false,"footnotes":""},"class_list":["post-26648","page","type-page","status-publish","has-post-thumbnail","hentry"],"acf":[],"featured_image_src":"https:\/\/trialinternational.org\/wp-content\/uploads\/2025\/09\/UJIM_26092025_FR-1.png","yoast_head":"<!-- This site is optimized with the Yoast SEO plugin v26.9 - https:\/\/yoast.com\/product\/yoast-seo-wordpress\/ -->\n<title>Universal Jurisdiction Interactive Map - TRIAL International<\/title>\n<meta name=\"robots\" content=\"index, follow, max-snippet:-1, max-image-preview:large, max-video-preview:-1\" \/>\n<link rel=\"canonical\" href=\"https:\/\/trialinternational.org\/fr\/universal-jurisdiction-tools\/universal-jurisdiction-interactive-map\/\" \/>\n<meta property=\"og:locale\" content=\"fr_FR\" \/>\n<meta property=\"og:type\" content=\"article\" \/>\n<meta property=\"og:title\" content=\"Universal Jurisdiction Interactive Map - TRIAL International\" \/>\n<meta property=\"og:description\" content=\"La carte interactive de la comp\u00e9tence universelle (UJIM) est un outil en ligne qui pr\u00e9sente une vue d\u2019ensemble des affaires p\u00e9nales port\u00e9es devant les tribunaux nationaux sur la base du principe de la comp\u00e9tence universelle. Les affaires incluses dans la carte concernent des crimes internationaux, \u00e0 savoir le&nbsp;g\u00e9nocide, les crimes de guerre, les crimes contre [&hellip;]\" \/>\n<meta property=\"og:url\" content=\"https:\/\/trialinternational.org\/fr\/universal-jurisdiction-tools\/universal-jurisdiction-interactive-map\/\" \/>\n<meta property=\"og:site_name\" content=\"TRIAL International\" \/>\n<meta property=\"article:publisher\" content=\"https:\/\/www.facebook.com\/trial.org\" \/>\n<meta property=\"article:modified_time\" content=\"2025-09-26T07:51:26+00:00\" \/>\n<meta property=\"og:image\" content=\"https:\/\/trialinternational.org\/wp-content\/uploads\/2025\/09\/UJIM_26092025_FR-1.png\" \/>\n\t<meta property=\"og:image:width\" content=\"2750\" \/>\n\t<meta property=\"og:image:height\" content=\"1298\" \/>\n\t<meta property=\"og:image:type\" content=\"image\/png\" \/>\n<meta name=\"twitter:card\" content=\"summary_large_image\" \/>\n<meta name=\"twitter:site\" content=\"@Trial\" \/>\n<meta name=\"twitter:label1\" content=\"Dur\u00e9e de lecture estim\u00e9e\" \/>\n\t<meta name=\"twitter:data1\" content=\"2 minutes\" \/>\n<script type=\"application\/ld+json\" class=\"yoast-schema-graph\">{\"@context\":\"https:\/\/schema.org\",\"@graph\":[{\"@type\":\"WebPage\",\"@id\":\"https:\/\/trialinternational.org\/fr\/universal-jurisdiction-tools\/universal-jurisdiction-interactive-map\/\",\"url\":\"https:\/\/trialinternational.org\/fr\/universal-jurisdiction-tools\/universal-jurisdiction-interactive-map\/\",\"name\":\"Universal Jurisdiction Interactive Map - TRIAL International\",\"isPartOf\":{\"@id\":\"https:\/\/trialinternational.org\/#website\"},\"primaryImageOfPage\":{\"@id\":\"https:\/\/trialinternational.org\/fr\/universal-jurisdiction-tools\/universal-jurisdiction-interactive-map\/#primaryimage\"},\"image\":{\"@id\":\"https:\/\/trialinternational.org\/fr\/universal-jurisdiction-tools\/universal-jurisdiction-interactive-map\/#primaryimage\"},\"thumbnailUrl\":\"https:\/\/trialinternational.org\/wp-content\/uploads\/2025\/09\/UJIM_26092025_FR-1.png\",\"datePublished\":\"2023-11-17T16:31:46+00:00\",\"dateModified\":\"2025-09-26T07:51:26+00:00\",\"breadcrumb\":{\"@id\":\"https:\/\/trialinternational.org\/fr\/universal-jurisdiction-tools\/universal-jurisdiction-interactive-map\/#breadcrumb\"},\"inLanguage\":\"fr-FR\",\"potentialAction\":[{\"@type\":\"ReadAction\",\"target\":[\"https:\/\/trialinternational.org\/fr\/universal-jurisdiction-tools\/universal-jurisdiction-interactive-map\/\"]}]},{\"@type\":\"ImageObject\",\"inLanguage\":\"fr-FR\",\"@id\":\"https:\/\/trialinternational.org\/fr\/universal-jurisdiction-tools\/universal-jurisdiction-interactive-map\/#primaryimage\",\"url\":\"https:\/\/trialinternational.org\/wp-content\/uploads\/2025\/09\/UJIM_26092025_FR-1.png\",\"contentUrl\":\"https:\/\/trialinternational.org\/wp-content\/uploads\/2025\/09\/UJIM_26092025_FR-1.png\",\"width\":2750,\"height\":1298,\"caption\":\"Image de la carte interactive de la comp\u00e9tence universelle (UJIM) mise \u00e0 disposition par TRIAL International\"},{\"@type\":\"BreadcrumbList\",\"@id\":\"https:\/\/trialinternational.org\/fr\/universal-jurisdiction-tools\/universal-jurisdiction-interactive-map\/#breadcrumb\",\"itemListElement\":[{\"@type\":\"ListItem\",\"position\":1,\"name\":\"Home\",\"item\":\"https:\/\/trialinternational.org\/fr\/\"},{\"@type\":\"ListItem\",\"position\":2,\"name\":\"Outils pour la comp\u00e9tence universelle\",\"item\":\"https:\/\/trialinternational.org\/fr\/universal-jurisdiction-tools\/\"},{\"@type\":\"ListItem\",\"position\":3,\"name\":\"Universal Jurisdiction Interactive Map\"}]},{\"@type\":\"WebSite\",\"@id\":\"https:\/\/trialinternational.org\/#website\",\"url\":\"https:\/\/trialinternational.org\/\",\"name\":\"TRIAL International\",\"description\":\"Une voie vers la justice\",\"potentialAction\":[{\"@type\":\"SearchAction\",\"target\":{\"@type\":\"EntryPoint\",\"urlTemplate\":\"https:\/\/trialinternational.org\/?s={search_term_string}\"},\"query-input\":{\"@type\":\"PropertyValueSpecification\",\"valueRequired\":true,\"valueName\":\"search_term_string\"}}],\"inLanguage\":\"fr-FR\"}]}<\/script>\n<!-- \/ Yoast SEO plugin. -->","yoast_head_json":{"title":"Universal Jurisdiction Interactive Map - TRIAL International","robots":{"index":"index","follow":"follow","max-snippet":"max-snippet:-1","max-image-preview":"max-image-preview:large","max-video-preview":"max-video-preview:-1"},"canonical":"https:\/\/trialinternational.org\/fr\/universal-jurisdiction-tools\/universal-jurisdiction-interactive-map\/","og_locale":"fr_FR","og_type":"article","og_title":"Universal Jurisdiction Interactive Map - TRIAL International","og_description":"La carte interactive de la comp\u00e9tence universelle (UJIM) est un outil en ligne qui pr\u00e9sente une vue d\u2019ensemble des affaires p\u00e9nales port\u00e9es devant les tribunaux nationaux sur la base du principe de la comp\u00e9tence universelle. Les affaires incluses dans la carte concernent des crimes internationaux, \u00e0 savoir le&nbsp;g\u00e9nocide, les crimes de guerre, les crimes contre [&hellip;]","og_url":"https:\/\/trialinternational.org\/fr\/universal-jurisdiction-tools\/universal-jurisdiction-interactive-map\/","og_site_name":"TRIAL International","article_publisher":"https:\/\/www.facebook.com\/trial.org","article_modified_time":"2025-09-26T07:51:26+00:00","og_image":[{"width":2750,"height":1298,"url":"https:\/\/trialinternational.org\/wp-content\/uploads\/2025\/09\/UJIM_26092025_FR-1.png","type":"image\/png"}],"twitter_card":"summary_large_image","twitter_site":"@Trial","twitter_misc":{"Dur\u00e9e de lecture estim\u00e9e":"2 minutes"},"schema":{"@context":"https:\/\/schema.org","@graph":[{"@type":"WebPage","@id":"https:\/\/trialinternational.org\/fr\/universal-jurisdiction-tools\/universal-jurisdiction-interactive-map\/","url":"https:\/\/trialinternational.org\/fr\/universal-jurisdiction-tools\/universal-jurisdiction-interactive-map\/","name":"Universal Jurisdiction Interactive Map - TRIAL International","isPartOf":{"@id":"https:\/\/trialinternational.org\/#website"},"primaryImageOfPage":{"@id":"https:\/\/trialinternational.org\/fr\/universal-jurisdiction-tools\/universal-jurisdiction-interactive-map\/#primaryimage"},"image":{"@id":"https:\/\/trialinternational.org\/fr\/universal-jurisdiction-tools\/universal-jurisdiction-interactive-map\/#primaryimage"},"thumbnailUrl":"https:\/\/trialinternational.org\/wp-content\/uploads\/2025\/09\/UJIM_26092025_FR-1.png","datePublished":"2023-11-17T16:31:46+00:00","dateModified":"2025-09-26T07:51:26+00:00","breadcrumb":{"@id":"https:\/\/trialinternational.org\/fr\/universal-jurisdiction-tools\/universal-jurisdiction-interactive-map\/#breadcrumb"},"inLanguage":"fr-FR","potentialAction":[{"@type":"ReadAction","target":["https:\/\/trialinternational.org\/fr\/universal-jurisdiction-tools\/universal-jurisdiction-interactive-map\/"]}]},{"@type":"ImageObject","inLanguage":"fr-FR","@id":"https:\/\/trialinternational.org\/fr\/universal-jurisdiction-tools\/universal-jurisdiction-interactive-map\/#primaryimage","url":"https:\/\/trialinternational.org\/wp-content\/uploads\/2025\/09\/UJIM_26092025_FR-1.png","contentUrl":"https:\/\/trialinternational.org\/wp-content\/uploads\/2025\/09\/UJIM_26092025_FR-1.png","width":2750,"height":1298,"caption":"Image de la carte interactive de la comp\u00e9tence universelle (UJIM) mise \u00e0 disposition par TRIAL International"},{"@type":"BreadcrumbList","@id":"https:\/\/trialinternational.org\/fr\/universal-jurisdiction-tools\/universal-jurisdiction-interactive-map\/#breadcrumb","itemListElement":[{"@type":"ListItem","position":1,"name":"Home","item":"https:\/\/trialinternational.org\/fr\/"},{"@type":"ListItem","position":2,"name":"Outils pour la comp\u00e9tence universelle","item":"https:\/\/trialinternational.org\/fr\/universal-jurisdiction-tools\/"},{"@type":"ListItem","position":3,"name":"Universal Jurisdiction Interactive Map"}]},{"@type":"WebSite","@id":"https:\/\/trialinternational.org\/#website","url":"https:\/\/trialinternational.org\/","name":"TRIAL International","description":"Une voie vers la justice","potentialAction":[{"@type":"SearchAction","target":{"@type":"EntryPoint","urlTemplate":"https:\/\/trialinternational.org\/?s={search_term_string}"},"query-input":{"@type":"PropertyValueSpecification","valueRequired":true,"valueName":"search_term_string"}}],"inLanguage":"fr-FR"}]}},"_links":{"self":[{"href":"https:\/\/trialinternational.org\/fr\/wp-json\/wp\/v2\/pages\/26648","targetHints":{"allow":["GET"]}}],"collection":[{"href":"https:\/\/trialinternational.org\/fr\/wp-json\/wp\/v2\/pages"}],"about":[{"href":"https:\/\/trialinternational.org\/fr\/wp-json\/wp\/v2\/types\/page"}],"author":[{"embeddable":true,"href":"https:\/\/trialinternational.org\/fr\/wp-json\/wp\/v2\/users\/53"}],"replies":[{"embeddable":true,"href":"https:\/\/trialinternational.org\/fr\/wp-json\/wp\/v2\/comments?post=26648"}],"version-history":[{"count":0,"href":"https:\/\/trialinternational.org\/fr\/wp-json\/wp\/v2\/pages\/26648\/revisions"}],"up":[{"embeddable":true,"href":"https:\/\/trialinternational.org\/fr\/wp-json\/wp\/v2\/pages\/26805"}],"wp:featuredmedia":[{"embeddable":true,"href":"https:\/\/trialinternational.org\/fr\/wp-json\/wp\/v2\/media\/31204"}],"wp:attachment":[{"href":"https:\/\/trialinternational.org\/fr\/wp-json\/wp\/v2\/media?parent=26648"}],"curies":[{"name":"wp","href":"https:\/\/api.w.org\/{rel}","templated":true}]}}