{"id":26805,"date":"2023-11-17T17:28:50","date_gmt":"2023-11-17T16:28:50","guid":{"rendered":"https:\/\/trialinternational.org\/ressources\/universal-jurisdiction-tools\/"},"modified":"2025-07-23T09:11:58","modified_gmt":"2025-07-23T07:11:58","slug":"universal-jurisdiction-tools","status":"publish","type":"page","link":"https:\/\/trialinternational.org\/fr\/universal-jurisdiction-tools\/","title":{"rendered":"Outils pour la comp\u00e9tence universelle"},"content":{"rendered":"\n<div style=\"height:20px\" aria-hidden=\"true\" class=\"wp-block-spacer\"><\/div>\n\n\n\n<div class=\"wp-block-columns is-layout-flex wp-container-core-columns-is-layout-9d6595d7 wp-block-columns-is-layout-flex\">\n<div class=\"wp-block-column is-vertically-aligned-bottom is-layout-flow wp-block-column-is-layout-flow\" style=\"flex-basis:100%\">\n<div class=\"wp-block-group\"><div class=\"wp-block-group__inner-container is-layout-constrained wp-block-group-is-layout-constrained\">\n<div class=\"wp-block-columns are-vertically-aligned-center is-layout-flex wp-container-core-columns-is-layout-9d6595d7 wp-block-columns-is-layout-flex\">\n<div class=\"wp-block-column is-vertically-aligned-center is-layout-flow wp-block-column-is-layout-flow\"><div class=\"wp-block-image\">\n<figure class=\"aligncenter size-full is-resized\"><a href=\"https:\/\/trialinternational.org\/fr\/universal-jurisdiction-tools\/universal-jurisdiction-interactive-map\/\"><img loading=\"lazy\" decoding=\"async\" width=\"951\" height=\"655\" src=\"https:\/\/trialinternational.org\/wp-content\/uploads\/2023\/11\/website_UJ-tools-page-UJIM.png\" alt=\"\" class=\"wp-image-26565\" style=\"width:218px;height:152px\" srcset=\"https:\/\/trialinternational.org\/wp-content\/uploads\/2023\/11\/website_UJ-tools-page-UJIM.png 951w, https:\/\/trialinternational.org\/wp-content\/uploads\/2023\/11\/website_UJ-tools-page-UJIM-300x207.png 300w, https:\/\/trialinternational.org\/wp-content\/uploads\/2023\/11\/website_UJ-tools-page-UJIM-768x529.png 768w\" sizes=\"auto, (max-width: 951px) 100vw, 951px\" \/><\/a><\/figure>\n<\/div>\n\n\n<div style=\"height:20px\" aria-hidden=\"true\" class=\"wp-block-spacer\"><\/div>\n\n\n\n<div class=\"wp-block-columns is-layout-flex wp-container-core-columns-is-layout-9d6595d7 wp-block-columns-is-layout-flex\">\n<div class=\"wp-block-column is-vertically-aligned-top is-layout-flow wp-block-column-is-layout-flow\" style=\"flex-basis:100%\">\n<p class=\"has-text-align-center\"><mark style=\"background-color: rgba(0, 0, 0, 0);\" class=\"has-inline-color\"><font size=\"5pt\" style=\"color: rgb(118, 124, 130);\">La Universal Jurisdiction Interactive <\/font><\/mark><font size=\"5pt\" style=\"color: rgb(118, 124, 130);\">Map<\/font><mark style=\"background-color:rgba(0, 0, 0, 0);color:#767c82\" class=\"has-inline-color\"><font size=\"5pt\" style=\"color: rgb(118, 124, 130);\"> pr\u00e9sente une vue d&rsquo;ensemble des affaires p\u00e9nales port\u00e9es devant des tribunaux nationaux sur la base du principe de la comp\u00e9tence universelle<\/font><\/mark>.<\/p>\n\n\n\n<div style=\"height:37px\" aria-hidden=\"true\" class=\"wp-block-spacer\"><\/div>\n\n\n\n<div class=\"wp-block-buttons is-content-justification-center is-layout-flex wp-container-core-buttons-is-layout-5e6b19ed wp-block-buttons-is-layout-flex\">\n<div class=\"wp-block-button has-custom-width wp-block-button__width-50 has-custom-font-size is-style-outline has-medium-font-size is-style-outline--2\"><a class=\"wp-block-button__link has-text-color has-background has-text-align-center wp-element-button\" href=\"https:\/\/trialinternational.org\/fr\/universal-jurisdiction-tools\/universal-jurisdiction-interactive-map\/\" style=\"border-radius:100px;color:#f36f34;background-color:#f26f3357\">plus<\/a><\/div>\n<\/div>\n<\/div>\n<\/div>\n<\/div>\n\n\n\n<div class=\"wp-block-column is-vertically-aligned-top is-layout-flow wp-block-column-is-layout-flow\"><div class=\"wp-block-image\">\n<figure class=\"aligncenter size-full is-resized\"><a href=\"https:\/\/trialinternational.org\/fr\/universal-jurisdiction-tools\/universal-jurisdiction-annual-review-ujar\/\"><img loading=\"lazy\" decoding=\"async\" width=\"951\" height=\"655\" src=\"https:\/\/trialinternational.org\/wp-content\/uploads\/2023\/11\/website_UJ-tools-page-UJAR.png\" alt=\"\" class=\"wp-image-26563\" style=\"width:218px;height:152px\" srcset=\"https:\/\/trialinternational.org\/wp-content\/uploads\/2023\/11\/website_UJ-tools-page-UJAR.png 951w, https:\/\/trialinternational.org\/wp-content\/uploads\/2023\/11\/website_UJ-tools-page-UJAR-300x207.png 300w, https:\/\/trialinternational.org\/wp-content\/uploads\/2023\/11\/website_UJ-tools-page-UJAR-768x529.png 768w\" sizes=\"auto, (max-width: 951px) 100vw, 951px\" \/><\/a><\/figure>\n<\/div>\n\n\n<div style=\"height:20px\" aria-hidden=\"true\" class=\"wp-block-spacer\"><\/div>\n\n\n\n<p class=\"has-text-align-center\"><mark style=\"background-color: rgba(0, 0, 0, 0);\" class=\"has-inline-color\"><font size=\"5pt\" style=\"color: rgb(118, 124, 130);\">Le  Universal Jurisdiction Annual Review est une compilation unique des cas de comp\u00e9tence universelle, <\/font><\/mark><mark style=\"background-color:rgba(0, 0, 0, 0);color:#767c82\" class=\"has-inline-color\"><font size=\"5pt\" style=\"color: rgb(118, 124, 130);\">mise \u00e0 jour chaque ann\u00e9e, sur les d\u00e9veloppements majeurs en mati\u00e8re de CU dans le monde<\/font><\/mark>.<\/p>\n\n\n\n<div style=\"height:37px\" aria-hidden=\"true\" class=\"wp-block-spacer\"><\/div>\n\n\n\n<div class=\"wp-block-buttons is-content-justification-center is-layout-flex wp-container-core-buttons-is-layout-16018d1d wp-block-buttons-is-layout-flex\">\n<div class=\"wp-block-button has-custom-width wp-block-button__width-50 has-custom-font-size is-style-outline has-medium-font-size is-style-outline--3\"><a class=\"wp-block-button__link has-text-color has-background wp-element-button\" href=\"https:\/\/trialinternational.org\/fr\/universal-jurisdiction-tools\/universal-jurisdiction-annual-review-ujar\/\" style=\"color:#f36f34;background-color:#f26f3357\">plus<\/a><\/div>\n<\/div>\n<\/div>\n\n\n\n<div class=\"wp-block-column is-layout-flow wp-block-column-is-layout-flow\"><div class=\"wp-block-image is-style-default\">\n<figure class=\"aligncenter size-full is-resized\"><a href=\"https:\/\/trialinternational.org\/fr\/outils-competence-universelle\/universal-jurisdiction-law-and-practice-briefing-papers\/\"><img loading=\"lazy\" decoding=\"async\" width=\"951\" height=\"655\" src=\"https:\/\/trialinternational.org\/wp-content\/uploads\/2023\/11\/website_UJ-tools-page-briefing-papers.png\" alt=\"\" class=\"wp-image-26561\" style=\"width:218px;height:152px\" srcset=\"https:\/\/trialinternational.org\/wp-content\/uploads\/2023\/11\/website_UJ-tools-page-briefing-papers.png 951w, https:\/\/trialinternational.org\/wp-content\/uploads\/2023\/11\/website_UJ-tools-page-briefing-papers-300x207.png 300w, https:\/\/trialinternational.org\/wp-content\/uploads\/2023\/11\/website_UJ-tools-page-briefing-papers-768x529.png 768w\" sizes=\"auto, (max-width: 951px) 100vw, 951px\" \/><\/a><\/figure>\n<\/div>\n\n\n<div style=\"height:20px\" aria-hidden=\"true\" class=\"wp-block-spacer\"><\/div>\n\n\n\n<p class=\"has-text-align-center\"><mark style=\"background-color: rgba(0, 0, 0, 0);\" class=\"has-inline-color\"><font size=\"5pt\" style=\"color: rgb(118, 124, 130);\">Cette s\u00e9rie, qui continuera \u00e0 s&rsquo;\u00e9toffer, est une analyse approfondie <\/font><\/mark><mark style=\"background-color:rgba(0, 0, 0, 0);color:#767c82\" class=\"has-inline-color\"><font size=\"5pt\" style=\"color: rgb(118, 124, 130);\">des lois et pratiques de 12 pays en mati\u00e8re d&rsquo;enqu\u00eates et de poursuites de crimes relevant de la comp\u00e9tence universelle<\/font><\/mark>.<\/p>\n\n\n\n<div style=\"height:37px\" aria-hidden=\"true\" class=\"wp-block-spacer\"><\/div>\n\n\n\n<div class=\"wp-block-buttons is-content-justification-center is-layout-flex wp-container-core-buttons-is-layout-16018d1d wp-block-buttons-is-layout-flex\">\n<div class=\"wp-block-button has-custom-width wp-block-button__width-50 has-custom-font-size is-style-outline has-medium-font-size is-style-outline--4\"><a class=\"wp-block-button__link has-text-color has-background wp-element-button\" href=\"https:\/\/trialinternational.org\/fr\/outils-competence-universelle\/universal-jurisdiction-law-and-practice-briefing-papers\/\" style=\"color:#f36f34;background-color:#f26f3357\">plus<\/a><\/div>\n<\/div>\n<\/div>\n<\/div>\n<\/div><\/div>\n<\/div>\n<\/div>\n\n\n\n<div style=\"height:100px\" aria-hidden=\"true\" class=\"wp-block-spacer\"><\/div>\n","protected":false},"excerpt":{"rendered":"<p>La Universal Jurisdiction Interactive Map pr\u00e9sente une vue d&rsquo;ensemble des affaires p\u00e9nales port\u00e9es devant des tribunaux nationaux sur la base du principe de la comp\u00e9tence universelle. Le Universal Jurisdiction Annual Review est une compilation unique des cas de comp\u00e9tence universelle, mise \u00e0 jour chaque ann\u00e9e, sur les d\u00e9veloppements majeurs en mati\u00e8re de CU dans le [&hellip;]<\/p>\n","protected":false},"author":53,"featured_media":0,"parent":0,"menu_order":0,"comment_status":"closed","ping_status":"closed","template":"template-countries.php","meta":{"_acf_changed":false,"footnotes":""},"class_list":["post-26805","page","type-page","status-publish","hentry"],"acf":[],"featured_image_src":null,"yoast_head":"<!-- This site is optimized with the Yoast SEO plugin v26.9 - https:\/\/yoast.com\/product\/yoast-seo-wordpress\/ -->\n<title>Outils pour la comp\u00e9tence universelle - TRIAL International<\/title>\n<meta name=\"description\" content=\"TRIAL International publie r\u00e9guli\u00e8rement des outils pour les personnes pratiquant le droit li\u00e9 \u00e0 la comp\u00e9tence universelle \u00e0 travers le monde.\" \/>\n<meta name=\"robots\" content=\"index, follow, max-snippet:-1, max-image-preview:large, max-video-preview:-1\" \/>\n<link rel=\"canonical\" href=\"https:\/\/trialinternational.org\/fr\/universal-jurisdiction-tools\/\" \/>\n<meta property=\"og:locale\" content=\"fr_FR\" \/>\n<meta property=\"og:type\" content=\"article\" \/>\n<meta property=\"og:title\" content=\"Outils pour la comp\u00e9tence universelle - TRIAL International\" \/>\n<meta property=\"og:description\" content=\"TRIAL International publie r\u00e9guli\u00e8rement des outils pour les personnes pratiquant le droit li\u00e9 \u00e0 la comp\u00e9tence universelle \u00e0 travers le monde.\" \/>\n<meta property=\"og:url\" content=\"https:\/\/trialinternational.org\/fr\/universal-jurisdiction-tools\/\" \/>\n<meta property=\"og:site_name\" content=\"TRIAL International\" \/>\n<meta property=\"article:publisher\" content=\"https:\/\/www.facebook.com\/trial.org\" \/>\n<meta property=\"article:modified_time\" content=\"2025-07-23T07:11:58+00:00\" \/>\n<meta property=\"og:image\" content=\"https:\/\/trialinternational.org\/wp-content\/uploads\/2023\/11\/website_UJ-tools-page-UJIM.png\" \/>\n\t<meta property=\"og:image:width\" content=\"951\" \/>\n\t<meta property=\"og:image:height\" content=\"655\" \/>\n\t<meta property=\"og:image:type\" content=\"image\/png\" \/>\n<meta name=\"twitter:card\" content=\"summary_large_image\" \/>\n<meta name=\"twitter:site\" content=\"@Trial\" \/>\n<meta name=\"twitter:label1\" content=\"Dur\u00e9e de lecture estim\u00e9e\" \/>\n\t<meta name=\"twitter:data1\" content=\"1 minute\" \/>\n<script type=\"application\/ld+json\" class=\"yoast-schema-graph\">{\"@context\":\"https:\/\/schema.org\",\"@graph\":[{\"@type\":\"WebPage\",\"@id\":\"https:\/\/trialinternational.org\/fr\/universal-jurisdiction-tools\/\",\"url\":\"https:\/\/trialinternational.org\/fr\/universal-jurisdiction-tools\/\",\"name\":\"Outils pour la comp\u00e9tence universelle - TRIAL International\",\"isPartOf\":{\"@id\":\"https:\/\/trialinternational.org\/#website\"},\"primaryImageOfPage\":{\"@id\":\"https:\/\/trialinternational.org\/fr\/universal-jurisdiction-tools\/#primaryimage\"},\"image\":{\"@id\":\"https:\/\/trialinternational.org\/fr\/universal-jurisdiction-tools\/#primaryimage\"},\"thumbnailUrl\":\"https:\/\/trialinternational.org\/wp-content\/uploads\/2023\/11\/website_UJ-tools-page-UJIM.png\",\"datePublished\":\"2023-11-17T16:28:50+00:00\",\"dateModified\":\"2025-07-23T07:11:58+00:00\",\"description\":\"TRIAL International publie r\u00e9guli\u00e8rement des outils pour les personnes pratiquant le droit li\u00e9 \u00e0 la comp\u00e9tence universelle \u00e0 travers le monde.\",\"breadcrumb\":{\"@id\":\"https:\/\/trialinternational.org\/fr\/universal-jurisdiction-tools\/#breadcrumb\"},\"inLanguage\":\"fr-FR\",\"potentialAction\":[{\"@type\":\"ReadAction\",\"target\":[\"https:\/\/trialinternational.org\/fr\/universal-jurisdiction-tools\/\"]}]},{\"@type\":\"ImageObject\",\"inLanguage\":\"fr-FR\",\"@id\":\"https:\/\/trialinternational.org\/fr\/universal-jurisdiction-tools\/#primaryimage\",\"url\":\"https:\/\/trialinternational.org\/wp-content\/uploads\/2023\/11\/website_UJ-tools-page-UJIM.png\",\"contentUrl\":\"https:\/\/trialinternational.org\/wp-content\/uploads\/2023\/11\/website_UJ-tools-page-UJIM.png\"},{\"@type\":\"BreadcrumbList\",\"@id\":\"https:\/\/trialinternational.org\/fr\/universal-jurisdiction-tools\/#breadcrumb\",\"itemListElement\":[{\"@type\":\"ListItem\",\"position\":1,\"name\":\"Home\",\"item\":\"https:\/\/trialinternational.org\/fr\/\"},{\"@type\":\"ListItem\",\"position\":2,\"name\":\"Outils pour la comp\u00e9tence universelle\"}]},{\"@type\":\"WebSite\",\"@id\":\"https:\/\/trialinternational.org\/#website\",\"url\":\"https:\/\/trialinternational.org\/\",\"name\":\"TRIAL International\",\"description\":\"Une voie vers la justice\",\"potentialAction\":[{\"@type\":\"SearchAction\",\"target\":{\"@type\":\"EntryPoint\",\"urlTemplate\":\"https:\/\/trialinternational.org\/?s={search_term_string}\"},\"query-input\":{\"@type\":\"PropertyValueSpecification\",\"valueRequired\":true,\"valueName\":\"search_term_string\"}}],\"inLanguage\":\"fr-FR\"}]}<\/script>\n<!-- \/ Yoast SEO plugin. -->","yoast_head_json":{"title":"Outils pour la comp\u00e9tence universelle - TRIAL International","description":"TRIAL International publie r\u00e9guli\u00e8rement des outils pour les personnes pratiquant le droit li\u00e9 \u00e0 la comp\u00e9tence universelle \u00e0 travers le monde.","robots":{"index":"index","follow":"follow","max-snippet":"max-snippet:-1","max-image-preview":"max-image-preview:large","max-video-preview":"max-video-preview:-1"},"canonical":"https:\/\/trialinternational.org\/fr\/universal-jurisdiction-tools\/","og_locale":"fr_FR","og_type":"article","og_title":"Outils pour la comp\u00e9tence universelle - TRIAL International","og_description":"TRIAL International publie r\u00e9guli\u00e8rement des outils pour les personnes pratiquant le droit li\u00e9 \u00e0 la comp\u00e9tence universelle \u00e0 travers le monde.","og_url":"https:\/\/trialinternational.org\/fr\/universal-jurisdiction-tools\/","og_site_name":"TRIAL International","article_publisher":"https:\/\/www.facebook.com\/trial.org","article_modified_time":"2025-07-23T07:11:58+00:00","og_image":[{"width":951,"height":655,"url":"https:\/\/trialinternational.org\/wp-content\/uploads\/2023\/11\/website_UJ-tools-page-UJIM.png","type":"image\/png"}],"twitter_card":"summary_large_image","twitter_site":"@Trial","twitter_misc":{"Dur\u00e9e de lecture estim\u00e9e":"1 minute"},"schema":{"@context":"https:\/\/schema.org","@graph":[{"@type":"WebPage","@id":"https:\/\/trialinternational.org\/fr\/universal-jurisdiction-tools\/","url":"https:\/\/trialinternational.org\/fr\/universal-jurisdiction-tools\/","name":"Outils pour la comp\u00e9tence universelle - TRIAL International","isPartOf":{"@id":"https:\/\/trialinternational.org\/#website"},"primaryImageOfPage":{"@id":"https:\/\/trialinternational.org\/fr\/universal-jurisdiction-tools\/#primaryimage"},"image":{"@id":"https:\/\/trialinternational.org\/fr\/universal-jurisdiction-tools\/#primaryimage"},"thumbnailUrl":"https:\/\/trialinternational.org\/wp-content\/uploads\/2023\/11\/website_UJ-tools-page-UJIM.png","datePublished":"2023-11-17T16:28:50+00:00","dateModified":"2025-07-23T07:11:58+00:00","description":"TRIAL International publie r\u00e9guli\u00e8rement des outils pour les personnes pratiquant le droit li\u00e9 \u00e0 la comp\u00e9tence universelle \u00e0 travers le monde.","breadcrumb":{"@id":"https:\/\/trialinternational.org\/fr\/universal-jurisdiction-tools\/#breadcrumb"},"inLanguage":"fr-FR","potentialAction":[{"@type":"ReadAction","target":["https:\/\/trialinternational.org\/fr\/universal-jurisdiction-tools\/"]}]},{"@type":"ImageObject","inLanguage":"fr-FR","@id":"https:\/\/trialinternational.org\/fr\/universal-jurisdiction-tools\/#primaryimage","url":"https:\/\/trialinternational.org\/wp-content\/uploads\/2023\/11\/website_UJ-tools-page-UJIM.png","contentUrl":"https:\/\/trialinternational.org\/wp-content\/uploads\/2023\/11\/website_UJ-tools-page-UJIM.png"},{"@type":"BreadcrumbList","@id":"https:\/\/trialinternational.org\/fr\/universal-jurisdiction-tools\/#breadcrumb","itemListElement":[{"@type":"ListItem","position":1,"name":"Home","item":"https:\/\/trialinternational.org\/fr\/"},{"@type":"ListItem","position":2,"name":"Outils pour la comp\u00e9tence universelle"}]},{"@type":"WebSite","@id":"https:\/\/trialinternational.org\/#website","url":"https:\/\/trialinternational.org\/","name":"TRIAL International","description":"Une voie vers la justice","potentialAction":[{"@type":"SearchAction","target":{"@type":"EntryPoint","urlTemplate":"https:\/\/trialinternational.org\/?s={search_term_string}"},"query-input":{"@type":"PropertyValueSpecification","valueRequired":true,"valueName":"search_term_string"}}],"inLanguage":"fr-FR"}]}},"_links":{"self":[{"href":"https:\/\/trialinternational.org\/fr\/wp-json\/wp\/v2\/pages\/26805","targetHints":{"allow":["GET"]}}],"collection":[{"href":"https:\/\/trialinternational.org\/fr\/wp-json\/wp\/v2\/pages"}],"about":[{"href":"https:\/\/trialinternational.org\/fr\/wp-json\/wp\/v2\/types\/page"}],"author":[{"embeddable":true,"href":"https:\/\/trialinternational.org\/fr\/wp-json\/wp\/v2\/users\/53"}],"replies":[{"embeddable":true,"href":"https:\/\/trialinternational.org\/fr\/wp-json\/wp\/v2\/comments?post=26805"}],"version-history":[{"count":0,"href":"https:\/\/trialinternational.org\/fr\/wp-json\/wp\/v2\/pages\/26805\/revisions"}],"wp:attachment":[{"href":"https:\/\/trialinternational.org\/fr\/wp-json\/wp\/v2\/media?parent=26805"}],"curies":[{"name":"wp","href":"https:\/\/api.w.org\/{rel}","templated":true}]}}