{"id":26827,"date":"2023-11-18T12:20:32","date_gmt":"2023-11-18T11:20:32","guid":{"rendered":"https:\/\/trialinternational.org\/?page_id=26827"},"modified":"2026-04-20T16:34:11","modified_gmt":"2026-04-20T14:34:11","slug":"universal-jurisdiction-annual-review-ujar","status":"publish","type":"page","link":"https:\/\/trialinternational.org\/fr\/universal-jurisdiction-tools\/universal-jurisdiction-annual-review-ujar\/","title":{"rendered":"Universal Jurisdiction Annual Review \u2013 UJAR"},"content":{"rendered":"\n<p>Le rapport annuel sur les principales affaires de comp\u00e9tence universelle (UJAR) est un recueil unique en son genre consacr\u00e9 aux affaires relevant de la comp\u00e9tence universelle, qui rend compte chaque ann\u00e9e des \u00e9volutions majeures intervenues dans le domaine de la comp\u00e9tence universelle et d\u2019autres formes de comp\u00e9tence extraterritoriale \u00e0 travers le monde.<\/p>\n\n\n\n<p>Publi\u00e9 pour la premi\u00e8re fois en 2015, l\u2019UJAR est devenu une r\u00e9f\u00e9rence incontournable pour toute personne travaillant sur la question de la responsabilit\u00e9 p\u00e9nale pour les crimes internationaux. R\u00e9alis\u00e9 par TRIAL International, il offre un aper\u00e7u clair de la mani\u00e8re dont la comp\u00e9tence universelle est mise en \u0153uvre dans la pratique, ann\u00e9e apr\u00e8s ann\u00e9e.<\/p>\n\n\n\n<p>Fondamentalement, la <a href=\"https:\/\/trialinternational.org\/fr\/topics-post\/competence-universelle\/\" target=\"_blank\" rel=\"noreferrer noopener\">comp\u00e9tence universelle<\/a> permet de poursuivre les crimes les plus graves (tels que les crimes de guerre, les crimes contre l\u2019humanit\u00e9 ou le g\u00e9nocide) quel que soit le lieu o\u00f9 ils ont \u00e9t\u00e9 commis ou la nationalit\u00e9 des personnes impliqu\u00e9es. Pourtant, dans la pratique, chaque pays semble constituer une exception : l\u2019\u00e9tendue des crimes couverts, les conditions d\u2019ouverture des proc\u00e9dures, les normes en mati\u00e8re de preuve, la participation des victimes et l\u2019acc\u00e8s aux r\u00e9parations varient consid\u00e9rablement d\u2019une juridiction \u00e0 l\u2019autre.<\/p>\n\n\n\n<p>Chaque \u00e9dition de l\u2019UJAR rassemble en un seul endroit les d\u00e9veloppements les plus significatifs des affaires relevant de la comp\u00e9tence universelle \u00e0 travers le monde. Elle cartographie les tendances, met en \u00e9vidence les progr\u00e8s et met en lumi\u00e8re les lacunes persistantes.<\/p>\n\n\n\n<p>Con\u00e7u \u00e0 la fois comme un outil pratique et une ressource strat\u00e9gique, l\u2019UJAR aide les praticien\u00b7e\u00b7s du droit, les journalistes, les ONG et les d\u00e9fenseur\u00b7e\u00b7s des droits humains \u00e0 voir clair dans ce domaine complexe.<\/p>\n\n\n\n<p>Pour une pr\u00e9sentation plus visuelle des affaires relevant de la comp\u00e9tence universelle \u00e0 travers le monde et pour consulter les affaires pass\u00e9es, TRIAL International a \u00e9galement d\u00e9velopp\u00e9 une carte interactive de la comp\u00e9tence universelle (<a href=\"https:\/\/ujim.trialinternational.org\/fr\/\" target=\"_blank\" rel=\"noreferrer noopener\">UJIM<\/a>).<\/p>\n\n\n<div style=\"border: 3px solid #3c763d; border-radius: 0%; background-color: inherit; \" class=\"ub-styled-box ub-bordered-box wp-block-ub-styled-box\" id=\"ub-styled-box-4908d419-b45c-4f86-9c84-3dda194a5156\">\n<p id=\"ub-styled-box-bordered-content-\">Aidez-nous \u00e0 mieux comprendre qui se sert de cette ressource et comment elle est utilis\u00e9e ! Remplissez <a href=\"https:\/\/trialinternational.org\/latest-post\/ujar-survey\/\" target=\"_blank\" rel=\"noreferrer noopener\">ce court questionnaire<\/a> anonyme. (<em>Temps de remplissage estim\u00e9 : 2 minutes<\/em>)<\/p>\n\n\n<\/div>\n\n\n<p><\/p>\n\n\n<section class=\"c-block-pdf-grid\">\n\t\t<a href=\"https:\/\/trialinternational.org\/wp-content\/uploads\/2026\/04\/UJAR_2026_digital.pdf\" class=\"c-block-item\" target=\"_blank\"\n\t\ttitle=\"\">\n\t\t<span class=\"c-block-inner\">\n\t\t\t<img loading=\"lazy\" decoding=\"async\" width=\"640\" height=\"906\" src=\"https:\/\/trialinternational.org\/wp-content\/uploads\/2026\/04\/UJAR_2026_digital-pdf.jpg\" class=\"pdf-cover\" alt=\"\" \/>\t\t\tUJAR 2026\t\t<\/span>\n\t<\/a>\n\t\t<a href=\"https:\/\/trialinternational.org\/wp-content\/uploads\/2025\/04\/03_TRIAL_UJAR_2025_FINAL_DIGITAL.pdf\" class=\"c-block-item\" target=\"_blank\"\n\t\ttitle=\"\">\n\t\t<span class=\"c-block-inner\">\n\t\t\t<img loading=\"lazy\" decoding=\"async\" width=\"640\" height=\"906\" src=\"https:\/\/trialinternational.org\/wp-content\/uploads\/2025\/04\/03_TRIAL_UJAR_2025_FINAL_DIGITAL-pdf.jpg\" class=\"pdf-cover\" alt=\"\" \/>\t\t\tUJAR 2025\t\t<\/span>\n\t<\/a>\n\t\t<a href=\"https:\/\/trialinternational.org\/wp-content\/uploads\/2024\/04\/UJAR-2024_digital.pdf\" class=\"c-block-item\" target=\"_blank\"\n\t\ttitle=\"\">\n\t\t<span class=\"c-block-inner\">\n\t\t\t<img loading=\"lazy\" decoding=\"async\" width=\"640\" height=\"906\" src=\"https:\/\/trialinternational.org\/wp-content\/uploads\/2024\/04\/UJAR-2024_digital-pdf.jpg\" class=\"pdf-cover\" alt=\"\" \/>\t\t\tUJAR 2024\t\t<\/span>\n\t<\/a>\n\t\t<a href=\"https:\/\/trialinternational.org\/wp-content\/uploads\/2023\/11\/UJAR-2023_13112023_updated.pdf\" class=\"c-block-item\" target=\"_blank\"\n\t\ttitle=\"\">\n\t\t<span class=\"c-block-inner\">\n\t\t\t<img loading=\"lazy\" decoding=\"async\" width=\"640\" height=\"906\" src=\"https:\/\/trialinternational.org\/wp-content\/uploads\/2023\/11\/UJAR-2023_13112023_updated-pdf.jpg\" class=\"pdf-cover\" alt=\"\" \/>\t\t\tUJAR 2023\t\t<\/span>\n\t<\/a>\n\t\t<a href=\"https:\/\/trialinternational.org\/wp-content\/uploads\/2022\/03\/TRIAL_International_UJAR-2022.pdf\" class=\"c-block-item\" target=\"_blank\"\n\t\ttitle=\"\">\n\t\t<span class=\"c-block-inner\">\n\t\t\t<img loading=\"lazy\" decoding=\"async\" width=\"640\" height=\"906\" src=\"https:\/\/trialinternational.org\/wp-content\/uploads\/2022\/03\/TRIAL_International_UJAR-2022-pdf.jpg\" class=\"pdf-cover\" alt=\"\" \/>\t\t\tUJAR 2022\t\t<\/span>\n\t<\/a>\n\t\t<a href=\"https:\/\/trialinternational.org\/wp-content\/uploads\/2021\/04\/UJAR-2021_UniversalJurisdictionAnnualReview-2.pdf\" class=\"c-block-item\" target=\"_blank\"\n\t\ttitle=\"\">\n\t\t<span class=\"c-block-inner\">\n\t\t\t<img loading=\"lazy\" decoding=\"async\" width=\"640\" height=\"906\" src=\"https:\/\/trialinternational.org\/wp-content\/uploads\/2021\/04\/UJAR-2021_UniversalJurisdictionAnnualReview-2-pdf.jpg\" class=\"pdf-cover\" alt=\"\" \/>\t\t\tUJAR 2021\t\t<\/span>\n\t<\/a>\n\t\t<a href=\"https:\/\/trialinternational.org\/wp-content\/uploads\/2022\/05\/TRIAL-International_UJAR-2020_DIGITAL.pdf\" class=\"c-block-item\" target=\"_blank\"\n\t\ttitle=\"\">\n\t\t<span class=\"c-block-inner\">\n\t\t\t<img loading=\"lazy\" decoding=\"async\" width=\"640\" height=\"906\" src=\"https:\/\/trialinternational.org\/wp-content\/uploads\/2022\/05\/TRIAL-International_UJAR-2020_DIGITAL-pdf.jpg\" class=\"pdf-cover\" alt=\"\" \/>\t\t\tUJAR 2020\t\t<\/span>\n\t<\/a>\n\t\t<a href=\"https:\/\/trialinternational.org\/wp-content\/uploads\/2022\/05\/Universal_Jurisdiction_Annual_Review2019.pdf\" class=\"c-block-item\" target=\"_blank\"\n\t\ttitle=\"\">\n\t\t<span class=\"c-block-inner\">\n\t\t\t<img loading=\"lazy\" decoding=\"async\" width=\"640\" height=\"906\" src=\"https:\/\/trialinternational.org\/wp-content\/uploads\/2022\/05\/Universal_Jurisdiction_Annual_Review2019-pdf.jpg\" class=\"pdf-cover\" alt=\"\" \/>\t\t\tUJAR 2019\t\t<\/span>\n\t<\/a>\n\t\t<a href=\"https:\/\/trialinternational.org\/wp-content\/uploads\/2022\/05\/UJAR-Make-way-for-Justice-2018.pdf\" class=\"c-block-item\" target=\"_blank\"\n\t\ttitle=\"\">\n\t\t<span class=\"c-block-inner\">\n\t\t\t<img loading=\"lazy\" decoding=\"async\" width=\"640\" height=\"906\" src=\"https:\/\/trialinternational.org\/wp-content\/uploads\/2022\/05\/UJAR-Make-way-for-Justice-2018-pdf.jpg\" class=\"pdf-cover\" alt=\"\" \/>\t\t\tUJAR 2018\t\t<\/span>\n\t<\/a>\n\t\t<a href=\"https:\/\/trialinternational.org\/wp-content\/uploads\/2022\/05\/UJAR-MEP_A4_012.pdf\" class=\"c-block-item\" target=\"_blank\"\n\t\ttitle=\"\">\n\t\t<span class=\"c-block-inner\">\n\t\t\t<img loading=\"lazy\" decoding=\"async\" width=\"640\" height=\"906\" src=\"https:\/\/trialinternational.org\/wp-content\/uploads\/2022\/05\/UJAR-MEP_A4_012-pdf.jpg\" class=\"pdf-cover\" alt=\"\" \/>\t\t\tUJAR 2017\t\t<\/span>\n\t<\/a>\n\t\t<a href=\"https:\/\/trialinternational.org\/wp-content\/uploads\/2022\/09\/UJAR-2016.pdf\" class=\"c-block-item\" target=\"_blank\"\n\t\ttitle=\"\">\n\t\t<span class=\"c-block-inner\">\n\t\t\t<img loading=\"lazy\" decoding=\"async\" width=\"640\" height=\"906\" src=\"https:\/\/trialinternational.org\/wp-content\/uploads\/2022\/09\/UJAR-2016-pdf.jpg\" class=\"pdf-cover\" alt=\"\" \/>\t\t\tUJAR 2016\t\t<\/span>\n\t<\/a>\n\t\t<a href=\"https:\/\/trialinternational.org\/wp-content\/uploads\/2022\/09\/UJAR-2015.pdf\" class=\"c-block-item\" target=\"_blank\"\n\t\ttitle=\"\">\n\t\t<span class=\"c-block-inner\">\n\t\t\t<img loading=\"lazy\" decoding=\"async\" width=\"640\" height=\"906\" src=\"https:\/\/trialinternational.org\/wp-content\/uploads\/2022\/09\/UJAR-2015-pdf.jpg\" class=\"pdf-cover\" alt=\"\" \/>\t\t\tUJAR 2015\t\t<\/span>\n\t<\/a>\n\t<\/section>\n","protected":false},"excerpt":{"rendered":"<p>Le rapport annuel sur les principales affaires de comp\u00e9tence universelle (UJAR) est un recueil unique en son genre consacr\u00e9 aux affaires relevant de la comp\u00e9tence universelle, qui rend compte chaque ann\u00e9e des \u00e9volutions majeures intervenues dans le domaine de la comp\u00e9tence universelle et d\u2019autres formes de comp\u00e9tence extraterritoriale \u00e0 travers le monde. Publi\u00e9 pour la [&hellip;]<\/p>\n","protected":false},"author":53,"featured_media":0,"parent":26805,"menu_order":2,"comment_status":"closed","ping_status":"closed","template":"","meta":{"_acf_changed":false,"footnotes":""},"class_list":["post-26827","page","type-page","status-publish","hentry"],"acf":[],"featured_image_src":null,"yoast_head":"<!-- This site is optimized with the Yoast SEO plugin v26.9 - https:\/\/yoast.com\/product\/yoast-seo-wordpress\/ -->\n<title>Universal Jurisdiction Annual Review \u2013 UJAR - TRIAL International<\/title>\n<meta name=\"description\" content=\"Le Rapport annuel sur la comp\u00e9tence universelle (UJAR) compile les affaires de CU qui ont fait l\u2019objet de d\u00e9veloppements importants \u00e0 travers le monde.\" \/>\n<meta name=\"robots\" content=\"index, follow, max-snippet:-1, max-image-preview:large, max-video-preview:-1\" \/>\n<link rel=\"canonical\" href=\"https:\/\/trialinternational.org\/fr\/universal-jurisdiction-tools\/universal-jurisdiction-annual-review-ujar\/\" \/>\n<meta property=\"og:locale\" content=\"fr_FR\" \/>\n<meta property=\"og:type\" content=\"article\" \/>\n<meta property=\"og:title\" content=\"Universal Jurisdiction Annual Review \u2013 UJAR - TRIAL International\" \/>\n<meta property=\"og:description\" content=\"Le Rapport annuel sur la comp\u00e9tence universelle (UJAR) compile les affaires de CU qui ont fait l\u2019objet de d\u00e9veloppements importants \u00e0 travers le monde.\" \/>\n<meta property=\"og:url\" content=\"https:\/\/trialinternational.org\/fr\/universal-jurisdiction-tools\/universal-jurisdiction-annual-review-ujar\/\" \/>\n<meta property=\"og:site_name\" content=\"TRIAL International\" \/>\n<meta property=\"article:publisher\" content=\"https:\/\/www.facebook.com\/trial.org\" \/>\n<meta property=\"article:modified_time\" content=\"2026-04-20T14:34:11+00:00\" \/>\n<meta name=\"twitter:card\" content=\"summary_large_image\" \/>\n<meta name=\"twitter:site\" content=\"@Trial\" \/>\n<meta name=\"twitter:label1\" content=\"Dur\u00e9e de lecture estim\u00e9e\" \/>\n\t<meta name=\"twitter:data1\" content=\"2 minutes\" \/>\n<script type=\"application\/ld+json\" class=\"yoast-schema-graph\">{\"@context\":\"https:\/\/schema.org\",\"@graph\":[{\"@type\":\"WebPage\",\"@id\":\"https:\/\/trialinternational.org\/fr\/universal-jurisdiction-tools\/universal-jurisdiction-annual-review-ujar\/\",\"url\":\"https:\/\/trialinternational.org\/fr\/universal-jurisdiction-tools\/universal-jurisdiction-annual-review-ujar\/\",\"name\":\"Universal Jurisdiction Annual Review \u2013 UJAR - TRIAL International\",\"isPartOf\":{\"@id\":\"https:\/\/trialinternational.org\/#website\"},\"datePublished\":\"2023-11-18T11:20:32+00:00\",\"dateModified\":\"2026-04-20T14:34:11+00:00\",\"description\":\"Le Rapport annuel sur la comp\u00e9tence universelle (UJAR) compile les affaires de CU qui ont fait l\u2019objet de d\u00e9veloppements importants \u00e0 travers le monde.\",\"breadcrumb\":{\"@id\":\"https:\/\/trialinternational.org\/fr\/universal-jurisdiction-tools\/universal-jurisdiction-annual-review-ujar\/#breadcrumb\"},\"inLanguage\":\"fr-FR\",\"potentialAction\":[{\"@type\":\"ReadAction\",\"target\":[\"https:\/\/trialinternational.org\/fr\/universal-jurisdiction-tools\/universal-jurisdiction-annual-review-ujar\/\"]}]},{\"@type\":\"BreadcrumbList\",\"@id\":\"https:\/\/trialinternational.org\/fr\/universal-jurisdiction-tools\/universal-jurisdiction-annual-review-ujar\/#breadcrumb\",\"itemListElement\":[{\"@type\":\"ListItem\",\"position\":1,\"name\":\"Home\",\"item\":\"https:\/\/trialinternational.org\/fr\/\"},{\"@type\":\"ListItem\",\"position\":2,\"name\":\"Outils pour la comp\u00e9tence universelle\",\"item\":\"https:\/\/trialinternational.org\/fr\/universal-jurisdiction-tools\/\"},{\"@type\":\"ListItem\",\"position\":3,\"name\":\"Universal Jurisdiction Annual Review \u2013 UJAR\"}]},{\"@type\":\"WebSite\",\"@id\":\"https:\/\/trialinternational.org\/#website\",\"url\":\"https:\/\/trialinternational.org\/\",\"name\":\"TRIAL International\",\"description\":\"Une voie vers la justice\",\"potentialAction\":[{\"@type\":\"SearchAction\",\"target\":{\"@type\":\"EntryPoint\",\"urlTemplate\":\"https:\/\/trialinternational.org\/?s={search_term_string}\"},\"query-input\":{\"@type\":\"PropertyValueSpecification\",\"valueRequired\":true,\"valueName\":\"search_term_string\"}}],\"inLanguage\":\"fr-FR\"}]}<\/script>\n<!-- \/ Yoast SEO plugin. -->","yoast_head_json":{"title":"Universal Jurisdiction Annual Review \u2013 UJAR - TRIAL International","description":"Le Rapport annuel sur la comp\u00e9tence universelle (UJAR) compile les affaires de CU qui ont fait l\u2019objet de d\u00e9veloppements importants \u00e0 travers le monde.","robots":{"index":"index","follow":"follow","max-snippet":"max-snippet:-1","max-image-preview":"max-image-preview:large","max-video-preview":"max-video-preview:-1"},"canonical":"https:\/\/trialinternational.org\/fr\/universal-jurisdiction-tools\/universal-jurisdiction-annual-review-ujar\/","og_locale":"fr_FR","og_type":"article","og_title":"Universal Jurisdiction Annual Review \u2013 UJAR - TRIAL International","og_description":"Le Rapport annuel sur la comp\u00e9tence universelle (UJAR) compile les affaires de CU qui ont fait l\u2019objet de d\u00e9veloppements importants \u00e0 travers le monde.","og_url":"https:\/\/trialinternational.org\/fr\/universal-jurisdiction-tools\/universal-jurisdiction-annual-review-ujar\/","og_site_name":"TRIAL International","article_publisher":"https:\/\/www.facebook.com\/trial.org","article_modified_time":"2026-04-20T14:34:11+00:00","twitter_card":"summary_large_image","twitter_site":"@Trial","twitter_misc":{"Dur\u00e9e de lecture estim\u00e9e":"2 minutes"},"schema":{"@context":"https:\/\/schema.org","@graph":[{"@type":"WebPage","@id":"https:\/\/trialinternational.org\/fr\/universal-jurisdiction-tools\/universal-jurisdiction-annual-review-ujar\/","url":"https:\/\/trialinternational.org\/fr\/universal-jurisdiction-tools\/universal-jurisdiction-annual-review-ujar\/","name":"Universal Jurisdiction Annual Review \u2013 UJAR - TRIAL International","isPartOf":{"@id":"https:\/\/trialinternational.org\/#website"},"datePublished":"2023-11-18T11:20:32+00:00","dateModified":"2026-04-20T14:34:11+00:00","description":"Le Rapport annuel sur la comp\u00e9tence universelle (UJAR) compile les affaires de CU qui ont fait l\u2019objet de d\u00e9veloppements importants \u00e0 travers le monde.","breadcrumb":{"@id":"https:\/\/trialinternational.org\/fr\/universal-jurisdiction-tools\/universal-jurisdiction-annual-review-ujar\/#breadcrumb"},"inLanguage":"fr-FR","potentialAction":[{"@type":"ReadAction","target":["https:\/\/trialinternational.org\/fr\/universal-jurisdiction-tools\/universal-jurisdiction-annual-review-ujar\/"]}]},{"@type":"BreadcrumbList","@id":"https:\/\/trialinternational.org\/fr\/universal-jurisdiction-tools\/universal-jurisdiction-annual-review-ujar\/#breadcrumb","itemListElement":[{"@type":"ListItem","position":1,"name":"Home","item":"https:\/\/trialinternational.org\/fr\/"},{"@type":"ListItem","position":2,"name":"Outils pour la comp\u00e9tence universelle","item":"https:\/\/trialinternational.org\/fr\/universal-jurisdiction-tools\/"},{"@type":"ListItem","position":3,"name":"Universal Jurisdiction Annual Review \u2013 UJAR"}]},{"@type":"WebSite","@id":"https:\/\/trialinternational.org\/#website","url":"https:\/\/trialinternational.org\/","name":"TRIAL International","description":"Une voie vers la justice","potentialAction":[{"@type":"SearchAction","target":{"@type":"EntryPoint","urlTemplate":"https:\/\/trialinternational.org\/?s={search_term_string}"},"query-input":{"@type":"PropertyValueSpecification","valueRequired":true,"valueName":"search_term_string"}}],"inLanguage":"fr-FR"}]}},"_links":{"self":[{"href":"https:\/\/trialinternational.org\/fr\/wp-json\/wp\/v2\/pages\/26827","targetHints":{"allow":["GET"]}}],"collection":[{"href":"https:\/\/trialinternational.org\/fr\/wp-json\/wp\/v2\/pages"}],"about":[{"href":"https:\/\/trialinternational.org\/fr\/wp-json\/wp\/v2\/types\/page"}],"author":[{"embeddable":true,"href":"https:\/\/trialinternational.org\/fr\/wp-json\/wp\/v2\/users\/53"}],"replies":[{"embeddable":true,"href":"https:\/\/trialinternational.org\/fr\/wp-json\/wp\/v2\/comments?post=26827"}],"version-history":[{"count":5,"href":"https:\/\/trialinternational.org\/fr\/wp-json\/wp\/v2\/pages\/26827\/revisions"}],"predecessor-version":[{"id":32074,"href":"https:\/\/trialinternational.org\/fr\/wp-json\/wp\/v2\/pages\/26827\/revisions\/32074"}],"up":[{"embeddable":true,"href":"https:\/\/trialinternational.org\/fr\/wp-json\/wp\/v2\/pages\/26805"}],"wp:attachment":[{"href":"https:\/\/trialinternational.org\/fr\/wp-json\/wp\/v2\/media?parent=26827"}],"curies":[{"name":"wp","href":"https:\/\/api.w.org\/{rel}","templated":true}]}}