{"id":28678,"date":"2024-09-17T17:31:20","date_gmt":"2024-09-17T15:31:20","guid":{"rendered":"https:\/\/trialinternational.org\/?page_id=28678"},"modified":"2025-09-08T10:46:08","modified_gmt":"2025-09-08T08:46:08","slug":"faites-un-don","status":"publish","type":"page","link":"https:\/\/trialinternational.org\/fr\/engagez-vous\/faites-un-don\/","title":{"rendered":"Faites un don"},"content":{"rendered":"\n<p class=\"has-text-align-center has-black-color has-text-color has-link-color wp-elements-5d14654a46db9b77825224f1456ab918\" style=\"font-style:normal;font-weight:300;letter-spacing:1px\">Votre <mark style=\"background-color:#ffd9be\" class=\"has-inline-color\">soutien<\/mark> nous permet d\u2019aider les <mark style=\"background-color:#ffd9be\" class=\"has-inline-color\">victimes<\/mark> des pires atrocit\u00e9s \u00e0 acc\u00e9der \u00e0 la justice. Faites un <mark style=\"background-color:#ffd9be\" class=\"has-inline-color\">don<\/mark> d\u00e8s aujourd&rsquo;hui !<\/p>\n\n\n\n<p class=\"has-text-align-center has-small-font-size\">*<em>Votre don est d\u00e9ductible d\u2019imp\u00f4ts en Suisse, aux Etats-Unis et dans plusieurs pays europ\u00e9ens (Belgique, Allemagne, Espagne, Royaume-Uni, Italie et Luxembourg). Pour plus d&rsquo;informations, \u00e9crivez-nous \u00e0 fundraising@trialinternational.org<\/em><\/p>\n\n\n\n<div class=\"wp-block-columns is-layout-flex wp-container-core-columns-is-layout-9d6595d7 wp-block-columns-is-layout-flex\">\n<div class=\"wp-block-column is-layout-flow wp-block-column-is-layout-flow\" style=\"flex-basis:22%\"><\/div>\n\n\n\n<div class=\"wp-block-column is-layout-flow wp-block-column-is-layout-flow\" style=\"flex-basis:8.7%\"><div class=\"wp-block-image is-style-default\">\n<figure class=\"aligncenter size-full is-resized\"><img loading=\"lazy\" decoding=\"async\" width=\"467\" height=\"467\" src=\"https:\/\/trialinternational.org\/wp-content\/uploads\/2024\/09\/TRIAL-International_icon_donation.png\" alt=\"\" class=\"wp-image-28663\" style=\"object-fit:contain;width:120px;height:120px\" srcset=\"https:\/\/trialinternational.org\/wp-content\/uploads\/2024\/09\/TRIAL-International_icon_donation.png 467w, https:\/\/trialinternational.org\/wp-content\/uploads\/2024\/09\/TRIAL-International_icon_donation-300x300.png 300w, https:\/\/trialinternational.org\/wp-content\/uploads\/2024\/09\/TRIAL-International_icon_donation-150x150.png 150w, https:\/\/trialinternational.org\/wp-content\/uploads\/2024\/09\/TRIAL-International_icon_donation-210x210.png 210w\" sizes=\"auto, (max-width: 467px) 100vw, 467px\" \/><\/figure>\n<\/div><\/div>\n\n\n\n<div class=\"wp-block-column is-layout-flow wp-block-column-is-layout-flow\" style=\"flex-basis:57.97%\">\n<div class=\"wp-block-group is-vertical is-layout-flex wp-container-core-group-is-layout-76a81b31 wp-block-group-is-layout-flex\">\n<details class=\"wp-block-details has-text-color has-link-color wp-elements-a7756679d6e83fe1f824dec91af6819e is-layout-flow wp-block-details-is-layout-flow\" style=\"color:#f36f34;font-size:20px;letter-spacing:1px\"><summary>Donations depuis l&rsquo;Europe<\/summary>\n<p class=\"has-black-color has-text-color has-link-color wp-elements-41697819a1cc5128e785c71916733795\" style=\"font-size:18px\">Votre don est d\u00e9ductible d\u2019imp\u00f4ts en Belgique, en Allemagne, en Espagne, au Royaume-Uni, en Italie et au Luxembourg en passant par Transnational Giving Europe. <a href=\"https:\/\/donate.transnationalgiving.eu\/landing\/trialinternational?lang=fr_FR\"><mark style=\"background-color:rgba(0, 0, 0, 0)\" class=\"has-inline-color has-luminous-vivid-orange-color\">Cliquez ici pour faire un don<\/mark><\/a><\/p>\n<\/details>\n\n\n\n<div style=\"height:0px\" aria-hidden=\"true\" class=\"wp-block-spacer wp-container-content-1abe4828\"><\/div>\n\n\n\n<details class=\"wp-block-details has-text-color has-link-color wp-elements-b46404f33648aa950b2b72fad86f003d is-layout-flow wp-block-details-is-layout-flow\" style=\"color:#f36f34;font-size:20px;font-style:normal;font-weight:400;letter-spacing:1px\"><summary>Donations depuis la Suisse et ailleurs<\/summary>\n<div class=\"wp-block-group has-white-background-color has-background\"><div class=\"wp-block-group__inner-container is-layout-constrained wp-block-group-is-layout-constrained\">\n<p class=\"has-black-color has-white-background-color has-text-color has-background has-link-color wp-elements-0d2afd046f8ad68e5db4b3f317b08d36\" style=\"font-size:18px\">Votre don est d\u00e9ductible d&rsquo;imp\u00f4ts en Suisse<\/p>\n\n\n\n<iframe id=\"tamaro-iframe\" allow=\"payment\" src=\"https:\/\/donate.raisenow.io\/hwvcn?analytics.channel=embed&#038;lng=fr\" style=\"width: 100%; border:0\"><\/iframe>\n<script>\n  window.addEventListener(\n    'message',\n    e => {\n      const iframe = document.getElementById('tamaro-iframe')\n      if (iframe && e.origin === 'https:\/\/donate.raisenow.io') {\n        iframe.style.height = e.data.height + 'px'\n      }\n    }\n  )\n<\/script>\n<\/div><\/div>\n\n\n\n<p class=\"has-text-align-left has-text-color has-link-color has-medium-font-size wp-elements-a24ce5aeef81e4f9c1a7f2f1a71de1b7\" style=\"color:#f36f34;font-style:normal;font-weight:400;letter-spacing:1px\">Donations par QR-Facture et virement<\/p>\n\n\n\n<p class=\"has-text-align-left has-black-color has-text-color has-link-color wp-elements-4914d278d3d012d26d6a1f4ee0621f72\" style=\"font-size:16px\">Une QR-Facture peut vous \u00eatre envoy\u00e9e \u00e0 votre convenance (fundraising@trialinternational.org)<\/p>\n\n\n\n<p class=\"has-text-align-left has-black-color has-text-color has-link-color wp-elements-18c9ea8d4d0ed0947c9dd8556fa00f8e\" style=\"font-size:16px\">Coordonn\u00e9es bancaires:&nbsp;<br>TRIAL International&nbsp;<br>1203 Gen\u00e8ve<br>IBAN : CH85 0900 0000 1716 2954 3<br>Num\u00e9ro de compte&nbsp;: 17-162954-3<\/p>\n<\/details>\n\n\n\n<div style=\"height:0px\" aria-hidden=\"true\" class=\"wp-block-spacer wp-container-content-1abe4828\"><\/div>\n\n\n\n<details class=\"wp-block-details has-text-color has-link-color wp-elements-1fa745dad822c291a9a7cc77816f7f33 is-layout-flow wp-block-details-is-layout-flow\" style=\"color:#f36f34;font-size:20px;letter-spacing:1px\"><summary>Donations depuis les \u00c9tats-Unis<\/summary>\n<p class=\"has-black-color has-text-color has-link-color wp-elements-3a7f63a932d05dfb209439217430ddfd\" style=\"font-size:18px\">La totalit\u00e9 de votre don est d\u00e9ductible des imp\u00f4ts dans la mesure o\u00f9 la loi am\u00e9ricaine l&rsquo;autorise. Votre don est vers\u00e9 en votre nom \u00e0 Every.org, une organisation caritative exon\u00e9r\u00e9e d&rsquo;imp\u00f4ts qui octroie des fonds non affect\u00e9s au Fonds des amis am\u00e9ricains cr\u00e9\u00e9 pour TRIAL International et h\u00e9berg\u00e9 par Myriad USA. <a href=\"https:\/\/trialinternational.org\/faites-un-don\/?preview_id=28772&amp;preview_nonce=a07abadd09&amp;preview=true\"><mark style=\"background-color:rgba(0, 0, 0, 0)\" class=\"has-inline-color has-luminous-vivid-orange-color\">Cliquez ici pour faire un don<\/mark><\/a><\/p>\n<\/details>\n<\/div>\n<\/div>\n<\/div>\n","protected":false},"excerpt":{"rendered":"<p>Votre soutien nous permet d\u2019aider les victimes des pires atrocit\u00e9s \u00e0 acc\u00e9der \u00e0 la justice. Faites un don d\u00e8s aujourd&rsquo;hui ! *Votre don est d\u00e9ductible d\u2019imp\u00f4ts en Suisse, aux Etats-Unis et dans plusieurs pays europ\u00e9ens (Belgique, Allemagne, Espagne, Royaume-Uni, Italie et Luxembourg). Pour plus d&rsquo;informations, \u00e9crivez-nous \u00e0 fundraising@trialinternational.org<\/p>\n","protected":false},"author":53,"featured_media":25208,"parent":620,"menu_order":0,"comment_status":"closed","ping_status":"closed","template":"","meta":{"_acf_changed":false,"footnotes":""},"class_list":["post-28678","page","type-page","status-publish","has-post-thumbnail","hentry"],"acf":[],"featured_image_src":"https:\/\/trialinternational.org\/wp-content\/uploads\/2023\/04\/TRIAL-International_icon_donation.png","yoast_head":"<!-- This site is optimized with the Yoast SEO plugin v26.9 - https:\/\/yoast.com\/product\/yoast-seo-wordpress\/ -->\n<title>Faites un don - TRIAL International<\/title>\n<meta name=\"description\" content=\"Votre soutien nous permet d\u2019aider les victimes des pires atrocit\u00e9s \u00e0 acc\u00e9der \u00e0 la justice. Faites un don d\u00e8s aujourd&#039;hui !\" \/>\n<meta name=\"robots\" content=\"index, follow, max-snippet:-1, max-image-preview:large, max-video-preview:-1\" \/>\n<link rel=\"canonical\" href=\"https:\/\/trialinternational.org\/fr\/engagez-vous\/faites-un-don\/\" \/>\n<meta property=\"og:locale\" content=\"fr_FR\" \/>\n<meta property=\"og:type\" content=\"article\" \/>\n<meta property=\"og:title\" content=\"Faites un don - TRIAL International\" \/>\n<meta property=\"og:description\" content=\"Votre soutien nous permet d\u2019aider les victimes des pires atrocit\u00e9s \u00e0 acc\u00e9der \u00e0 la justice. Faites un don d\u00e8s aujourd&#039;hui !\" \/>\n<meta property=\"og:url\" content=\"https:\/\/trialinternational.org\/fr\/engagez-vous\/faites-un-don\/\" \/>\n<meta property=\"og:site_name\" content=\"TRIAL International\" \/>\n<meta property=\"article:publisher\" content=\"https:\/\/www.facebook.com\/trial.org\" \/>\n<meta property=\"article:modified_time\" content=\"2025-09-08T08:46:08+00:00\" \/>\n<meta property=\"og:image\" content=\"https:\/\/trialinternational.org\/wp-content\/uploads\/2023\/04\/TRIAL-International_icon_donation.png\" \/>\n\t<meta property=\"og:image:width\" content=\"467\" \/>\n\t<meta property=\"og:image:height\" content=\"467\" \/>\n\t<meta property=\"og:image:type\" content=\"image\/png\" \/>\n<meta name=\"twitter:card\" content=\"summary_large_image\" \/>\n<meta name=\"twitter:site\" content=\"@Trial\" \/>\n<meta name=\"twitter:label1\" content=\"Dur\u00e9e de lecture estim\u00e9e\" \/>\n\t<meta name=\"twitter:data1\" content=\"2 minutes\" \/>\n<script type=\"application\/ld+json\" class=\"yoast-schema-graph\">{\"@context\":\"https:\/\/schema.org\",\"@graph\":[{\"@type\":\"WebPage\",\"@id\":\"https:\/\/trialinternational.org\/fr\/engagez-vous\/faites-un-don\/\",\"url\":\"https:\/\/trialinternational.org\/fr\/engagez-vous\/faites-un-don\/\",\"name\":\"Faites un don - TRIAL International\",\"isPartOf\":{\"@id\":\"https:\/\/trialinternational.org\/#website\"},\"primaryImageOfPage\":{\"@id\":\"https:\/\/trialinternational.org\/fr\/engagez-vous\/faites-un-don\/#primaryimage\"},\"image\":{\"@id\":\"https:\/\/trialinternational.org\/fr\/engagez-vous\/faites-un-don\/#primaryimage\"},\"thumbnailUrl\":\"https:\/\/trialinternational.org\/wp-content\/uploads\/2023\/04\/TRIAL-International_icon_donation.png\",\"datePublished\":\"2024-09-17T15:31:20+00:00\",\"dateModified\":\"2025-09-08T08:46:08+00:00\",\"description\":\"Votre soutien nous permet d\u2019aider les victimes des pires atrocit\u00e9s \u00e0 acc\u00e9der \u00e0 la justice. Faites un don d\u00e8s aujourd'hui !\",\"breadcrumb\":{\"@id\":\"https:\/\/trialinternational.org\/fr\/engagez-vous\/faites-un-don\/#breadcrumb\"},\"inLanguage\":\"fr-FR\",\"potentialAction\":[{\"@type\":\"ReadAction\",\"target\":[\"https:\/\/trialinternational.org\/fr\/engagez-vous\/faites-un-don\/\"]}]},{\"@type\":\"ImageObject\",\"inLanguage\":\"fr-FR\",\"@id\":\"https:\/\/trialinternational.org\/fr\/engagez-vous\/faites-un-don\/#primaryimage\",\"url\":\"https:\/\/trialinternational.org\/wp-content\/uploads\/2023\/04\/TRIAL-International_icon_donation.png\",\"contentUrl\":\"https:\/\/trialinternational.org\/wp-content\/uploads\/2023\/04\/TRIAL-International_icon_donation.png\",\"width\":467,\"height\":467},{\"@type\":\"BreadcrumbList\",\"@id\":\"https:\/\/trialinternational.org\/fr\/engagez-vous\/faites-un-don\/#breadcrumb\",\"itemListElement\":[{\"@type\":\"ListItem\",\"position\":1,\"name\":\"Home\",\"item\":\"https:\/\/trialinternational.org\/fr\/\"},{\"@type\":\"ListItem\",\"position\":2,\"name\":\"Engagez-vous\",\"item\":\"https:\/\/trialinternational.org\/fr\/engagez-vous\/\"},{\"@type\":\"ListItem\",\"position\":3,\"name\":\"Faites un don\"}]},{\"@type\":\"WebSite\",\"@id\":\"https:\/\/trialinternational.org\/#website\",\"url\":\"https:\/\/trialinternational.org\/\",\"name\":\"TRIAL International\",\"description\":\"Une voie vers la justice\",\"potentialAction\":[{\"@type\":\"SearchAction\",\"target\":{\"@type\":\"EntryPoint\",\"urlTemplate\":\"https:\/\/trialinternational.org\/?s={search_term_string}\"},\"query-input\":{\"@type\":\"PropertyValueSpecification\",\"valueRequired\":true,\"valueName\":\"search_term_string\"}}],\"inLanguage\":\"fr-FR\"}]}<\/script>\n<!-- \/ Yoast SEO plugin. -->","yoast_head_json":{"title":"Faites un don - TRIAL International","description":"Votre soutien nous permet d\u2019aider les victimes des pires atrocit\u00e9s \u00e0 acc\u00e9der \u00e0 la justice. Faites un don d\u00e8s aujourd'hui !","robots":{"index":"index","follow":"follow","max-snippet":"max-snippet:-1","max-image-preview":"max-image-preview:large","max-video-preview":"max-video-preview:-1"},"canonical":"https:\/\/trialinternational.org\/fr\/engagez-vous\/faites-un-don\/","og_locale":"fr_FR","og_type":"article","og_title":"Faites un don - TRIAL International","og_description":"Votre soutien nous permet d\u2019aider les victimes des pires atrocit\u00e9s \u00e0 acc\u00e9der \u00e0 la justice. Faites un don d\u00e8s aujourd'hui !","og_url":"https:\/\/trialinternational.org\/fr\/engagez-vous\/faites-un-don\/","og_site_name":"TRIAL International","article_publisher":"https:\/\/www.facebook.com\/trial.org","article_modified_time":"2025-09-08T08:46:08+00:00","og_image":[{"width":467,"height":467,"url":"https:\/\/trialinternational.org\/wp-content\/uploads\/2023\/04\/TRIAL-International_icon_donation.png","type":"image\/png"}],"twitter_card":"summary_large_image","twitter_site":"@Trial","twitter_misc":{"Dur\u00e9e de lecture estim\u00e9e":"2 minutes"},"schema":{"@context":"https:\/\/schema.org","@graph":[{"@type":"WebPage","@id":"https:\/\/trialinternational.org\/fr\/engagez-vous\/faites-un-don\/","url":"https:\/\/trialinternational.org\/fr\/engagez-vous\/faites-un-don\/","name":"Faites un don - TRIAL International","isPartOf":{"@id":"https:\/\/trialinternational.org\/#website"},"primaryImageOfPage":{"@id":"https:\/\/trialinternational.org\/fr\/engagez-vous\/faites-un-don\/#primaryimage"},"image":{"@id":"https:\/\/trialinternational.org\/fr\/engagez-vous\/faites-un-don\/#primaryimage"},"thumbnailUrl":"https:\/\/trialinternational.org\/wp-content\/uploads\/2023\/04\/TRIAL-International_icon_donation.png","datePublished":"2024-09-17T15:31:20+00:00","dateModified":"2025-09-08T08:46:08+00:00","description":"Votre soutien nous permet d\u2019aider les victimes des pires atrocit\u00e9s \u00e0 acc\u00e9der \u00e0 la justice. Faites un don d\u00e8s aujourd'hui !","breadcrumb":{"@id":"https:\/\/trialinternational.org\/fr\/engagez-vous\/faites-un-don\/#breadcrumb"},"inLanguage":"fr-FR","potentialAction":[{"@type":"ReadAction","target":["https:\/\/trialinternational.org\/fr\/engagez-vous\/faites-un-don\/"]}]},{"@type":"ImageObject","inLanguage":"fr-FR","@id":"https:\/\/trialinternational.org\/fr\/engagez-vous\/faites-un-don\/#primaryimage","url":"https:\/\/trialinternational.org\/wp-content\/uploads\/2023\/04\/TRIAL-International_icon_donation.png","contentUrl":"https:\/\/trialinternational.org\/wp-content\/uploads\/2023\/04\/TRIAL-International_icon_donation.png","width":467,"height":467},{"@type":"BreadcrumbList","@id":"https:\/\/trialinternational.org\/fr\/engagez-vous\/faites-un-don\/#breadcrumb","itemListElement":[{"@type":"ListItem","position":1,"name":"Home","item":"https:\/\/trialinternational.org\/fr\/"},{"@type":"ListItem","position":2,"name":"Engagez-vous","item":"https:\/\/trialinternational.org\/fr\/engagez-vous\/"},{"@type":"ListItem","position":3,"name":"Faites un don"}]},{"@type":"WebSite","@id":"https:\/\/trialinternational.org\/#website","url":"https:\/\/trialinternational.org\/","name":"TRIAL International","description":"Une voie vers la justice","potentialAction":[{"@type":"SearchAction","target":{"@type":"EntryPoint","urlTemplate":"https:\/\/trialinternational.org\/?s={search_term_string}"},"query-input":{"@type":"PropertyValueSpecification","valueRequired":true,"valueName":"search_term_string"}}],"inLanguage":"fr-FR"}]}},"_links":{"self":[{"href":"https:\/\/trialinternational.org\/fr\/wp-json\/wp\/v2\/pages\/28678","targetHints":{"allow":["GET"]}}],"collection":[{"href":"https:\/\/trialinternational.org\/fr\/wp-json\/wp\/v2\/pages"}],"about":[{"href":"https:\/\/trialinternational.org\/fr\/wp-json\/wp\/v2\/types\/page"}],"author":[{"embeddable":true,"href":"https:\/\/trialinternational.org\/fr\/wp-json\/wp\/v2\/users\/53"}],"replies":[{"embeddable":true,"href":"https:\/\/trialinternational.org\/fr\/wp-json\/wp\/v2\/comments?post=28678"}],"version-history":[{"count":0,"href":"https:\/\/trialinternational.org\/fr\/wp-json\/wp\/v2\/pages\/28678\/revisions"}],"up":[{"embeddable":true,"href":"https:\/\/trialinternational.org\/fr\/wp-json\/wp\/v2\/pages\/620"}],"wp:featuredmedia":[{"embeddable":true,"href":"https:\/\/trialinternational.org\/fr\/wp-json\/wp\/v2\/media\/25208"}],"wp:attachment":[{"href":"https:\/\/trialinternational.org\/fr\/wp-json\/wp\/v2\/media?parent=28678"}],"curies":[{"name":"wp","href":"https:\/\/api.w.org\/{rel}","templated":true}]}}