{"id":5082,"date":"2016-06-04T16:25:03","date_gmt":"2016-06-04T15:25:03","guid":{"rendered":"https:\/\/trialinternational.org\/fr\/?page_id=5082"},"modified":"2025-02-25T12:53:14","modified_gmt":"2025-02-25T11:53:14","slug":"restez-informe","status":"publish","type":"page","link":"https:\/\/trialinternational.org\/fr\/engagez-vous\/restez-informe\/","title":{"rendered":"Restez inform\u00e9\u00b7e"},"content":{"rendered":"<p style=\"text-align: center;\">Recevez les derni\u00e8res actualit\u00e9s de la justice internationale dans votre bo\u00eete mail.<\/p>\n<p style=\"text-align: center;\"><a class=\"\" href=\"https:\/\/trialinternational.org\/fr\/medias\/newsletter\/\" target=\"_blank\" rel=\"noopener\">Consultez les archives ici<\/a><\/p>\n\n\n<!-- Begin Brevo Form -->\n<!-- START - We recommend to place the below code in head tag of your website html  -->\n<style>\n  @font-face {\n    font-display: block;\n    font-family: Roboto;\n    src: url(https:\/\/assets.brevo.com\/font\/Roboto\/Latin\/normal\/normal\/7529907e9eaf8ebb5220c5f9850e3811.woff2) format(\"woff2\"), url(https:\/\/assets.brevo.com\/font\/Roboto\/Latin\/normal\/normal\/25c678feafdc175a70922a116c9be3e7.woff) format(\"woff\")\n  }\n\n  @font-face {\n    font-display: fallback;\n    font-family: Roboto;\n    font-weight: 600;\n    src: url(https:\/\/assets.brevo.com\/font\/Roboto\/Latin\/medium\/normal\/6e9caeeafb1f3491be3e32744bc30440.woff2) format(\"woff2\"), url(https:\/\/assets.brevo.com\/font\/Roboto\/Latin\/medium\/normal\/71501f0d8d5aa95960f6475d5487d4c2.woff) format(\"woff\")\n  }\n\n  @font-face {\n    font-display: fallback;\n    font-family: Roboto;\n    font-weight: 700;\n    src: url(https:\/\/assets.brevo.com\/font\/Roboto\/Latin\/bold\/normal\/3ef7cf158f310cf752d5ad08cd0e7e60.woff2) format(\"woff2\"), url(https:\/\/assets.brevo.com\/font\/Roboto\/Latin\/bold\/normal\/ece3a1d82f18b60bcce0211725c476aa.woff) format(\"woff\")\n  }\n\n  #sib-container input:-ms-input-placeholder {\n    text-align: left;\n    font-family: Helvetica, sans-serif;\n    color: #c0ccda;\n  }\n\n  #sib-container input::placeholder {\n    text-align: left;\n    font-family: Helvetica, sans-serif;\n    color: #c0ccda;\n  }\n\n  #sib-container textarea::placeholder {\n    text-align: left;\n    font-family: Helvetica, sans-serif;\n    color: #c0ccda;\n  }\n\n  #sib-container a {\n    text-decoration: underline;\n    color: #2BB2FC;\n  }\n<\/style>\n<link rel=\"stylesheet\" href=\"https:\/\/sibforms.com\/forms\/end-form\/build\/sib-styles.css\">\n<!--  END - We recommend to place the above code in head tag of your website html -->\n\n<!-- START - We recommend to place the below code where you want the form in your website html  -->\n<div class=\"sib-form\" style=\"text-align: center;\n         background-color: transparent;                                 \">\n  <div id=\"sib-form-container\" class=\"sib-form-container\">\n    <div id=\"error-message\" class=\"sib-form-message-panel\" style=\"font-size:16px; text-align:left; font-family:Helvetica, sans-serif; color:#661d1d; background-color:#ffeded; border-radius:3px; border-color:#ff4949;max-width:540px;\">\n      <div class=\"sib-form-message-panel__text sib-form-message-panel__text--center\">\n        <svg viewBox=\"0 0 512 512\" class=\"sib-icon sib-notification__icon\">\n          <path d=\"M256 40c118.621 0 216 96.075 216 216 0 119.291-96.61 216-216 216-119.244 0-216-96.562-216-216 0-119.203 96.602-216 216-216m0-32C119.043 8 8 119.083 8 256c0 136.997 111.043 248 248 248s248-111.003 248-248C504 119.083 392.957 8 256 8zm-11.49 120h22.979c6.823 0 12.274 5.682 11.99 12.5l-7 168c-.268 6.428-5.556 11.5-11.99 11.5h-8.979c-6.433 0-11.722-5.073-11.99-11.5l-7-168c-.283-6.818 5.167-12.5 11.99-12.5zM256 340c-15.464 0-28 12.536-28 28s12.536 28 28 28 28-12.536 28-28-12.536-28-28-28z\" \/>\n        <\/svg>\n        <span class=\"sib-form-message-panel__inner-text\">\n                          Nous n&#039;avons pas pu confirmer votre inscription.\n                      <\/span>\n      <\/div>\n    <\/div>\n    <div><\/div>\n    <div id=\"success-message\" class=\"sib-form-message-panel\" style=\"font-size:16px; text-align:left; font-family:Helvetica, sans-serif; color:#085229; background-color:#e7faf0; border-radius:3px; border-color:#13ce66;max-width:540px;\">\n      <div class=\"sib-form-message-panel__text sib-form-message-panel__text--center\">\n        <svg viewBox=\"0 0 512 512\" class=\"sib-icon sib-notification__icon\">\n          <path d=\"M256 8C119.033 8 8 119.033 8 256s111.033 248 248 248 248-111.033 248-248S392.967 8 256 8zm0 464c-118.664 0-216-96.055-216-216 0-118.663 96.055-216 216-216 118.664 0 216 96.055 216 216 0 118.663-96.055 216-216 216zm141.63-274.961L217.15 376.071c-4.705 4.667-12.303 4.637-16.97-.068l-85.878-86.572c-4.667-4.705-4.637-12.303.068-16.97l8.52-8.451c4.705-4.667 12.303-4.637 16.97.068l68.976 69.533 163.441-162.13c4.705-4.667 12.303-4.637 16.97.068l8.451 8.52c4.668 4.705 4.637 12.303-.068 16.97z\" \/>\n        <\/svg>\n        <span class=\"sib-form-message-panel__inner-text\">\n                          Votre inscription est confirm\u00e9e.\n                      <\/span>\n      <\/div>\n    <\/div>\n    <div><\/div>\n    <div id=\"sib-container\" class=\"sib-container--large sib-container--vertical\" style=\"text-align:center; background-color:rgba(255,255,255,0.4); max-width:540px; border-width:0px; border-color:#f36f35; border-style:dotted; direction:ltr\">\n      <form id=\"sib-form\" method=\"POST\" action=\"https:\/\/7c71d078.sibforms.com\/serve\/MUIFAAdbNNGYhFBBEKfx-v6527nncXpmuyZylLozYOA5VNQM2IGfOeBbXTpZKvwc2pDOX_RbGDwL6oDTqerEmHuTWTlIFCGONRRTAzOO4lxf8k3vm76Y_R2kXlK1T23SJeIxHgUyVvHiITMpiPcoXUuhvl-jXJ1BUBH4Rp5XQxiNF_O5D_k_erV5kZ7ynUqr9Yo7_o9r3pvyv4GI\" data-type=\"subscription\">\n        <div style=\"padding: 8px 0;\">\n          <div class=\"sib-form-block\" style=\"font-size:32px; text-align:center; font-weight:700; font-family:Helvetica, sans-serif; color:#000000; background-color:transparent; text-align:center\">\n            <p>Suivez nos actualit\u00e9s !<\/p>\n          <\/div>\n        <\/div>\n        <div style=\"padding: 8px 0;\">\n          <div class=\"sib-form-block\" style=\"font-size:15px; text-align:center; font-family:Helvetica, sans-serif; color:#687484; background-color:transparent; text-align:center\">\n            <div class=\"sib-text-form-block\">\n              <p>Inscrivez-vous \u00e0 la newsletter de TRIAL International pour recevoir nos derni\u00e8res actualit\u00e9s.<\/p>\n            <\/div>\n          <\/div>\n        <\/div>\n        <div style=\"padding: 8px 0;\">\n          <div class=\"sib-input sib-form-block\">\n            <div class=\"form__entry entry_block\">\n              <div class=\"form__label-row \">\n                <label class=\"entry__label\" style=\"font-weight: 700; text-align:left; font-size:16px; text-align:left; font-weight:700; font-family:Helvetica, sans-serif; color:#000000;\" for=\"EMAIL\" data-required=\"*\">Veuillez renseigner votre adresse email pour vous inscrire<\/label>\n\n                <div class=\"entry__field\">\n                  <input class=\"input \" type=\"text\" id=\"EMAIL\" name=\"EMAIL\" autocomplete=\"off\" data-required=\"true\" required \/>\n                <\/div>\n              <\/div>\n\n              <label class=\"entry__error entry__error--primary\" style=\"font-size:16px; text-align:left; font-family:Helvetica, sans-serif; color:#661d1d; background-color:#ffeded; border-radius:3px; border-color:#ff4949;\">\n              <\/label>\n            <\/div>\n          <\/div>\n        <\/div>\n        <div style=\"padding: 8px 0;\">\n          <div class=\"sib-form__declaration\" style=\"direction:ltr\">\n            <div class=\"declaration-block-icon\">\n              <svg class=\"icon__SVG\" width=\"0\" height=\"0\" version=\"1.1\" xmlns=\"http:\/\/www.w3.org\/2000\/svg\">\n                <defs>\n                  <symbol id=\"svgIcon-sphere\" viewBox=\"0 0 63 63\">\n                    <path class=\"path1\" d=\"M31.54 0l1.05 3.06 3.385-.01-2.735 1.897 1.05 3.042-2.748-1.886-2.738 1.886 1.044-3.05-2.745-1.897h3.393zm13.97 3.019L46.555 6.4l3.384.01-2.743 2.101 1.048 3.387-2.752-2.1-2.752 2.1 1.054-3.382-2.745-2.105h3.385zm9.998 10.056l1.039 3.382h3.38l-2.751 2.1 1.05 3.382-2.744-2.091-2.743 2.091 1.054-3.381-2.754-2.1h3.385zM58.58 27.1l1.04 3.372h3.379l-2.752 2.096 1.05 3.387-2.744-2.091-2.75 2.092 1.054-3.387-2.747-2.097h3.376zm-3.076 14.02l1.044 3.364h3.385l-2.743 2.09 1.05 3.392-2.744-2.097-2.743 2.097 1.052-3.377-2.752-2.117 3.385-.01zm-9.985 9.91l1.045 3.364h3.393l-2.752 2.09 1.05 3.393-2.745-2.097-2.743 2.097 1.05-3.383-2.751-2.1 3.384-.01zM31.45 55.01l1.044 3.043 3.393-.008-2.752 1.9L34.19 63l-2.744-1.895-2.748 1.891 1.054-3.05-2.743-1.9h3.384zm-13.934-3.98l1.036 3.364h3.402l-2.752 2.09 1.053 3.393-2.747-2.097-2.752 2.097 1.053-3.382-2.743-2.1 3.384-.01zm-9.981-9.91l1.045 3.364h3.398l-2.748 2.09 1.05 3.392-2.753-2.1-2.752 2.096 1.053-3.382-2.743-2.102 3.384-.009zM4.466 27.1l1.038 3.372H8.88l-2.752 2.097 1.053 3.387-2.743-2.09-2.748 2.09 1.053-3.387L0 30.472h3.385zm3.069-14.025l1.045 3.382h3.395L9.23 18.56l1.05 3.381-2.752-2.09-2.752 2.09 1.053-3.381-2.744-2.1h3.384zm9.99-10.056L18.57 6.4l3.393.01-2.743 2.1 1.05 3.373-2.754-2.092-2.751 2.092 1.053-3.382-2.744-2.1h3.384zm24.938 19.394l-10-4.22a2.48 2.48 0 00-1.921 0l-10 4.22A2.529 2.529 0 0019 24.75c0 10.47 5.964 17.705 11.537 20.057a2.48 2.48 0 001.921 0C36.921 42.924 44 36.421 44 24.75a2.532 2.532 0 00-1.537-2.336zm-2.46 6.023l-9.583 9.705a.83.83 0 01-1.177 0l-5.416-5.485a.855.855 0 010-1.192l1.177-1.192a.83.83 0 011.177 0l3.65 3.697 7.819-7.916a.83.83 0 011.177 0l1.177 1.191a.843.843 0 010 1.192z\" fill=\"#0092FF\"><\/path>\n                  <\/symbol>\n                <\/defs>\n              <\/svg>\n              <svg class=\"svgIcon-sphere\" style=\"width:63px; height:63px;\">\n                <use xlink:href=\"#svgIcon-sphere\"><\/use>\n              <\/svg>\n            <\/div>\n            <div style=\"font-size:14px; text-align:left; font-family:Helvetica, sans-serif; color:#687484; background-color:transparent;\">\n              <p>Nous utilisons Brevo en tant que plateforme marketing. En soumettant ce formulaire, vous acceptez que les donn\u00e9es personnelles que vous avez fournies soient transf\u00e9r\u00e9es \u00e0 Brevo pour \u00eatre trait\u00e9es conform\u00e9ment <a href=\"https:\/\/www.brevo.com\/fr\/legal\/privacypolicy\/\" target=\"_blank\">\u00e0 la politique de confidentialit\u00e9 de Brevo.<\/a><\/p>\n            <\/div>\n          <\/div>\n        <\/div>\n        <div style=\"padding: 8px 0;\">\n          <div class=\"sib-optin sib-form-block\">\n            <div class=\"form__entry entry_mcq\">\n              <div class=\"form__label-row \">\n                <div class=\"entry__choice\" style=\"\">\n                  <label>\n                    <input type=\"checkbox\" class=\"input_replaced\" value=\"1\" id=\"OPT_IN\" name=\"OPT_IN\" \/>\n                    <span class=\"checkbox checkbox_tick_positive\"\n            style=\"margin-left:\"\n            ><\/span><span style=\"font-size:14px; text-align:left; font-family:Helvetica, sans-serif; color:#000000; background-color:transparent;\"><p>J&rsquo;accepte de recevoir vos e-mails et confirme avoir pris connaissance de votre politique de confidentialit\u00e9 et mentions l\u00e9gales.<\/p><\/span> <\/label>\n                <\/div>\n              <\/div>\n              <label class=\"entry__error entry__error--primary\" style=\"font-size:16px; text-align:left; font-family:Helvetica, sans-serif; color:#661d1d; background-color:#ffeded; border-radius:3px; border-color:#ff4949;\">\n              <\/label>\n            <\/div>\n          <\/div>\n        <\/div>\n        <div style=\"padding: 8px 0;\">\n          <div class=\"sib-form-block\" style=\"text-align: center\">\n            <button class=\"sib-form-block__button sib-form-block__button-with-loader\" style=\"font-size:16px; text-align:center; font-weight:700; font-family:Helvetica, sans-serif; color:#FFFFFF; background-color:#f36f35; border-radius:3px; border-width:0px;\" form=\"sib-form\" type=\"submit\">\n              <svg class=\"icon clickable__icon progress-indicator__icon sib-hide-loader-icon\" viewBox=\"0 0 512 512\">\n                <path d=\"M460.116 373.846l-20.823-12.022c-5.541-3.199-7.54-10.159-4.663-15.874 30.137-59.886 28.343-131.652-5.386-189.946-33.641-58.394-94.896-95.833-161.827-99.676C261.028 55.961 256 50.751 256 44.352V20.309c0-6.904 5.808-12.337 12.703-11.982 83.556 4.306 160.163 50.864 202.11 123.677 42.063 72.696 44.079 162.316 6.031 236.832-3.14 6.148-10.75 8.461-16.728 5.01z\" \/>\n              <\/svg>\n              S&#039;INSCRIRE\n            <\/button>\n          <\/div>\n        <\/div>\n\n        <input type=\"text\" name=\"email_address_check\" value=\"\" class=\"input--hidden\">\n        <input type=\"hidden\" name=\"locale\" value=\"fr\">\n      <\/form>\n    <\/div>\n  <\/div>\n<\/div>\n<!-- END - We recommend to place the above code where you want the form in your website html  -->\n\n<!-- START - We recommend to place the below code in footer or bottom of your website html  -->\n<script>\n  window.REQUIRED_CODE_ERROR_MESSAGE = 'Veuillez choisir un code pays';\n  window.LOCALE = 'fr';\n  window.EMAIL_INVALID_MESSAGE = window.SMS_INVALID_MESSAGE = \"Les informations que vous avez fournies ne sont pas valides. Veuillez v\u00e9rifier le format du champ et r\u00e9essayer.\";\n\n  window.REQUIRED_ERROR_MESSAGE = \"Vous devez renseigner ce champ. \";\n\n  window.GENERIC_INVALID_MESSAGE = \"Les informations que vous avez fournies ne sont pas valides. Veuillez v\u00e9rifier le format du champ et r\u00e9essayer.\";\n\n\n\n\n  window.translation = {\n    common: {\n      selectedList: '{quantity} liste s\u00e9lectionn\u00e9e',\n      selectedLists: '{quantity} listes s\u00e9lectionn\u00e9es'\n    }\n  };\n\n  var AUTOHIDE = Boolean(0);\n<\/script>\n\n<script defer src=\"https:\/\/sibforms.com\/forms\/end-form\/build\/main.js\"><\/script>\n\n\n<!-- END - We recommend to place the above code in footer or bottom of your website html  -->\n<!-- End Brevo Form -->\n","protected":false},"excerpt":{"rendered":"<p>Recevez les derni\u00e8res actualit\u00e9s de la justice internationale dans votre bo\u00eete mail. Consultez les archives ici Nous n&#039;avons pas pu confirmer votre inscription. Votre inscription est confirm\u00e9e. Suivez nos actualit\u00e9s ! Inscrivez-vous \u00e0 la newsletter de TRIAL International pour recevoir nos derni\u00e8res actualit\u00e9s. Veuillez renseigner votre adresse email pour vous inscrire Nous utilisons Brevo en [&hellip;]<\/p>\n","protected":false},"author":1,"featured_media":0,"parent":620,"menu_order":11,"comment_status":"closed","ping_status":"closed","template":"template-newsletter-signup.php","meta":{"_acf_changed":false,"footnotes":""},"class_list":["post-5082","page","type-page","status-publish","hentry"],"acf":[],"featured_image_src":null,"yoast_head":"<!-- This site is optimized with the Yoast SEO plugin v26.9 - https:\/\/yoast.com\/product\/yoast-seo-wordpress\/ -->\n<title>Restez inform\u00e9\u00b7e - TRIAL International<\/title>\n<meta name=\"robots\" content=\"index, follow, max-snippet:-1, max-image-preview:large, max-video-preview:-1\" \/>\n<link rel=\"canonical\" href=\"https:\/\/trialinternational.org\/fr\/engagez-vous\/restez-informe\/\" \/>\n<meta property=\"og:locale\" content=\"fr_FR\" \/>\n<meta property=\"og:type\" content=\"article\" \/>\n<meta property=\"og:title\" content=\"Restez inform\u00e9\u00b7e - TRIAL International\" \/>\n<meta property=\"og:description\" content=\"Recevez les derni\u00e8res actualit\u00e9s de la justice internationale dans votre bo\u00eete mail. Consultez les archives ici Nous n&#039;avons pas pu confirmer votre inscription. Votre inscription est confirm\u00e9e. Suivez nos actualit\u00e9s ! Inscrivez-vous \u00e0 la newsletter de TRIAL International pour recevoir nos derni\u00e8res actualit\u00e9s. Veuillez renseigner votre adresse email pour vous inscrire Nous utilisons Brevo en [&hellip;]\" \/>\n<meta property=\"og:url\" content=\"https:\/\/trialinternational.org\/fr\/engagez-vous\/restez-informe\/\" \/>\n<meta property=\"og:site_name\" content=\"TRIAL International\" \/>\n<meta property=\"article:publisher\" content=\"https:\/\/www.facebook.com\/trial.org\" \/>\n<meta property=\"article:modified_time\" content=\"2025-02-25T11:53:14+00:00\" \/>\n<meta name=\"twitter:card\" content=\"summary_large_image\" \/>\n<meta name=\"twitter:site\" content=\"@Trial\" \/>\n<meta name=\"twitter:label1\" content=\"Dur\u00e9e de lecture estim\u00e9e\" \/>\n\t<meta name=\"twitter:data1\" content=\"1 minute\" \/>\n<script type=\"application\/ld+json\" class=\"yoast-schema-graph\">{\"@context\":\"https:\/\/schema.org\",\"@graph\":[{\"@type\":\"WebPage\",\"@id\":\"https:\/\/trialinternational.org\/fr\/engagez-vous\/restez-informe\/\",\"url\":\"https:\/\/trialinternational.org\/fr\/engagez-vous\/restez-informe\/\",\"name\":\"Restez inform\u00e9\u00b7e - TRIAL International\",\"isPartOf\":{\"@id\":\"https:\/\/trialinternational.org\/#website\"},\"datePublished\":\"2016-06-04T15:25:03+00:00\",\"dateModified\":\"2025-02-25T11:53:14+00:00\",\"breadcrumb\":{\"@id\":\"https:\/\/trialinternational.org\/fr\/engagez-vous\/restez-informe\/#breadcrumb\"},\"inLanguage\":\"fr-FR\",\"potentialAction\":[{\"@type\":\"ReadAction\",\"target\":[\"https:\/\/trialinternational.org\/fr\/engagez-vous\/restez-informe\/\"]}]},{\"@type\":\"BreadcrumbList\",\"@id\":\"https:\/\/trialinternational.org\/fr\/engagez-vous\/restez-informe\/#breadcrumb\",\"itemListElement\":[{\"@type\":\"ListItem\",\"position\":1,\"name\":\"Home\",\"item\":\"https:\/\/trialinternational.org\/fr\/\"},{\"@type\":\"ListItem\",\"position\":2,\"name\":\"Engagez-vous\",\"item\":\"https:\/\/trialinternational.org\/fr\/engagez-vous\/\"},{\"@type\":\"ListItem\",\"position\":3,\"name\":\"Restez inform\u00e9\u00b7e\"}]},{\"@type\":\"WebSite\",\"@id\":\"https:\/\/trialinternational.org\/#website\",\"url\":\"https:\/\/trialinternational.org\/\",\"name\":\"TRIAL International\",\"description\":\"Une voie vers la justice\",\"potentialAction\":[{\"@type\":\"SearchAction\",\"target\":{\"@type\":\"EntryPoint\",\"urlTemplate\":\"https:\/\/trialinternational.org\/?s={search_term_string}\"},\"query-input\":{\"@type\":\"PropertyValueSpecification\",\"valueRequired\":true,\"valueName\":\"search_term_string\"}}],\"inLanguage\":\"fr-FR\"}]}<\/script>\n<!-- \/ Yoast SEO plugin. -->","yoast_head_json":{"title":"Restez inform\u00e9\u00b7e - TRIAL International","robots":{"index":"index","follow":"follow","max-snippet":"max-snippet:-1","max-image-preview":"max-image-preview:large","max-video-preview":"max-video-preview:-1"},"canonical":"https:\/\/trialinternational.org\/fr\/engagez-vous\/restez-informe\/","og_locale":"fr_FR","og_type":"article","og_title":"Restez inform\u00e9\u00b7e - TRIAL International","og_description":"Recevez les derni\u00e8res actualit\u00e9s de la justice internationale dans votre bo\u00eete mail. Consultez les archives ici Nous n&#039;avons pas pu confirmer votre inscription. Votre inscription est confirm\u00e9e. Suivez nos actualit\u00e9s ! Inscrivez-vous \u00e0 la newsletter de TRIAL International pour recevoir nos derni\u00e8res actualit\u00e9s. Veuillez renseigner votre adresse email pour vous inscrire Nous utilisons Brevo en [&hellip;]","og_url":"https:\/\/trialinternational.org\/fr\/engagez-vous\/restez-informe\/","og_site_name":"TRIAL International","article_publisher":"https:\/\/www.facebook.com\/trial.org","article_modified_time":"2025-02-25T11:53:14+00:00","twitter_card":"summary_large_image","twitter_site":"@Trial","twitter_misc":{"Dur\u00e9e de lecture estim\u00e9e":"1 minute"},"schema":{"@context":"https:\/\/schema.org","@graph":[{"@type":"WebPage","@id":"https:\/\/trialinternational.org\/fr\/engagez-vous\/restez-informe\/","url":"https:\/\/trialinternational.org\/fr\/engagez-vous\/restez-informe\/","name":"Restez inform\u00e9\u00b7e - TRIAL International","isPartOf":{"@id":"https:\/\/trialinternational.org\/#website"},"datePublished":"2016-06-04T15:25:03+00:00","dateModified":"2025-02-25T11:53:14+00:00","breadcrumb":{"@id":"https:\/\/trialinternational.org\/fr\/engagez-vous\/restez-informe\/#breadcrumb"},"inLanguage":"fr-FR","potentialAction":[{"@type":"ReadAction","target":["https:\/\/trialinternational.org\/fr\/engagez-vous\/restez-informe\/"]}]},{"@type":"BreadcrumbList","@id":"https:\/\/trialinternational.org\/fr\/engagez-vous\/restez-informe\/#breadcrumb","itemListElement":[{"@type":"ListItem","position":1,"name":"Home","item":"https:\/\/trialinternational.org\/fr\/"},{"@type":"ListItem","position":2,"name":"Engagez-vous","item":"https:\/\/trialinternational.org\/fr\/engagez-vous\/"},{"@type":"ListItem","position":3,"name":"Restez inform\u00e9\u00b7e"}]},{"@type":"WebSite","@id":"https:\/\/trialinternational.org\/#website","url":"https:\/\/trialinternational.org\/","name":"TRIAL International","description":"Une voie vers la justice","potentialAction":[{"@type":"SearchAction","target":{"@type":"EntryPoint","urlTemplate":"https:\/\/trialinternational.org\/?s={search_term_string}"},"query-input":{"@type":"PropertyValueSpecification","valueRequired":true,"valueName":"search_term_string"}}],"inLanguage":"fr-FR"}]}},"_links":{"self":[{"href":"https:\/\/trialinternational.org\/fr\/wp-json\/wp\/v2\/pages\/5082","targetHints":{"allow":["GET"]}}],"collection":[{"href":"https:\/\/trialinternational.org\/fr\/wp-json\/wp\/v2\/pages"}],"about":[{"href":"https:\/\/trialinternational.org\/fr\/wp-json\/wp\/v2\/types\/page"}],"author":[{"embeddable":true,"href":"https:\/\/trialinternational.org\/fr\/wp-json\/wp\/v2\/users\/1"}],"replies":[{"embeddable":true,"href":"https:\/\/trialinternational.org\/fr\/wp-json\/wp\/v2\/comments?post=5082"}],"version-history":[{"count":0,"href":"https:\/\/trialinternational.org\/fr\/wp-json\/wp\/v2\/pages\/5082\/revisions"}],"up":[{"embeddable":true,"href":"https:\/\/trialinternational.org\/fr\/wp-json\/wp\/v2\/pages\/620"}],"wp:attachment":[{"href":"https:\/\/trialinternational.org\/fr\/wp-json\/wp\/v2\/media?parent=5082"}],"curies":[{"name":"wp","href":"https:\/\/api.w.org\/{rel}","templated":true}]}}