{"id":551,"date":"2016-04-19T12:12:48","date_gmt":"2016-04-19T11:12:48","guid":{"rendered":"https:\/\/trialinternational.org\/latest\/?lang=fr"},"modified":"2025-09-05T13:41:17","modified_gmt":"2025-09-05T11:41:17","slug":"recents","status":"publish","type":"page","link":"https:\/\/trialinternational.org\/fr\/recents\/","title":{"rendered":"Actualit\u00e9s"},"content":{"rendered":"<p>Explorez toutes les actualit\u00e9s de TRIAL International (avanc\u00e9es dans nos affaires, communiqu\u00e9s, offres d&#8217;emploi, campagnes, newsletters).<br \/>\nN&rsquo;h\u00e9sitez pas \u00e0 employer\u00a0des filtres pour affiner votre recherche.<\/p>\n","protected":false},"excerpt":{"rendered":"<p>Explorez toutes les actualit\u00e9s de TRIAL International (avanc\u00e9es dans nos affaires, communiqu\u00e9s, offres d&#8217;emploi, campagnes, newsletters). N&rsquo;h\u00e9sitez pas \u00e0 employer\u00a0des filtres pour affiner votre recherche.<\/p>\n","protected":false},"author":53,"featured_media":0,"parent":0,"menu_order":4,"comment_status":"closed","ping_status":"closed","template":"template-latest.php","meta":{"_acf_changed":false,"footnotes":""},"class_list":["post-551","page","type-page","status-publish","hentry"],"acf":[],"featured_image_src":null,"yoast_head":"<!-- This site is optimized with the Yoast SEO plugin v26.9 - https:\/\/yoast.com\/product\/yoast-seo-wordpress\/ -->\n<title>Actualit\u00e9s - TRIAL International<\/title>\n<meta name=\"robots\" content=\"index, follow, max-snippet:-1, max-image-preview:large, max-video-preview:-1\" \/>\n<link rel=\"canonical\" href=\"https:\/\/trialinternational.org\/fr\/recents\/\" \/>\n<meta property=\"og:locale\" content=\"fr_FR\" \/>\n<meta property=\"og:type\" content=\"article\" \/>\n<meta property=\"og:title\" content=\"Actualit\u00e9s - TRIAL International\" \/>\n<meta property=\"og:description\" content=\"Explorez toutes les actualit\u00e9s de TRIAL International (avanc\u00e9es dans nos affaires, communiqu\u00e9s, offres d&#8217;emploi, campagnes, newsletters). N&rsquo;h\u00e9sitez pas \u00e0 employer\u00a0des filtres pour affiner votre recherche.\" \/>\n<meta property=\"og:url\" content=\"https:\/\/trialinternational.org\/fr\/recents\/\" \/>\n<meta property=\"og:site_name\" content=\"TRIAL International\" \/>\n<meta property=\"article:publisher\" content=\"https:\/\/www.facebook.com\/trial.org\" \/>\n<meta property=\"article:modified_time\" content=\"2025-09-05T11:41:17+00:00\" \/>\n<meta name=\"twitter:card\" content=\"summary_large_image\" \/>\n<meta name=\"twitter:site\" content=\"@Trial\" \/>\n<meta name=\"twitter:label1\" content=\"Dur\u00e9e de lecture estim\u00e9e\" \/>\n\t<meta name=\"twitter:data1\" content=\"1 minute\" \/>\n<script type=\"application\/ld+json\" class=\"yoast-schema-graph\">{\"@context\":\"https:\/\/schema.org\",\"@graph\":[{\"@type\":\"WebPage\",\"@id\":\"https:\/\/trialinternational.org\/fr\/recents\/\",\"url\":\"https:\/\/trialinternational.org\/fr\/recents\/\",\"name\":\"Actualit\u00e9s - TRIAL International\",\"isPartOf\":{\"@id\":\"https:\/\/trialinternational.org\/#website\"},\"datePublished\":\"2016-04-19T11:12:48+00:00\",\"dateModified\":\"2025-09-05T11:41:17+00:00\",\"breadcrumb\":{\"@id\":\"https:\/\/trialinternational.org\/fr\/recents\/#breadcrumb\"},\"inLanguage\":\"fr-FR\",\"potentialAction\":[{\"@type\":\"ReadAction\",\"target\":[\"https:\/\/trialinternational.org\/fr\/recents\/\"]}]},{\"@type\":\"BreadcrumbList\",\"@id\":\"https:\/\/trialinternational.org\/fr\/recents\/#breadcrumb\",\"itemListElement\":[{\"@type\":\"ListItem\",\"position\":1,\"name\":\"Home\",\"item\":\"https:\/\/trialinternational.org\/fr\/\"},{\"@type\":\"ListItem\",\"position\":2,\"name\":\"Actualit\u00e9s\"}]},{\"@type\":\"WebSite\",\"@id\":\"https:\/\/trialinternational.org\/#website\",\"url\":\"https:\/\/trialinternational.org\/\",\"name\":\"TRIAL International\",\"description\":\"Une voie vers la justice\",\"potentialAction\":[{\"@type\":\"SearchAction\",\"target\":{\"@type\":\"EntryPoint\",\"urlTemplate\":\"https:\/\/trialinternational.org\/?s={search_term_string}\"},\"query-input\":{\"@type\":\"PropertyValueSpecification\",\"valueRequired\":true,\"valueName\":\"search_term_string\"}}],\"inLanguage\":\"fr-FR\"}]}<\/script>\n<!-- \/ Yoast SEO plugin. -->","yoast_head_json":{"title":"Actualit\u00e9s - TRIAL International","robots":{"index":"index","follow":"follow","max-snippet":"max-snippet:-1","max-image-preview":"max-image-preview:large","max-video-preview":"max-video-preview:-1"},"canonical":"https:\/\/trialinternational.org\/fr\/recents\/","og_locale":"fr_FR","og_type":"article","og_title":"Actualit\u00e9s - TRIAL International","og_description":"Explorez toutes les actualit\u00e9s de TRIAL International (avanc\u00e9es dans nos affaires, communiqu\u00e9s, offres d&#8217;emploi, campagnes, newsletters). N&rsquo;h\u00e9sitez pas \u00e0 employer\u00a0des filtres pour affiner votre recherche.","og_url":"https:\/\/trialinternational.org\/fr\/recents\/","og_site_name":"TRIAL International","article_publisher":"https:\/\/www.facebook.com\/trial.org","article_modified_time":"2025-09-05T11:41:17+00:00","twitter_card":"summary_large_image","twitter_site":"@Trial","twitter_misc":{"Dur\u00e9e de lecture estim\u00e9e":"1 minute"},"schema":{"@context":"https:\/\/schema.org","@graph":[{"@type":"WebPage","@id":"https:\/\/trialinternational.org\/fr\/recents\/","url":"https:\/\/trialinternational.org\/fr\/recents\/","name":"Actualit\u00e9s - TRIAL International","isPartOf":{"@id":"https:\/\/trialinternational.org\/#website"},"datePublished":"2016-04-19T11:12:48+00:00","dateModified":"2025-09-05T11:41:17+00:00","breadcrumb":{"@id":"https:\/\/trialinternational.org\/fr\/recents\/#breadcrumb"},"inLanguage":"fr-FR","potentialAction":[{"@type":"ReadAction","target":["https:\/\/trialinternational.org\/fr\/recents\/"]}]},{"@type":"BreadcrumbList","@id":"https:\/\/trialinternational.org\/fr\/recents\/#breadcrumb","itemListElement":[{"@type":"ListItem","position":1,"name":"Home","item":"https:\/\/trialinternational.org\/fr\/"},{"@type":"ListItem","position":2,"name":"Actualit\u00e9s"}]},{"@type":"WebSite","@id":"https:\/\/trialinternational.org\/#website","url":"https:\/\/trialinternational.org\/","name":"TRIAL International","description":"Une voie vers la justice","potentialAction":[{"@type":"SearchAction","target":{"@type":"EntryPoint","urlTemplate":"https:\/\/trialinternational.org\/?s={search_term_string}"},"query-input":{"@type":"PropertyValueSpecification","valueRequired":true,"valueName":"search_term_string"}}],"inLanguage":"fr-FR"}]}},"_links":{"self":[{"href":"https:\/\/trialinternational.org\/fr\/wp-json\/wp\/v2\/pages\/551","targetHints":{"allow":["GET"]}}],"collection":[{"href":"https:\/\/trialinternational.org\/fr\/wp-json\/wp\/v2\/pages"}],"about":[{"href":"https:\/\/trialinternational.org\/fr\/wp-json\/wp\/v2\/types\/page"}],"author":[{"embeddable":true,"href":"https:\/\/trialinternational.org\/fr\/wp-json\/wp\/v2\/users\/53"}],"replies":[{"embeddable":true,"href":"https:\/\/trialinternational.org\/fr\/wp-json\/wp\/v2\/comments?post=551"}],"version-history":[{"count":0,"href":"https:\/\/trialinternational.org\/fr\/wp-json\/wp\/v2\/pages\/551\/revisions"}],"wp:attachment":[{"href":"https:\/\/trialinternational.org\/fr\/wp-json\/wp\/v2\/media?parent=551"}],"curies":[{"name":"wp","href":"https:\/\/api.w.org\/{rel}","templated":true}]}}