{"id":625,"date":"2016-04-19T12:30:50","date_gmt":"2016-04-19T11:30:50","guid":{"rendered":"https:\/\/trialinternational.org\/support\/witness\/?lang=fr"},"modified":"2024-06-06T15:16:34","modified_gmt":"2024-06-06T13:16:34","slug":"temoignage","status":"publish","type":"page","link":"https:\/\/trialinternational.org\/fr\/contacts\/temoignage\/","title":{"rendered":"T\u00e9moignage"},"content":{"rendered":"<p>TRIAL International rassemble des preuves et d\u00e9pose des plaintes contre des individus et des entreprises suspect\u00e9s de crimes internationaux.<\/p>\n<p>Si vous d\u00e9tenez des informations concernant la pr\u00e9sence de personnes suspect\u00e9es de tels crimes dans un pays o\u00f9 la comp\u00e9tence universelle peut \u00eatre appliqu\u00e9e, ou concernant les affaires p\u00e9nales de TRIAL International, merci de remplir le formulaire ci-dessous.<\/p>\n<p>Vos informations seront trait\u00e9es de mani\u00e8re confidentielle.<\/p>\n<p>Veuillez noter que nous ne prenons en charge que les demandes correspondant \u00e0 nos domaines d\u2019activit\u00e9. Malheureusement, nos ressources limit\u00e9es ne nous permettent pas de r\u00e9pondre \u00e0 toutes les sollicitations.<\/p>\n","protected":false},"excerpt":{"rendered":"<p>TRIAL International rassemble des preuves et d\u00e9pose des plaintes contre des individus et des entreprises suspect\u00e9s de crimes internationaux. Si vous d\u00e9tenez des informations concernant la pr\u00e9sence de personnes suspect\u00e9es de tels crimes dans un pays o\u00f9 la comp\u00e9tence universelle peut \u00eatre appliqu\u00e9e, ou concernant les affaires p\u00e9nales de TRIAL International, merci de remplir le [&hellip;]<\/p>\n","protected":false},"author":1,"featured_media":0,"parent":17371,"menu_order":0,"comment_status":"closed","ping_status":"closed","template":"template-support-witness.php","meta":{"_acf_changed":false,"footnotes":""},"class_list":["post-625","page","type-page","status-publish","hentry"],"acf":[],"featured_image_src":null,"yoast_head":"<!-- This site is optimized with the Yoast SEO plugin v26.9 - https:\/\/yoast.com\/product\/yoast-seo-wordpress\/ -->\n<title>T\u00e9moignage - TRIAL International<\/title>\n<meta name=\"description\" content=\"Formulaire pour partager des informations et t\u00e9moignages sur des affaires de crimes internationaux avec TRIAL International.\" \/>\n<meta name=\"robots\" content=\"index, follow, max-snippet:-1, max-image-preview:large, max-video-preview:-1\" \/>\n<link rel=\"canonical\" href=\"https:\/\/trialinternational.org\/fr\/contacts\/temoignage\/\" \/>\n<meta property=\"og:locale\" content=\"fr_FR\" \/>\n<meta property=\"og:type\" content=\"article\" \/>\n<meta property=\"og:title\" content=\"T\u00e9moignage - TRIAL International\" \/>\n<meta property=\"og:description\" content=\"Formulaire pour partager des informations et t\u00e9moignages sur des affaires de crimes internationaux avec TRIAL International.\" \/>\n<meta property=\"og:url\" content=\"https:\/\/trialinternational.org\/fr\/contacts\/temoignage\/\" \/>\n<meta property=\"og:site_name\" content=\"TRIAL International\" \/>\n<meta property=\"article:publisher\" content=\"https:\/\/www.facebook.com\/trial.org\" \/>\n<meta property=\"article:modified_time\" content=\"2024-06-06T13:16:34+00:00\" \/>\n<meta name=\"twitter:card\" content=\"summary_large_image\" \/>\n<meta name=\"twitter:site\" content=\"@Trial\" \/>\n<meta name=\"twitter:label1\" content=\"Dur\u00e9e de lecture estim\u00e9e\" \/>\n\t<meta name=\"twitter:data1\" content=\"1 minute\" \/>\n<script type=\"application\/ld+json\" class=\"yoast-schema-graph\">{\"@context\":\"https:\/\/schema.org\",\"@graph\":[{\"@type\":\"WebPage\",\"@id\":\"https:\/\/trialinternational.org\/fr\/contacts\/temoignage\/\",\"url\":\"https:\/\/trialinternational.org\/fr\/contacts\/temoignage\/\",\"name\":\"T\u00e9moignage - TRIAL International\",\"isPartOf\":{\"@id\":\"https:\/\/trialinternational.org\/#website\"},\"datePublished\":\"2016-04-19T11:30:50+00:00\",\"dateModified\":\"2024-06-06T13:16:34+00:00\",\"description\":\"Formulaire pour partager des informations et t\u00e9moignages sur des affaires de crimes internationaux avec TRIAL International.\",\"breadcrumb\":{\"@id\":\"https:\/\/trialinternational.org\/fr\/contacts\/temoignage\/#breadcrumb\"},\"inLanguage\":\"fr-FR\",\"potentialAction\":[{\"@type\":\"ReadAction\",\"target\":[\"https:\/\/trialinternational.org\/fr\/contacts\/temoignage\/\"]}]},{\"@type\":\"BreadcrumbList\",\"@id\":\"https:\/\/trialinternational.org\/fr\/contacts\/temoignage\/#breadcrumb\",\"itemListElement\":[{\"@type\":\"ListItem\",\"position\":1,\"name\":\"Home\",\"item\":\"https:\/\/trialinternational.org\/fr\/\"},{\"@type\":\"ListItem\",\"position\":2,\"name\":\"Contact\",\"item\":\"https:\/\/trialinternational.org\/fr\/contacts\/\"},{\"@type\":\"ListItem\",\"position\":3,\"name\":\"T\u00e9moignage\"}]},{\"@type\":\"WebSite\",\"@id\":\"https:\/\/trialinternational.org\/#website\",\"url\":\"https:\/\/trialinternational.org\/\",\"name\":\"TRIAL International\",\"description\":\"Une voie vers la justice\",\"potentialAction\":[{\"@type\":\"SearchAction\",\"target\":{\"@type\":\"EntryPoint\",\"urlTemplate\":\"https:\/\/trialinternational.org\/?s={search_term_string}\"},\"query-input\":{\"@type\":\"PropertyValueSpecification\",\"valueRequired\":true,\"valueName\":\"search_term_string\"}}],\"inLanguage\":\"fr-FR\"}]}<\/script>\n<!-- \/ Yoast SEO plugin. -->","yoast_head_json":{"title":"T\u00e9moignage - TRIAL International","description":"Formulaire pour partager des informations et t\u00e9moignages sur des affaires de crimes internationaux avec TRIAL International.","robots":{"index":"index","follow":"follow","max-snippet":"max-snippet:-1","max-image-preview":"max-image-preview:large","max-video-preview":"max-video-preview:-1"},"canonical":"https:\/\/trialinternational.org\/fr\/contacts\/temoignage\/","og_locale":"fr_FR","og_type":"article","og_title":"T\u00e9moignage - TRIAL International","og_description":"Formulaire pour partager des informations et t\u00e9moignages sur des affaires de crimes internationaux avec TRIAL International.","og_url":"https:\/\/trialinternational.org\/fr\/contacts\/temoignage\/","og_site_name":"TRIAL International","article_publisher":"https:\/\/www.facebook.com\/trial.org","article_modified_time":"2024-06-06T13:16:34+00:00","twitter_card":"summary_large_image","twitter_site":"@Trial","twitter_misc":{"Dur\u00e9e de lecture estim\u00e9e":"1 minute"},"schema":{"@context":"https:\/\/schema.org","@graph":[{"@type":"WebPage","@id":"https:\/\/trialinternational.org\/fr\/contacts\/temoignage\/","url":"https:\/\/trialinternational.org\/fr\/contacts\/temoignage\/","name":"T\u00e9moignage - TRIAL International","isPartOf":{"@id":"https:\/\/trialinternational.org\/#website"},"datePublished":"2016-04-19T11:30:50+00:00","dateModified":"2024-06-06T13:16:34+00:00","description":"Formulaire pour partager des informations et t\u00e9moignages sur des affaires de crimes internationaux avec TRIAL International.","breadcrumb":{"@id":"https:\/\/trialinternational.org\/fr\/contacts\/temoignage\/#breadcrumb"},"inLanguage":"fr-FR","potentialAction":[{"@type":"ReadAction","target":["https:\/\/trialinternational.org\/fr\/contacts\/temoignage\/"]}]},{"@type":"BreadcrumbList","@id":"https:\/\/trialinternational.org\/fr\/contacts\/temoignage\/#breadcrumb","itemListElement":[{"@type":"ListItem","position":1,"name":"Home","item":"https:\/\/trialinternational.org\/fr\/"},{"@type":"ListItem","position":2,"name":"Contact","item":"https:\/\/trialinternational.org\/fr\/contacts\/"},{"@type":"ListItem","position":3,"name":"T\u00e9moignage"}]},{"@type":"WebSite","@id":"https:\/\/trialinternational.org\/#website","url":"https:\/\/trialinternational.org\/","name":"TRIAL International","description":"Une voie vers la justice","potentialAction":[{"@type":"SearchAction","target":{"@type":"EntryPoint","urlTemplate":"https:\/\/trialinternational.org\/?s={search_term_string}"},"query-input":{"@type":"PropertyValueSpecification","valueRequired":true,"valueName":"search_term_string"}}],"inLanguage":"fr-FR"}]}},"_links":{"self":[{"href":"https:\/\/trialinternational.org\/fr\/wp-json\/wp\/v2\/pages\/625","targetHints":{"allow":["GET"]}}],"collection":[{"href":"https:\/\/trialinternational.org\/fr\/wp-json\/wp\/v2\/pages"}],"about":[{"href":"https:\/\/trialinternational.org\/fr\/wp-json\/wp\/v2\/types\/page"}],"author":[{"embeddable":true,"href":"https:\/\/trialinternational.org\/fr\/wp-json\/wp\/v2\/users\/1"}],"replies":[{"embeddable":true,"href":"https:\/\/trialinternational.org\/fr\/wp-json\/wp\/v2\/comments?post=625"}],"version-history":[{"count":0,"href":"https:\/\/trialinternational.org\/fr\/wp-json\/wp\/v2\/pages\/625\/revisions"}],"up":[{"embeddable":true,"href":"https:\/\/trialinternational.org\/fr\/wp-json\/wp\/v2\/pages\/17371"}],"wp:attachment":[{"href":"https:\/\/trialinternational.org\/fr\/wp-json\/wp\/v2\/media?parent=625"}],"curies":[{"name":"wp","href":"https:\/\/api.w.org\/{rel}","templated":true}]}}