{"id":640,"date":"2016-04-19T12:31:52","date_gmt":"2016-04-19T11:31:52","guid":{"rendered":"https:\/\/trialinternational.org\/participer\/become-a-member\/?lang=fr"},"modified":"2023-10-11T14:17:49","modified_gmt":"2023-10-11T12:17:49","slug":"devenez-membre","status":"publish","type":"page","link":"https:\/\/trialinternational.org\/fr\/engagez-vous\/devenez-membre\/","title":{"rendered":"Devenez membre"},"content":{"rendered":"<p><strong>En devenant membre de TRIAL International, vous soutenez de mani\u00e8re durable la lutte contre l\u2019impunit\u00e9. L\u2019adh\u00e9sion est ouverte aux individus comme aux collectivit\u00e9s (ONG, paroisses, entreprises, etc.)<\/strong><\/p>\n<p>En tant que membre, vous aurez la possibilit\u00e9 de participer \u00e0 l\u2019Assembl\u00e9e g\u00e9n\u00e9rale de TRIAL International, participant ainsi \u00e0 fa\u00e7onner le futur de l\u2019organisation. <span class=\"s2\">Vous recevrez \u00e9galement <\/span><span class=\"s2\">notre newsletter.<\/span><\/p>\n<p class=\"s5\"><span class=\"s2\">La cotisation<\/span><span class=\"s2\"> d\u00e9pend de votre statut :<\/span><\/p>\n","protected":false},"excerpt":{"rendered":"<p>En devenant membre de TRIAL International, vous soutenez de mani\u00e8re durable la lutte contre l\u2019impunit\u00e9. L\u2019adh\u00e9sion est ouverte aux individus comme aux collectivit\u00e9s (ONG, paroisses, entreprises, etc.) En tant que membre, vous aurez la possibilit\u00e9 de participer \u00e0 l\u2019Assembl\u00e9e g\u00e9n\u00e9rale de TRIAL International, participant ainsi \u00e0 fa\u00e7onner le futur de l\u2019organisation. Vous recevrez \u00e9galement notre [&hellip;]<\/p>\n","protected":false},"author":31,"featured_media":0,"parent":620,"menu_order":2,"comment_status":"closed","ping_status":"closed","template":"template-support-become-a-member.php","meta":{"_acf_changed":false,"footnotes":""},"class_list":["post-640","page","type-page","status-publish","hentry"],"acf":[],"featured_image_src":null,"yoast_head":"<!-- This site is optimized with the Yoast SEO plugin v26.9 - https:\/\/yoast.com\/product\/yoast-seo-wordpress\/ -->\n<title>Devenez membre - TRIAL International<\/title>\n<meta name=\"robots\" content=\"index, follow, max-snippet:-1, max-image-preview:large, max-video-preview:-1\" \/>\n<link rel=\"canonical\" href=\"https:\/\/trialinternational.org\/fr\/engagez-vous\/devenez-membre\/\" \/>\n<meta property=\"og:locale\" content=\"fr_FR\" \/>\n<meta property=\"og:type\" content=\"article\" \/>\n<meta property=\"og:title\" content=\"Devenez membre - TRIAL International\" \/>\n<meta property=\"og:description\" content=\"En devenant membre de TRIAL International, vous soutenez de mani\u00e8re durable la lutte contre l\u2019impunit\u00e9. L\u2019adh\u00e9sion est ouverte aux individus comme aux collectivit\u00e9s (ONG, paroisses, entreprises, etc.) En tant que membre, vous aurez la possibilit\u00e9 de participer \u00e0 l\u2019Assembl\u00e9e g\u00e9n\u00e9rale de TRIAL International, participant ainsi \u00e0 fa\u00e7onner le futur de l\u2019organisation. Vous recevrez \u00e9galement notre [&hellip;]\" \/>\n<meta property=\"og:url\" content=\"https:\/\/trialinternational.org\/fr\/engagez-vous\/devenez-membre\/\" \/>\n<meta property=\"og:site_name\" content=\"TRIAL International\" \/>\n<meta property=\"article:publisher\" content=\"https:\/\/www.facebook.com\/trial.org\" \/>\n<meta property=\"article:modified_time\" content=\"2023-10-11T12:17:49+00:00\" \/>\n<meta name=\"twitter:card\" content=\"summary_large_image\" \/>\n<meta name=\"twitter:site\" content=\"@Trial\" \/>\n<meta name=\"twitter:label1\" content=\"Dur\u00e9e de lecture estim\u00e9e\" \/>\n\t<meta name=\"twitter:data1\" content=\"1 minute\" \/>\n<script type=\"application\/ld+json\" class=\"yoast-schema-graph\">{\"@context\":\"https:\/\/schema.org\",\"@graph\":[{\"@type\":\"WebPage\",\"@id\":\"https:\/\/trialinternational.org\/fr\/engagez-vous\/devenez-membre\/\",\"url\":\"https:\/\/trialinternational.org\/fr\/engagez-vous\/devenez-membre\/\",\"name\":\"Devenez membre - TRIAL International\",\"isPartOf\":{\"@id\":\"https:\/\/trialinternational.org\/#website\"},\"datePublished\":\"2016-04-19T11:31:52+00:00\",\"dateModified\":\"2023-10-11T12:17:49+00:00\",\"breadcrumb\":{\"@id\":\"https:\/\/trialinternational.org\/fr\/engagez-vous\/devenez-membre\/#breadcrumb\"},\"inLanguage\":\"fr-FR\",\"potentialAction\":[{\"@type\":\"ReadAction\",\"target\":[\"https:\/\/trialinternational.org\/fr\/engagez-vous\/devenez-membre\/\"]}]},{\"@type\":\"BreadcrumbList\",\"@id\":\"https:\/\/trialinternational.org\/fr\/engagez-vous\/devenez-membre\/#breadcrumb\",\"itemListElement\":[{\"@type\":\"ListItem\",\"position\":1,\"name\":\"Home\",\"item\":\"https:\/\/trialinternational.org\/fr\/\"},{\"@type\":\"ListItem\",\"position\":2,\"name\":\"Engagez-vous\",\"item\":\"https:\/\/trialinternational.org\/fr\/engagez-vous\/\"},{\"@type\":\"ListItem\",\"position\":3,\"name\":\"Devenez membre\"}]},{\"@type\":\"WebSite\",\"@id\":\"https:\/\/trialinternational.org\/#website\",\"url\":\"https:\/\/trialinternational.org\/\",\"name\":\"TRIAL International\",\"description\":\"Une voie vers la justice\",\"potentialAction\":[{\"@type\":\"SearchAction\",\"target\":{\"@type\":\"EntryPoint\",\"urlTemplate\":\"https:\/\/trialinternational.org\/?s={search_term_string}\"},\"query-input\":{\"@type\":\"PropertyValueSpecification\",\"valueRequired\":true,\"valueName\":\"search_term_string\"}}],\"inLanguage\":\"fr-FR\"}]}<\/script>\n<!-- \/ Yoast SEO plugin. -->","yoast_head_json":{"title":"Devenez membre - TRIAL International","robots":{"index":"index","follow":"follow","max-snippet":"max-snippet:-1","max-image-preview":"max-image-preview:large","max-video-preview":"max-video-preview:-1"},"canonical":"https:\/\/trialinternational.org\/fr\/engagez-vous\/devenez-membre\/","og_locale":"fr_FR","og_type":"article","og_title":"Devenez membre - TRIAL International","og_description":"En devenant membre de TRIAL International, vous soutenez de mani\u00e8re durable la lutte contre l\u2019impunit\u00e9. L\u2019adh\u00e9sion est ouverte aux individus comme aux collectivit\u00e9s (ONG, paroisses, entreprises, etc.) En tant que membre, vous aurez la possibilit\u00e9 de participer \u00e0 l\u2019Assembl\u00e9e g\u00e9n\u00e9rale de TRIAL International, participant ainsi \u00e0 fa\u00e7onner le futur de l\u2019organisation. Vous recevrez \u00e9galement notre [&hellip;]","og_url":"https:\/\/trialinternational.org\/fr\/engagez-vous\/devenez-membre\/","og_site_name":"TRIAL International","article_publisher":"https:\/\/www.facebook.com\/trial.org","article_modified_time":"2023-10-11T12:17:49+00:00","twitter_card":"summary_large_image","twitter_site":"@Trial","twitter_misc":{"Dur\u00e9e de lecture estim\u00e9e":"1 minute"},"schema":{"@context":"https:\/\/schema.org","@graph":[{"@type":"WebPage","@id":"https:\/\/trialinternational.org\/fr\/engagez-vous\/devenez-membre\/","url":"https:\/\/trialinternational.org\/fr\/engagez-vous\/devenez-membre\/","name":"Devenez membre - TRIAL International","isPartOf":{"@id":"https:\/\/trialinternational.org\/#website"},"datePublished":"2016-04-19T11:31:52+00:00","dateModified":"2023-10-11T12:17:49+00:00","breadcrumb":{"@id":"https:\/\/trialinternational.org\/fr\/engagez-vous\/devenez-membre\/#breadcrumb"},"inLanguage":"fr-FR","potentialAction":[{"@type":"ReadAction","target":["https:\/\/trialinternational.org\/fr\/engagez-vous\/devenez-membre\/"]}]},{"@type":"BreadcrumbList","@id":"https:\/\/trialinternational.org\/fr\/engagez-vous\/devenez-membre\/#breadcrumb","itemListElement":[{"@type":"ListItem","position":1,"name":"Home","item":"https:\/\/trialinternational.org\/fr\/"},{"@type":"ListItem","position":2,"name":"Engagez-vous","item":"https:\/\/trialinternational.org\/fr\/engagez-vous\/"},{"@type":"ListItem","position":3,"name":"Devenez membre"}]},{"@type":"WebSite","@id":"https:\/\/trialinternational.org\/#website","url":"https:\/\/trialinternational.org\/","name":"TRIAL International","description":"Une voie vers la justice","potentialAction":[{"@type":"SearchAction","target":{"@type":"EntryPoint","urlTemplate":"https:\/\/trialinternational.org\/?s={search_term_string}"},"query-input":{"@type":"PropertyValueSpecification","valueRequired":true,"valueName":"search_term_string"}}],"inLanguage":"fr-FR"}]}},"_links":{"self":[{"href":"https:\/\/trialinternational.org\/fr\/wp-json\/wp\/v2\/pages\/640","targetHints":{"allow":["GET"]}}],"collection":[{"href":"https:\/\/trialinternational.org\/fr\/wp-json\/wp\/v2\/pages"}],"about":[{"href":"https:\/\/trialinternational.org\/fr\/wp-json\/wp\/v2\/types\/page"}],"author":[{"embeddable":true,"href":"https:\/\/trialinternational.org\/fr\/wp-json\/wp\/v2\/users\/31"}],"replies":[{"embeddable":true,"href":"https:\/\/trialinternational.org\/fr\/wp-json\/wp\/v2\/comments?post=640"}],"version-history":[{"count":0,"href":"https:\/\/trialinternational.org\/fr\/wp-json\/wp\/v2\/pages\/640\/revisions"}],"up":[{"embeddable":true,"href":"https:\/\/trialinternational.org\/fr\/wp-json\/wp\/v2\/pages\/620"}],"wp:attachment":[{"href":"https:\/\/trialinternational.org\/fr\/wp-json\/wp\/v2\/media?parent=640"}],"curies":[{"name":"wp","href":"https:\/\/api.w.org\/{rel}","templated":true}]}}